{"id":1326,"date":"2025-08-25T16:06:34","date_gmt":"2025-08-25T14:06:34","guid":{"rendered":"https:\/\/vozolpuff.de\/?post_type=product&#038;p=1326"},"modified":"2026-03-31T16:11:15","modified_gmt":"2026-03-31T14:11:15","slug":"vozol-gear-shisha-25000-watermelon-mint","status":"publish","type":"product","link":"https:\/\/vozolpuff.de\/pl\/produkt\/vozol-gear-shisha-25000-watermelon-mint\/","title":{"rendered":"Vozol Gear Shisha 25000 Watermelon Mint"},"content":{"rendered":"<h2 class=\"text-xl font-bold text-text-100 mt-1 -mb-0.5\">Vozol Gear Shisha 25000 Watermelon Mint jednorazowy vape<\/h2>\n<p class=\"whitespace-normal break-words\">Ciesz si\u0119 idealn\u0105 symbioz\u0105 soczystego arbuza i orze\u017awiaj\u0105cej mi\u0119ty dzi\u0119ki Vozol Gear Shisha 25000 Watermelon Mint. Ta orze\u017awiaj\u0105ca kombinacja smakowa zapewnia do 25 000 zaci\u0105gni\u0119\u0107 czystej letniej \u015bwie\u017co\u015bci w energooszcz\u0119dnym trybie Eco. Zaawansowany system podw\u00f3jnej siatki w trybie zasilania wzmacnia owocowy smak arbuza i zapewnia ch\u0142odz\u0105ce nuty mi\u0119ty przy ka\u017cdym wdechu.<\/p>\n<p class=\"whitespace-normal break-words\">Naukowo opracowana mechanika przep\u0142ywu systemu powietrznego zosta\u0142a specjalnie zaprojektowana dla entuzjast\u00f3w waporyzacji DTL i oferuje p\u0142ynne, mocne zaci\u0105gni\u0119cia. Dzi\u0119ki wytrzyma\u0142ej baterii o pojemno\u015bci 1000 mAh, pojemnemu zbiornikowi na e-liquid o pojemno\u015bci 24 ml i czytelnemu 2,1-calowemu kolorowemu wy\u015bwietlaczowi, to wysokiej klasy urz\u0105dzenie \u0142\u0105czy w sobie wydajno\u015b\u0107 i \u0142atwo\u015b\u0107 u\u017cytkowania.<\/p>\n<h3 class=\"text-lg font-bold text-text-100 mt-1 -mb-1.5\">Vozol Gear Shisha 25000 Watermelon Mint Cechy:<\/h3>\n<p class=\"whitespace-normal break-words\"><strong>Pojemno\u015b\u0107 akumulatora:<\/strong> 1000 mAh dla d\u0142ugotrwa\u0142ego u\u017cytkowania<br \/>\n<strong>Wariant Eco:<\/strong> Do 25 000 poci\u0105g\u00f3w<br \/>\n<strong>Wariant zasilania:<\/strong> Do 18 000 poci\u0105g\u00f3w<br \/>\n<strong>Poziom nikotyny:<\/strong> 5 mg\/ml dla optymalnego uderzenia w gard\u0142o<br \/>\n<strong>Tryb pary:<\/strong> DTL (Direct To Lung) dla maksymalnej produkcji pary<br \/>\n<strong>W\u0119\u017cownica grzewcza:<\/strong> Podw\u00f3jna siatka dla lepszego rozwoju smaku<br \/>\n<strong>Nowoczesna technologia:<\/strong> Interfejs audio do inteligentnego u\u017cytkowania<br \/>\n<strong>Technologia wy\u015bwietlania:<\/strong> 2,1-calowy kolorowy ekran u\u0142atwiaj\u0105cy obs\u0142ug\u0119<br \/>\n<strong>Regulacja powietrza:<\/strong> Regulowana wentylacja dla indywidualnych preferencji<\/p>\n<h3 class=\"text-lg font-bold text-text-100 mt-1 -mb-1.5\">Odkryj wi\u0119cej VOZOL VAPE na vozolpuff<\/h3>\n<p class=\"whitespace-normal break-words\">Odkryj wi\u0119cej wysokiej jako\u015bci e-papieros\u00f3w na naszej stronie <strong><a class=\"underline\" href=\"https:\/\/vozolpuff.de\/pl\/\">Strona g\u0142\u00f3wna<\/a><\/strong>zapoznaj si\u0119 z pe\u0142n\u0105 <strong><a class=\"underline\" href=\"https:\/\/vozolpuff.de\/pl\/product-category\/vozol-vape\/\">Kolekcja VOZOL VAPE<\/a><\/strong> lub przejrze\u0107 wszystkie dost\u0119pne <strong><a class=\"underline\" href=\"https:\/\/vozolpuff.de\/pl\/product-category\/vozol-vape\/vozol-gear-shisha-25000\/\">Vozol Gear Shisha 25000 smak\u00f3w<\/a><\/strong>.<\/p>","protected":false},"excerpt":{"rendered":"<p class=\"whitespace-normal break-words\">Jednorazowy waporyzator Vozol Gear Shisha 25000 Watermelon Mint \u0142\u0105czy soczystego arbuza z orze\u017awiaj\u0105c\u0105 mi\u0119t\u0105 w idealnej symbiozie. Do 25 000 zaci\u0105gni\u0119\u0107, bateria 1000 mAh, system podw\u00f3jnej siatki i wy\u015bwietlacz 2,1\u2033. DTL zoptymalizowany pod k\u0105tem orze\u017awiaj\u0105cej letniej \u015bwie\u017co\u015bci z ch\u0142odz\u0105cymi nutami mi\u0119ty.<\/p>","protected":false},"featured_media":1328,"comment_status":"open","ping_status":"closed","template":"","meta":{"_acf_changed":false},"product_brand":[],"product_cat":[34],"product_tag":[],"class_list":{"0":"post-1326","1":"product","2":"type-product","3":"status-publish","4":"has-post-thumbnail","6":"product_cat-vozol-gear-shisha-25000","8":"first","9":"instock","10":"shipping-taxable","11":"purchasable","12":"product-type-variable"},"acf":[],"_links":{"self":[{"href":"https:\/\/vozolpuff.de\/pl\/wp-json\/wp\/v2\/product\/1326","targetHints":{"allow":["GET"]}}],"collection":[{"href":"https:\/\/vozolpuff.de\/pl\/wp-json\/wp\/v2\/product"}],"about":[{"href":"https:\/\/vozolpuff.de\/pl\/wp-json\/wp\/v2\/types\/product"}],"replies":[{"embeddable":true,"href":"https:\/\/vozolpuff.de\/pl\/wp-json\/wp\/v2\/comments?post=1326"}],"wp:featuredmedia":[{"embeddable":true,"href":"https:\/\/vozolpuff.de\/pl\/wp-json\/wp\/v2\/media\/1328"}],"wp:attachment":[{"href":"https:\/\/vozolpuff.de\/pl\/wp-json\/wp\/v2\/media?parent=1326"}],"wp:term":[{"taxonomy":"product_brand","embeddable":true,"href":"https:\/\/vozolpuff.de\/pl\/wp-json\/wp\/v2\/product_brand?post=1326"},{"taxonomy":"product_cat","embeddable":true,"href":"https:\/\/vozolpuff.de\/pl\/wp-json\/wp\/v2\/product_cat?post=1326"},{"taxonomy":"product_tag","embeddable":true,"href":"https:\/\/vozolpuff.de\/pl\/wp-json\/wp\/v2\/product_tag?post=1326"}],"curies":[{"name":"wp","href":"https:\/\/api.w.org\/{rel}","templated":true}]}}