{"id":1330,"date":"2025-08-25T16:08:58","date_gmt":"2025-08-25T14:08:58","guid":{"rendered":"https:\/\/vozolpuff.de\/?post_type=product&#038;p=1330"},"modified":"2026-03-31T16:11:08","modified_gmt":"2026-03-31T14:11:08","slug":"vozol-gear-shisha-25000-blackberry-ice","status":"publish","type":"product","link":"https:\/\/vozolpuff.de\/pl\/produkt\/vozol-gear-shisha-25000-blackberry-ice\/","title":{"rendered":"Vozol Gear Shisha 25000 Blackberry Ice"},"content":{"rendered":"<h2 class=\"text-xl font-bold text-text-100 mt-1 -mb-0.5\">Vozol Gear Shisha 25000 Blackberry Ice jednorazowy vape<\/h2>\n<p class=\"whitespace-normal break-words\">Vozol Gear Shisha 25000 Blackberry Ice \u0142\u0105czy w sobie intensywn\u0105 s\u0142odycz ciemnych je\u017cyn z orze\u017awiaj\u0105cym ch\u0142odem, zapewniaj\u0105c wyj\u0105tkowe doznania podczas waporyzacji. Dzi\u0119ki imponuj\u0105cej \u017cywotno\u015bci 25 000 zaci\u0105gni\u0119\u0107 w ekonomicznym trybie eco, do\u015bwiadczysz d\u0142ugotrwa\u0142ej przyjemno\u015bci bez kompromis\u00f3w. Rewolucyjna technologia podw\u00f3jnej cewki siatkowej w trybie zasilania rozwija g\u0142\u0119bokie smaki je\u017cyn i zapewnia przyjemny efekt ch\u0142odzenia przy ka\u017cdym zaci\u0105gni\u0119ciu.<\/p>\n<p class=\"whitespace-normal break-words\">Precyzyjnie opracowany system przep\u0142ywu powietrza o w\u0142a\u015bciwo\u015bciach p\u0142ynno-dynamicznych jest zoptymalizowany dla vaper\u00f3w DTL i umo\u017cliwia delikatne, natychmiastowe inhalacje. Po\u0142\u0105czenie pot\u0119\u017cnej baterii 1000 mAh, du\u017cej pojemno\u015bci 24 ml i nowoczesnego 2,1-calowego wy\u015bwietlacza dotykowego sprawia, \u017ce to urz\u0105dzenie jest niezast\u0105pionym towarzyszem.<\/p>\n<h3 class=\"text-lg font-bold text-text-100 mt-1 -mb-1.5\">Vozol Gear Shisha 25000 Blackberry Ice Cechy:<\/h3>\n<p class=\"whitespace-normal break-words\"><strong>Dostawa energii:<\/strong> 1000 mAh dla d\u0142ugotrwa\u0142ych sesji<br \/>\n<strong>Ustawienie Eco:<\/strong> Do 25 000 poci\u0105g\u00f3w<br \/>\n<strong>Ustawienie mocy:<\/strong> Do 18 000 poci\u0105g\u00f3w<br \/>\n<strong>Zawarto\u015b\u0107 nikotyny:<\/strong> 5mg\/ml dla zadowalaj\u0105cych trafie\u0144<br \/>\n<strong>Rodzaj inhalacji:<\/strong> DTL (Direct To Lung) dla du\u017cych chmur<br \/>\n<strong>Konfiguracja cewki:<\/strong> Podw\u00f3jna siatka dla doskona\u0142ego transferu smaku<br \/>\n<strong>Inteligentne funkcje:<\/strong> Powiadomienia d\u017awi\u0119kowe dla intuicyjnej obs\u0142ugi<br \/>\n<strong>Wizualizacja:<\/strong> 2,1-calowy kolorowy wy\u015bwietlacz zapewniaj\u0105cy kompleksowy przegl\u0105d<br \/>\n<strong>Nat\u0119\u017cenie przep\u0142ywu powietrza:<\/strong> Regulowany dop\u0142yw powietrza dla niestandardowych przeci\u0105g\u00f3w<\/p>\n<h3 class=\"text-lg font-bold text-text-100 mt-1 -mb-1.5\">Odkryj wi\u0119cej VOZOL VAPE na vozolpuff<\/h3>\n<p class=\"whitespace-normal break-words\">Odkryj wi\u0119cej wysokiej jako\u015bci e-papieros\u00f3w na naszej stronie <strong><a class=\"underline\" href=\"https:\/\/vozolpuff.de\/pl\/\">Strona g\u0142\u00f3wna<\/a><\/strong>zapoznaj si\u0119 z pe\u0142n\u0105 <strong><a class=\"underline\" href=\"https:\/\/vozolpuff.de\/pl\/product-category\/vozol-vape\/\">Kolekcja VOZOL VAPE<\/a><\/strong> lub przejrze\u0107 wszystkie dost\u0119pne <strong><a class=\"underline\" href=\"https:\/\/vozolpuff.de\/pl\/product-category\/vozol-vape\/vozol-gear-shisha-25000\/\">Vozol Gear Shisha 25000 smak\u00f3w<\/a><\/strong>.<\/p>","protected":false},"excerpt":{"rendered":"<p class=\"whitespace-normal break-words\">Jednorazowy waporyzator Vozol Gear Shisha 25000 Blackberry Ice \u0142\u0105czy w sobie intensywn\u0105 s\u0142odycz ciemnych je\u017cyn z orze\u017awiaj\u0105cym ch\u0142odem. Do 25 000 zaci\u0105gni\u0119\u0107, bateria 1000 mAh, technologia podw\u00f3jnej cewki siatkowej i wy\u015bwietlacz 2,1\u2033. Zoptymalizowany pod k\u0105tem DTL dla wyj\u0105tkowych wra\u017ce\u0144 z waporyzacji z efektem ch\u0142odzenia.<\/p>\n<p class=\"whitespace-normal break-words\">","protected":false},"featured_media":1332,"comment_status":"open","ping_status":"closed","template":"","meta":{"_acf_changed":false},"product_brand":[],"product_cat":[34],"product_tag":[],"class_list":{"0":"post-1330","1":"product","2":"type-product","3":"status-publish","4":"has-post-thumbnail","6":"product_cat-vozol-gear-shisha-25000","8":"first","9":"instock","10":"shipping-taxable","11":"purchasable","12":"product-type-variable"},"acf":[],"_links":{"self":[{"href":"https:\/\/vozolpuff.de\/pl\/wp-json\/wp\/v2\/product\/1330","targetHints":{"allow":["GET"]}}],"collection":[{"href":"https:\/\/vozolpuff.de\/pl\/wp-json\/wp\/v2\/product"}],"about":[{"href":"https:\/\/vozolpuff.de\/pl\/wp-json\/wp\/v2\/types\/product"}],"replies":[{"embeddable":true,"href":"https:\/\/vozolpuff.de\/pl\/wp-json\/wp\/v2\/comments?post=1330"}],"wp:featuredmedia":[{"embeddable":true,"href":"https:\/\/vozolpuff.de\/pl\/wp-json\/wp\/v2\/media\/1332"}],"wp:attachment":[{"href":"https:\/\/vozolpuff.de\/pl\/wp-json\/wp\/v2\/media?parent=1330"}],"wp:term":[{"taxonomy":"product_brand","embeddable":true,"href":"https:\/\/vozolpuff.de\/pl\/wp-json\/wp\/v2\/product_brand?post=1330"},{"taxonomy":"product_cat","embeddable":true,"href":"https:\/\/vozolpuff.de\/pl\/wp-json\/wp\/v2\/product_cat?post=1330"},{"taxonomy":"product_tag","embeddable":true,"href":"https:\/\/vozolpuff.de\/pl\/wp-json\/wp\/v2\/product_tag?post=1330"}],"curies":[{"name":"wp","href":"https:\/\/api.w.org\/{rel}","templated":true}]}}