{"id":2167,"date":"2025-08-28T16:55:01","date_gmt":"2025-08-28T14:55:01","guid":{"rendered":"https:\/\/vozolpuff.de\/?post_type=product&#038;p=2167"},"modified":"2025-08-28T16:56:15","modified_gmt":"2025-08-28T14:56:15","slug":"randm-tornado-15000-peach-mango","status":"publish","type":"product","link":"https:\/\/vozolpuff.de\/pl\/produkt\/randm-tornado-15000-peach-mango\/","title":{"rendered":"RandM Tornado 15000 Peach Mango"},"content":{"rendered":"<h2 class=\"text-xl font-bold text-text-100 mt-1 -mb-0.5\">Jednorazowe vape RandM Tornado 15000 Peach Mango<\/h2>\n<p class=\"whitespace-normal break-words\">Do\u015bwiadcz doskona\u0142ej harmonii s\u0142odkich brzoskwi\u0144 i egzotycznego mango dzi\u0119ki RandM Tornado 15000 Peach Mango. Ten wysokiej jako\u015bci jednorazowy e-papieros zapewnia do 15 000 przyjemnych zaci\u0105gni\u0119\u0107 dzi\u0119ki pojemnemu zbiornikowi na e-liquid o pojemno\u015bci 25 ml. Dost\u0119pny w r\u00f3\u017cnych mocach nikotyny (0%, 2%, 3%, 5%) dla indywidualnej przyjemno\u015bci z waporyzacji.<\/p>\n<h3 class=\"text-lg font-bold text-text-100 mt-1 -mb-1.5\">Najwa\u017cniejsze parametry techniczne wariantu Peach Mango:<\/h3>\n<p class=\"whitespace-normal break-words\"><strong>Bateria o d\u0142ugiej \u017cywotno\u015bci 850 mAh:<\/strong> Akumulator o du\u017cej pojemno\u015bci gwarantuje niezawodne dzia\u0142anie przez ca\u0142y okres u\u017cytkowania i zapewnia sta\u0142\u0105 produkcj\u0119 pary do ostatniego zaci\u0105gni\u0119cia.<\/p>\n<p class=\"whitespace-normal break-words\"><strong>Zbiornik o du\u017cej pojemno\u015bci 25 ML:<\/strong> Rozszerzony zbiornik e-liquidu oferuje wystarczaj\u0105c\u0105 pojemno\u015b\u0107 do d\u0142ugotrwa\u0142ego cieszenia si\u0119 par\u0105 bez cz\u0119stych przerw.<\/p>\n<p class=\"whitespace-normal break-words\"><strong>Precyzyjna cewka siatkowa 0,90\u03a9:<\/strong> Innowacyjna technologia siatki zapewnia optymalny rozw\u00f3j smaku i r\u00f3wnomierne rozprowadzanie ciep\u0142a w celu uzyskania intensywnego smaku brzoskwinia-mango.<\/p>\n<p class=\"whitespace-normal break-words\"><strong>Szybkie \u0142adowanie typu C:<\/strong> Najnowocze\u015bniejsza technologia \u0142adowania umo\u017cliwia wydajne dostarczanie energii i minimalizuje czas oczekiwania.<\/p>\n<p class=\"whitespace-normal break-words\"><strong>Imponuj\u0105ca liczba 15 000 poci\u0105g\u00f3w:<\/strong> Maksymalna wydajno\u015b\u0107 zapewnia d\u0142ugotrwa\u0142\u0105 satysfakcj\u0119 bez kompromis\u00f3w w zakresie jako\u015bci i intensywno\u015bci smaku.<\/p>\n<p class=\"whitespace-normal break-words\"><strong>Dynamiczne o\u015bwietlenie RGB:<\/strong> Stylowe efekty \u015bwietlne podkre\u015blaj\u0105 wysokiej klasy wzornictwo i pe\u0142ni\u0105 funkcj\u0119 praktycznego wska\u017anika stanu.<\/p>\n<h3 class=\"text-lg font-bold text-text-100 mt-1 -mb-1.5\">Odkryj wi\u0119cej FUMOT VAPE na vozolpuff<\/h3>\n<p class=\"whitespace-normal break-words\">Odkryj wi\u0119cej najwy\u017cszej klasy produkt\u00f3w vapour w naszej ofercie <strong><a class=\"underline\" href=\"https:\/\/vozolpuff.de\/pl\/\">G\u0142\u00f3wny asortyment<\/a><\/strong>zapoznaj si\u0119 z pe\u0142n\u0105 <strong><a class=\"underline\" href=\"https:\/\/vozolpuff.de\/pl\/product-category\/fumot-vape\/\">Kolekcja FUMOT VAPE<\/a><\/strong> lub przejrze\u0107 wszystkie dost\u0119pne <strong><a class=\"underline\" href=\"https:\/\/vozolpuff.de\/pl\/product-category\/fumot-vape\/randm-tornado-15000\/\">RandM Tornado 15000 smak\u00f3w<\/a><\/strong> dla idealnego do\u015bwiadczenia pary.<\/p>","protected":false},"excerpt":{"rendered":"<p>Jednorazowy waporyzator RandM Tornado 15000 Peach Mango oferuje idealn\u0105 harmoni\u0119 s\u0142odkich brzoskwi\u0144 i egzotycznego mango. 15 000 zaci\u0105gni\u0119\u0107, zbiornik o pojemno\u015bci 25 ml, cewka siatkowa 0,90 \u03a9 i bateria 850 mAh z \u0142adowaniem typu C. W zestawie o\u015bwietlenie RGB.<\/p>","protected":false},"featured_media":2170,"comment_status":"open","ping_status":"closed","template":"","meta":{"_acf_changed":false},"product_brand":[],"product_cat":[44],"product_tag":[],"class_list":{"0":"post-2167","1":"product","2":"type-product","3":"status-publish","4":"has-post-thumbnail","6":"product_cat-randm-tornado-15000","8":"first","9":"instock","10":"shipping-taxable","11":"purchasable","12":"product-type-variable"},"acf":[],"_links":{"self":[{"href":"https:\/\/vozolpuff.de\/pl\/wp-json\/wp\/v2\/product\/2167","targetHints":{"allow":["GET"]}}],"collection":[{"href":"https:\/\/vozolpuff.de\/pl\/wp-json\/wp\/v2\/product"}],"about":[{"href":"https:\/\/vozolpuff.de\/pl\/wp-json\/wp\/v2\/types\/product"}],"replies":[{"embeddable":true,"href":"https:\/\/vozolpuff.de\/pl\/wp-json\/wp\/v2\/comments?post=2167"}],"wp:featuredmedia":[{"embeddable":true,"href":"https:\/\/vozolpuff.de\/pl\/wp-json\/wp\/v2\/media\/2170"}],"wp:attachment":[{"href":"https:\/\/vozolpuff.de\/pl\/wp-json\/wp\/v2\/media?parent=2167"}],"wp:term":[{"taxonomy":"product_brand","embeddable":true,"href":"https:\/\/vozolpuff.de\/pl\/wp-json\/wp\/v2\/product_brand?post=2167"},{"taxonomy":"product_cat","embeddable":true,"href":"https:\/\/vozolpuff.de\/pl\/wp-json\/wp\/v2\/product_cat?post=2167"},{"taxonomy":"product_tag","embeddable":true,"href":"https:\/\/vozolpuff.de\/pl\/wp-json\/wp\/v2\/product_tag?post=2167"}],"curies":[{"name":"wp","href":"https:\/\/api.w.org\/{rel}","templated":true}]}}