{"id":2177,"date":"2025-08-28T16:59:17","date_gmt":"2025-08-28T14:59:17","guid":{"rendered":"https:\/\/vozolpuff.de\/?post_type=product&#038;p=2177"},"modified":"2026-04-26T04:52:47","modified_gmt":"2026-04-26T02:52:47","slug":"randm-tornado-15000-dragon-fruit","status":"publish","type":"product","link":"https:\/\/vozolpuff.de\/pl\/produkt\/randm-tornado-15000-dragon-fruit\/","title":{"rendered":"RandM Tornado 15000 Dragon Fruit"},"content":{"rendered":"<h2 class=\"text-xl font-bold text-text-100 mt-1 -mb-0.5\">RandM Tornado 15000 Dragon Fruit jednorazowy vape<\/h2>\n<p class=\"whitespace-normal break-words\">Egzotyczny smak smoczego owocu RandM Tornado 15000 przeniesie Ci\u0119 w tropikalne klimaty. Dzi\u0119ki imponuj\u0105cej pojemno\u015bci 15 000 zaci\u0105gni\u0119\u0107 i wst\u0119pnie nape\u0142nionemu zbiornikowi o pojemno\u015bci 25 ml, ten jednorazowy e-papieros oferuje niezr\u00f3wnane wra\u017cenia z waporyzacji. Wybierz pomi\u0119dzy nikotyn\u0105 0%, 2%, 3% i 5%, aby dopasowa\u0107 j\u0105 do swoich osobistych preferencji.<\/p>\n<h3 class=\"text-lg font-bold text-text-100 mt-1 -mb-1.5\">Szczeg\u00f3\u0142owe specyfikacje Dragon Fruit:<\/h3>\n<p class=\"whitespace-normal break-words\"><strong>Wydajny akumulator o pojemno\u015bci 850 mAh:<\/strong> Wyposa\u017cony w najnowsz\u0105 technologi\u0119 baterii zapewniaj\u0105c\u0105 d\u0142ugotrwa\u0142\u0105 wydajno\u015b\u0107 i sta\u0142\u0105 jako\u015b\u0107 opar\u00f3w przez ca\u0142y okres u\u017cytkowania.<\/p>\n<p class=\"whitespace-normal break-words\"><strong>Pojemny pojemnik na e-liquid o pojemno\u015bci 25 ML:<\/strong> Du\u017ca pojemno\u015b\u0107 zapewnia d\u0142u\u017csze sesje waporyzacji bez przerw i konieczno\u015bci uzupe\u0142niania.<\/p>\n<p class=\"whitespace-normal break-words\"><strong>Wysokowydajna cewka siatkowa 0,90\u03a9:<\/strong> Zaawansowana technologia waporyzatora wydobywa pe\u0142en potencja\u0142 aromatu smoczego owocu i zapewnia intensywne doznania smakowe.<\/p>\n<p class=\"whitespace-normal break-words\"><strong>Port szybkiego \u0142adowania typu C:<\/strong> Przysz\u0142o\u015bciowa technologia \u0142adowania zapewniaj\u0105ca minimalny czas \u0142adowania i maksymaln\u0105 wygod\u0119 w codziennym \u017cyciu.<\/p>\n<p class=\"whitespace-normal break-words\"><strong>Gigantyczna pojemno\u015b\u0107 15 000 poci\u0105g\u00f3w:<\/strong> Wyj\u0105tkowy zasi\u0119g zapewniaj\u0105cy tygodnie przyjemno\u015bci z pary bez utraty jako\u015bci lub waha\u0144 smaku.<\/p>\n<p class=\"whitespace-normal break-words\"><strong>Spektakularny pokaz \u015bwietlny RGB:<\/strong> Kolorowe o\u015bwietlenie nadaje ka\u017cdemu poci\u0105gowi wyj\u0105tkowy charakter i s\u0142u\u017cy r\u00f3wnie\u017c jako inteligentny wy\u015bwietlacz operacyjny.<\/p>\n<h3 class=\"text-lg font-bold text-text-100 mt-1 -mb-1.5\">Odkryj wi\u0119cej FUMOT VAPE na vozolpuff<\/h3>\n<p class=\"whitespace-normal break-words\">Odkryj wi\u0119cej najwy\u017cszej klasy produkt\u00f3w vapour w naszej ofercie <strong><a class=\"underline\" href=\"https:\/\/vozolpuff.de\/pl\/\">G\u0142\u00f3wny asortyment<\/a><\/strong>zapoznaj si\u0119 z pe\u0142n\u0105 <strong><a class=\"underline\" href=\"https:\/\/vozolpuff.de\/pl\/product-category\/fumot-vape\/\">Kolekcja FUMOT VAPE<\/a><\/strong> lub przejrze\u0107 wszystkie dost\u0119pne <strong><a class=\"underline\" href=\"https:\/\/vozolpuff.de\/pl\/product-category\/fumot-vape\/randm-tornado-15000\/\">RandM Tornado 15000 smak\u00f3w<\/a><\/strong> dla idealnego do\u015bwiadczenia pary.<\/p>","protected":false},"excerpt":{"rendered":"<p>Jednorazowy waporyzator RandM Tornado 15000 Dragon Fruit przeniesie Ci\u0119 w tropikalne klimaty dzi\u0119ki egzotycznemu smakowi owoc\u00f3w smoka. 15 000 zaci\u0105gni\u0119\u0107, zbiornik o pojemno\u015bci 25 ml, cewka siatkowa 0,90 \u03a9 i bateria 850 mAh z \u0142adowaniem typu C. W zestawie pokaz \u015bwietlny RGB.<\/p>","protected":false},"featured_media":2180,"comment_status":"open","ping_status":"closed","template":"","meta":{"_acf_changed":false},"product_brand":[],"product_cat":[44],"product_tag":[],"class_list":{"0":"post-2177","1":"product","2":"type-product","3":"status-publish","4":"has-post-thumbnail","6":"product_cat-randm-tornado-15000","8":"first","9":"instock","10":"shipping-taxable","11":"purchasable","12":"product-type-variable"},"acf":[],"_links":{"self":[{"href":"https:\/\/vozolpuff.de\/pl\/wp-json\/wp\/v2\/product\/2177","targetHints":{"allow":["GET"]}}],"collection":[{"href":"https:\/\/vozolpuff.de\/pl\/wp-json\/wp\/v2\/product"}],"about":[{"href":"https:\/\/vozolpuff.de\/pl\/wp-json\/wp\/v2\/types\/product"}],"replies":[{"embeddable":true,"href":"https:\/\/vozolpuff.de\/pl\/wp-json\/wp\/v2\/comments?post=2177"}],"wp:featuredmedia":[{"embeddable":true,"href":"https:\/\/vozolpuff.de\/pl\/wp-json\/wp\/v2\/media\/2180"}],"wp:attachment":[{"href":"https:\/\/vozolpuff.de\/pl\/wp-json\/wp\/v2\/media?parent=2177"}],"wp:term":[{"taxonomy":"product_brand","embeddable":true,"href":"https:\/\/vozolpuff.de\/pl\/wp-json\/wp\/v2\/product_brand?post=2177"},{"taxonomy":"product_cat","embeddable":true,"href":"https:\/\/vozolpuff.de\/pl\/wp-json\/wp\/v2\/product_cat?post=2177"},{"taxonomy":"product_tag","embeddable":true,"href":"https:\/\/vozolpuff.de\/pl\/wp-json\/wp\/v2\/product_tag?post=2177"}],"curies":[{"name":"wp","href":"https:\/\/api.w.org\/{rel}","templated":true}]}}