{"id":2187,"date":"2025-08-28T17:06:46","date_gmt":"2025-08-28T15:06:46","guid":{"rendered":"https:\/\/vozolpuff.de\/?post_type=product&#038;p=2187"},"modified":"2025-08-28T17:07:34","modified_gmt":"2025-08-28T15:07:34","slug":"randm-tornado-15000-strawberry-grape","status":"publish","type":"product","link":"https:\/\/vozolpuff.de\/pl\/produkt\/randm-tornado-15000-strawberry-grape\/","title":{"rendered":"RandM Tornado 15000 Strawberry Grape"},"content":{"rendered":"<h2 class=\"text-xl font-bold text-text-100 mt-1 -mb-0.5\">RandM Tornado 15000 Strawberry Grape jednorazowy vape<\/h2>\n<p class=\"whitespace-normal break-words\">Ciesz si\u0119 kusz\u0105cym po\u0142\u0105czeniem soczystych truskawek i dojrza\u0142ych winogron dzi\u0119ki RandM Tornado 15000 Strawberry Grape. Ten wysokiej jako\u015bci jednorazowy e-papieros \u0142\u0105czy w sobie owocowy smak i elegancj\u0119 w kompaktowej obudowie. Dzi\u0119ki 15 000 zaci\u0105gni\u0119\u0107 i zbiornikowi o pojemno\u015bci 25 ml oferuje d\u0142ugotrwa\u0142\u0105 przyjemno\u015b\u0107 w mocach nikotyny 0%, 2%, 3% i 5%.<\/p>\n<h3 class=\"text-lg font-bold text-text-100 mt-1 -mb-1.5\">Strawberry Grape Charakterystyka wydajno\u015bci:<\/h3>\n<p class=\"whitespace-normal break-words\"><strong>Niezawodna bateria 850 mAh:<\/strong> Solidne \u017ar\u00f3d\u0142o energii gwarantuje sta\u0142\u0105 moc wyj\u015bciow\u0105 i zapewnia sta\u0142\u0105 produkcj\u0119 pary przez ca\u0142y okres u\u017cytkowania.<\/p>\n<p class=\"whitespace-normal break-words\"><strong>Rozszerzony magazyn cieczy o pojemno\u015bci 25 ML:<\/strong> Du\u017ca pojemno\u015b\u0107 umo\u017cliwia wiele godzin przyjemno\u015bci z waporyzacji bez irytuj\u0105cych przerw lub prac konserwacyjnych.<\/p>\n<p class=\"whitespace-normal break-words\"><strong>Zoptymalizowana cewka o oczkach 0,90\u03a9:<\/strong> Specjalnie opracowana technologia waporyzatora maksymalizuje wydajno\u015b\u0107 aromatu i zapewnia autentyczny smak Strawberry Grape.<\/p>\n<p class=\"whitespace-normal break-words\"><strong>Wydajne po\u0142\u0105czenie typu C:<\/strong> Nowoczesny interfejs \u0142adowania gwarantuje szybkie \u0142adowanie baterii i redukuje przestoje do absolutnego minimum.<\/p>\n<p class=\"whitespace-normal break-words\"><strong>Imponuj\u0105ca moc 15 000 zaci\u0105gni\u0119\u0107:<\/strong> Wyj\u0105tkowa trwa\u0142o\u015b\u0107 dla wyd\u0142u\u017conych faz pary bez uszczerbku dla jako\u015bci smaku lub g\u0119sto\u015bci pary.<\/p>\n<p class=\"whitespace-normal break-words\"><strong>\u017bywe pod\u015bwietlenie RGB:<\/strong> Atrakcyjne schematy kolor\u00f3w stanowi\u0105 wizualne akcenty i dostarczaj\u0105 wiarygodnych informacji o aktualnym stanie urz\u0105dzenia.<\/p>\n<h3 class=\"text-lg font-bold text-text-100 mt-1 -mb-1.5\">Odkryj wi\u0119cej FUMOT VAPE na vozolpuff<\/h3>\n<p class=\"whitespace-normal break-words\">Odkryj wi\u0119cej najwy\u017cszej klasy produkt\u00f3w vapour w naszej ofercie <strong><a class=\"underline\" href=\"https:\/\/vozolpuff.de\/pl\/\">G\u0142\u00f3wny asortyment<\/a><\/strong>zapoznaj si\u0119 z pe\u0142n\u0105 <strong><a class=\"underline\" href=\"https:\/\/vozolpuff.de\/pl\/product-category\/fumot-vape\/\">Kolekcja FUMOT VAPE<\/a><\/strong> lub przejrze\u0107 wszystkie dost\u0119pne <strong><a class=\"underline\" href=\"https:\/\/vozolpuff.de\/pl\/product-category\/fumot-vape\/randm-tornado-15000\/\">RandM Tornado 15000 smak\u00f3w<\/a><\/strong> dla idealnego do\u015bwiadczenia pary.<\/p>","protected":false},"excerpt":{"rendered":"<div>\n<div class=\"grid-cols-1 grid gap-2.5 [&amp;_&gt;_*]:min-w-0 !gap-3.5\">\n<div>\n<div class=\"grid-cols-1 grid gap-2.5 [&amp;_&gt;_*]:min-w-0 !gap-3.5\">\n<p class=\"whitespace-normal break-words\">Die RandM Tornado 15000 Strawberry Grape Einweg-Vape kombiniert s\u00fc\u00dfe Erdbeeren mit saftigen Trauben. Mit 15.000 Z\u00fcgen, 25ml Tank, 850mAh Akku und RGB-Beleuchtung bietet sie langanhaltenden Dampfgenuss. Erh\u00e4ltlich in 0%, 2%, 3% und 5% Nikotin.<\/p>\n<\/div>\n<\/div>\n<div class=\"h-8\"><\/div>\n<\/div>\n<\/div>\n<div class=\"h-8\"><\/div>\n","protected":false},"featured_media":2190,"comment_status":"open","ping_status":"closed","template":"","meta":{"_acf_changed":false},"product_brand":[],"product_cat":[44],"product_tag":[],"class_list":{"0":"post-2187","1":"product","2":"type-product","3":"status-publish","4":"has-post-thumbnail","6":"product_cat-randm-tornado-15000","8":"first","9":"instock","10":"shipping-taxable","11":"purchasable","12":"product-type-variable"},"acf":[],"_links":{"self":[{"href":"https:\/\/vozolpuff.de\/pl\/wp-json\/wp\/v2\/product\/2187","targetHints":{"allow":["GET"]}}],"collection":[{"href":"https:\/\/vozolpuff.de\/pl\/wp-json\/wp\/v2\/product"}],"about":[{"href":"https:\/\/vozolpuff.de\/pl\/wp-json\/wp\/v2\/types\/product"}],"replies":[{"embeddable":true,"href":"https:\/\/vozolpuff.de\/pl\/wp-json\/wp\/v2\/comments?post=2187"}],"wp:featuredmedia":[{"embeddable":true,"href":"https:\/\/vozolpuff.de\/pl\/wp-json\/wp\/v2\/media\/2190"}],"wp:attachment":[{"href":"https:\/\/vozolpuff.de\/pl\/wp-json\/wp\/v2\/media?parent=2187"}],"wp:term":[{"taxonomy":"product_brand","embeddable":true,"href":"https:\/\/vozolpuff.de\/pl\/wp-json\/wp\/v2\/product_brand?post=2187"},{"taxonomy":"product_cat","embeddable":true,"href":"https:\/\/vozolpuff.de\/pl\/wp-json\/wp\/v2\/product_cat?post=2187"},{"taxonomy":"product_tag","embeddable":true,"href":"https:\/\/vozolpuff.de\/pl\/wp-json\/wp\/v2\/product_tag?post=2187"}],"curies":[{"name":"wp","href":"https:\/\/api.w.org\/{rel}","templated":true}]}}