{"id":2197,"date":"2025-08-28T17:15:34","date_gmt":"2025-08-28T15:15:34","guid":{"rendered":"https:\/\/vozolpuff.de\/?post_type=product&#038;p=2197"},"modified":"2025-08-28T17:15:34","modified_gmt":"2025-08-28T15:15:34","slug":"randm-tornado-15000-mr-blue","status":"publish","type":"product","link":"https:\/\/vozolpuff.de\/pl\/produkt\/randm-tornado-15000-mr-blue\/","title":{"rendered":"RandM Tornado 15000 Mr Blue"},"content":{"rendered":"<h2 class=\"text-xl font-bold text-text-100 mt-1 -mb-0.5\">RandM Tornado 15000 Mr Blue jednorazowy vape<\/h2>\n<p class=\"whitespace-normal break-words\">Zanurz si\u0119 w tajemniczym \u015bwiecie Mr Blue z RandM Tornado 15000. Ta niezwyk\u0142a kompozycja smakowa oferuje wyj\u0105tkowe doznania podczas waporyzacji do 15 000 zaci\u0105gni\u0119\u0107. Pojemny zbiornik e-liquidu o pojemno\u015bci 25 ml i wyb\u00f3r nikotyny 0%, 2%, 3% i 5% sprawiaj\u0105, \u017ce ten jednorazowy e-papieros jest idealnym towarzyszem.<\/p>\n<h3 class=\"text-lg font-bold text-text-100 mt-1 -mb-1.5\">Szczeg\u00f3\u0142y wyposa\u017cenia Mr Blue:<\/h3>\n<p class=\"whitespace-normal break-words\"><strong>Wydajna bateria o pojemno\u015bci 850 mAh:<\/strong> Technologia akumulator\u00f3w klasy premium zapewnia sta\u0142\u0105, stabiln\u0105 energi\u0119 i gwarantuje optymaln\u0105 funkcjonalno\u015b\u0107 a\u017c do ca\u0142kowitego roz\u0142adowania akumulatora.<\/p>\n<p class=\"whitespace-normal break-words\"><strong>Zbiornik o du\u017cej pojemno\u015bci 25 ML:<\/strong> Odpowiednio zwymiarowany zbiornik zapewnia maksymaln\u0105 przyjemno\u015b\u0107 z opar\u00f3w bez cz\u0119stych przerw i konserwacji.<\/p>\n<p class=\"whitespace-normal break-words\"><strong>Specjalna cewka siatkowa 0,90\u03a9:<\/strong> Precyzyjnie wykonane elementy grzewcze wydobywaj\u0105 charakterystyczne niuanse aromatu Mr Blue i zapewniaj\u0105 doskona\u0142y smak.<\/p>\n<p class=\"whitespace-normal break-words\"><strong>Port zasilania typu C:<\/strong> Najnowocze\u015bniejsza technologia \u0142adowania umo\u017cliwia b\u0142yskawiczn\u0105 absorpcj\u0119 energii i minimalizuje bezproduktywne okresy oczekiwania.<\/p>\n<p class=\"whitespace-normal break-words\"><strong>Monumentalne 15 000 ruch\u00f3w wytrzyma\u0142o\u015bci:<\/strong> Imponuj\u0105ca pojemno\u015b\u0107 do d\u0142ugotrwa\u0142ego u\u017cytkowania bez utraty obj\u0119to\u015bci pary lub intensywno\u015bci smaku.<\/p>\n<p class=\"whitespace-normal break-words\"><strong>Wielokolorowy system RGB:<\/strong> Innowacyjna technologia o\u015bwietlenia tworzy nastrojowy klimat i dzia\u0142a jako precyzyjny wska\u017anik dzia\u0142ania.<\/p>\n<h3 class=\"text-lg font-bold text-text-100 mt-1 -mb-1.5\">Odkryj wi\u0119cej FUMOT VAPE na vozolpuff<\/h3>\n<p class=\"whitespace-normal break-words\">Odkryj wi\u0119cej najwy\u017cszej klasy produkt\u00f3w vapour w naszej ofercie <strong><a class=\"underline\" href=\"https:\/\/vozolpuff.de\/pl\/\">G\u0142\u00f3wny asortyment<\/a><\/strong>zapoznaj si\u0119 z pe\u0142n\u0105 <strong><a class=\"underline\" href=\"https:\/\/vozolpuff.de\/pl\/product-category\/fumot-vape\/\">Kolekcja FUMOT VAPE<\/a><\/strong> lub przejrze\u0107 wszystkie dost\u0119pne <strong><a class=\"underline\" href=\"https:\/\/vozolpuff.de\/pl\/product-category\/fumot-vape\/randm-tornado-15000\/\">RandM Tornado 15000 smak\u00f3w<\/a><\/strong> dla idealnego do\u015bwiadczenia pary.<\/p>","protected":false},"excerpt":{"rendered":"<div>\n<div class=\"grid-cols-1 grid gap-2.5 [&amp;_&gt;_*]:min-w-0 !gap-3.5\">\n<p class=\"whitespace-normal break-words\">Die RandM Tornado 15000 Mr Blue Einweg-Vape bietet ein geheimnisvolles Geschmackserlebnis. Mit 15.000 Z\u00fcgen, 25ml Tank, 850mAh Akku und RGB-Beleuchtung sorgt sie f\u00fcr langanhaltenden Dampfgenuss. Erh\u00e4ltlich in 0%, 2%, 3% und 5% Nikotin.<\/p>\n<\/div>\n<\/div>\n<div class=\"h-8\"><\/div>\n","protected":false},"featured_media":2200,"comment_status":"open","ping_status":"closed","template":"","meta":{"_acf_changed":false},"product_brand":[],"product_cat":[44],"product_tag":[],"class_list":{"0":"post-2197","1":"product","2":"type-product","3":"status-publish","4":"has-post-thumbnail","6":"product_cat-randm-tornado-15000","8":"first","9":"instock","10":"shipping-taxable","11":"purchasable","12":"product-type-variable"},"acf":[],"_links":{"self":[{"href":"https:\/\/vozolpuff.de\/pl\/wp-json\/wp\/v2\/product\/2197","targetHints":{"allow":["GET"]}}],"collection":[{"href":"https:\/\/vozolpuff.de\/pl\/wp-json\/wp\/v2\/product"}],"about":[{"href":"https:\/\/vozolpuff.de\/pl\/wp-json\/wp\/v2\/types\/product"}],"replies":[{"embeddable":true,"href":"https:\/\/vozolpuff.de\/pl\/wp-json\/wp\/v2\/comments?post=2197"}],"wp:featuredmedia":[{"embeddable":true,"href":"https:\/\/vozolpuff.de\/pl\/wp-json\/wp\/v2\/media\/2200"}],"wp:attachment":[{"href":"https:\/\/vozolpuff.de\/pl\/wp-json\/wp\/v2\/media?parent=2197"}],"wp:term":[{"taxonomy":"product_brand","embeddable":true,"href":"https:\/\/vozolpuff.de\/pl\/wp-json\/wp\/v2\/product_brand?post=2197"},{"taxonomy":"product_cat","embeddable":true,"href":"https:\/\/vozolpuff.de\/pl\/wp-json\/wp\/v2\/product_cat?post=2197"},{"taxonomy":"product_tag","embeddable":true,"href":"https:\/\/vozolpuff.de\/pl\/wp-json\/wp\/v2\/product_tag?post=2197"}],"curies":[{"name":"wp","href":"https:\/\/api.w.org\/{rel}","templated":true}]}}