{"id":2207,"date":"2025-08-28T17:18:42","date_gmt":"2025-08-28T15:18:42","guid":{"rendered":"https:\/\/vozolpuff.de\/?post_type=product&#038;p=2207"},"modified":"2025-08-28T17:18:43","modified_gmt":"2025-08-28T15:18:43","slug":"randm-tornado-15000-lush-ice","status":"publish","type":"product","link":"https:\/\/vozolpuff.de\/pl\/produkt\/randm-tornado-15000-lush-ice\/","title":{"rendered":"RandM Tornado 15000 Lush Ice"},"content":{"rendered":"<h2 class=\"text-xl font-bold text-text-100 mt-1 -mb-0.5\">RandM Tornado 15000 Lush Ice jednorazowy vape<\/h2>\n<p class=\"whitespace-normal break-words\">Od\u015bwie\u017c si\u0119 dzi\u0119ki RandM Tornado 15000 Lush Ice - orze\u017awiaj\u0105cemu po\u0142\u0105czeniu s\u0142odkiego arbuza i intensywnego mentolu. Ten ch\u0142odz\u0105cy jednorazowy e-papieros oferuje do 15 000 orze\u017awiaj\u0105cych zaci\u0105gni\u0119\u0107 ze zbiornika o pojemno\u015bci 25 ml. Dost\u0119pny w mocach nikotyny 0%, 2%, 3% i 5%, aby zaspokoi\u0107 wszystkie gusta.<\/p>\n<h3 class=\"text-lg font-bold text-text-100 mt-1 -mb-1.5\">Cechy techniczne Lush Ice:<\/h3>\n<p class=\"whitespace-normal break-words\"><strong>D\u0142ugotrwa\u0142a bateria 850 mAh:<\/strong> Wydajne ogniwo energetyczne zapewnia ci\u0105g\u0142e ch\u0142odzenie i sta\u0142\u0105 wydajno\u015b\u0107 przez ca\u0142y okres u\u017cytkowania produktu.<\/p>\n<p class=\"whitespace-normal break-words\"><strong>Przestronny zbiornik o pojemno\u015bci 25 ML:<\/strong> Du\u017ca pojemno\u015b\u0107 liquidu gwarantuje d\u0142ugotrwa\u0142e orze\u017awienie bez przerywania przyjemno\u015bci z waporyzacji.<\/p>\n<p class=\"whitespace-normal break-words\"><strong>Zoptymalizowana pod k\u0105tem niskich temperatur cewka o oczkach 0,90\u03a9:<\/strong> Specjalnie dostosowana technologia waporyzatora wzmacnia efekt mentolu i zapewnia autentyczne doznania Lush Ice.<\/p>\n<p class=\"whitespace-normal break-words\"><strong>\u0141adowanie Turbo Type-C:<\/strong> Rewolucyjna technologia szybkiego \u0142adowania drastycznie skraca cykle \u0142adowania i maksymalizuje dost\u0119pny czas parowania.<\/p>\n<p class=\"whitespace-normal break-words\"><strong>Kolosalny zasi\u0119g 15 000 poci\u0105g\u00f3w:<\/strong> Wyj\u0105tkowa wydajno\u015b\u0107 zapewniaj\u0105ca tygodnie orze\u017awienia bez utraty jako\u015bci lub ch\u0142odzenia.<\/p>\n<p class=\"whitespace-normal break-words\"><strong>Pryzmatyczne efekty RGB:<\/strong> Imponuj\u0105ce efekty \u015bwietlne podkre\u015blaj\u0105 lodowy motyw i niezawodnie sygnalizuj\u0105 stan pracy.<\/p>\n<h3 class=\"text-lg font-bold text-text-100 mt-1 -mb-1.5\">Odkryj wi\u0119cej FUMOT VAPE na vozolpuff<\/h3>\n<p class=\"whitespace-normal break-words\">Odkryj wi\u0119cej najwy\u017cszej klasy produkt\u00f3w vapour w naszej ofercie <strong><a class=\"underline\" href=\"https:\/\/vozolpuff.de\/pl\/\">G\u0142\u00f3wny asortyment<\/a><\/strong>zapoznaj si\u0119 z pe\u0142n\u0105 <strong><a class=\"underline\" href=\"https:\/\/vozolpuff.de\/pl\/product-category\/fumot-vape\/\">Kolekcja FUMOT VAPE<\/a><\/strong> lub przejrze\u0107 wszystkie dost\u0119pne <strong><a class=\"underline\" href=\"https:\/\/vozolpuff.de\/pl\/product-category\/fumot-vape\/randm-tornado-15000\/\">RandM Tornado 15000 smak\u00f3w<\/a><\/strong> dla idealnego do\u015bwiadczenia pary.<\/p>","protected":false},"excerpt":{"rendered":"<div>\n<div class=\"grid-cols-1 grid gap-2.5 [&amp;_&gt;_*]:min-w-0 !gap-3.5\">\n<p class=\"whitespace-normal break-words\">Die RandM Tornado 15000 Lush Ice Einweg-Vape kombiniert s\u00fc\u00dfe Wassermelone mit intensivem Menthol-Kick. Mit 15.000 Z\u00fcgen, 25ml Tank, 850mAh Akku und RGB-Beleuchtung bietet sie erfrischenden Dampfgenuss. Erh\u00e4ltlich in 0%, 2%, 3% und 5% Nikotin.<\/p>\n<\/div>\n<\/div>\n<div class=\"h-8\"><\/div>\n","protected":false},"featured_media":2210,"comment_status":"open","ping_status":"closed","template":"","meta":{"_acf_changed":false},"product_brand":[],"product_cat":[44],"product_tag":[],"class_list":{"0":"post-2207","1":"product","2":"type-product","3":"status-publish","4":"has-post-thumbnail","6":"product_cat-randm-tornado-15000","8":"first","9":"instock","10":"shipping-taxable","11":"purchasable","12":"product-type-variable"},"acf":[],"_links":{"self":[{"href":"https:\/\/vozolpuff.de\/pl\/wp-json\/wp\/v2\/product\/2207","targetHints":{"allow":["GET"]}}],"collection":[{"href":"https:\/\/vozolpuff.de\/pl\/wp-json\/wp\/v2\/product"}],"about":[{"href":"https:\/\/vozolpuff.de\/pl\/wp-json\/wp\/v2\/types\/product"}],"replies":[{"embeddable":true,"href":"https:\/\/vozolpuff.de\/pl\/wp-json\/wp\/v2\/comments?post=2207"}],"wp:featuredmedia":[{"embeddable":true,"href":"https:\/\/vozolpuff.de\/pl\/wp-json\/wp\/v2\/media\/2210"}],"wp:attachment":[{"href":"https:\/\/vozolpuff.de\/pl\/wp-json\/wp\/v2\/media?parent=2207"}],"wp:term":[{"taxonomy":"product_brand","embeddable":true,"href":"https:\/\/vozolpuff.de\/pl\/wp-json\/wp\/v2\/product_brand?post=2207"},{"taxonomy":"product_cat","embeddable":true,"href":"https:\/\/vozolpuff.de\/pl\/wp-json\/wp\/v2\/product_cat?post=2207"},{"taxonomy":"product_tag","embeddable":true,"href":"https:\/\/vozolpuff.de\/pl\/wp-json\/wp\/v2\/product_tag?post=2207"}],"curies":[{"name":"wp","href":"https:\/\/api.w.org\/{rel}","templated":true}]}}