{"id":2227,"date":"2025-08-28T17:25:11","date_gmt":"2025-08-28T15:25:11","guid":{"rendered":"https:\/\/vozolpuff.de\/?post_type=product&#038;p=2227"},"modified":"2025-08-28T17:25:11","modified_gmt":"2025-08-28T15:25:11","slug":"randm-tornado-15000-strawberry-kiwi","status":"publish","type":"product","link":"https:\/\/vozolpuff.de\/pl\/produkt\/randm-tornado-15000-strawberry-kiwi\/","title":{"rendered":"RandM Tornado 15000 Strawberry Kiwi"},"content":{"rendered":"<h2 class=\"text-xl font-bold text-text-100 mt-1 -mb-0.5\">Jednorazowe vape RandM Tornado 15000 Strawberry Kiwi<\/h2>\n<p class=\"whitespace-normal break-words\">Uwied\u017a swoje kubki smakowe harmonijnym po\u0142\u0105czeniem czerwonych truskawek i cierpkiego kiwi w RandM Tornado 15000 Strawberry Kiwi. Ten owocowy jednorazowy e-papieros \u0142\u0105czy w sobie s\u0142odycz i kwaskowato\u015b\u0107, tworz\u0105c zr\u00f3wnowa\u017cone doznania smakowe. Posiada 15 000 zaci\u0105gni\u0119\u0107 i pojemno\u015b\u0107 25 ml, dost\u0119pny w wersjach 0%, 2%, 3% i 5%.<\/p>\n<h3 class=\"text-lg font-bold text-text-100 mt-1 -mb-1.5\">Truskawka Kiwi W\u0142a\u015bciwo\u015bci produktu:<\/h3>\n<p class=\"whitespace-normal break-words\"><strong>Wytrzyma\u0142y akumulator o pojemno\u015bci 850 mAh:<\/strong> Niezawodne \u017ar\u00f3d\u0142o zasilania zapewnia ci\u0105g\u0142\u0105 produkcj\u0119 pary i zachowuje \u015bwie\u017co\u015b\u0107 owocowych smak\u00f3w przez ca\u0142y okres u\u017cytkowania.<\/p>\n<p class=\"whitespace-normal break-words\"><strong>Pojemny zbiornik na p\u0142yn o pojemno\u015bci 25 ML:<\/strong> Pojemny zbiornik pozwala na d\u0142ugie sesje delektowania si\u0119 owocami bez konieczno\u015bci robienia przerw lub serwisowania.<\/p>\n<p class=\"whitespace-normal break-words\"><strong>Cewka siatkowa 0,90\u03a9 poprawiaj\u0105ca smak:<\/strong> Precyzyjnie skalibrowana technologia waporyzacji wzmacnia naturalne nuty Strawberry Kiwi i zapewnia autentyczne doznania smakowe.<\/p>\n<p class=\"whitespace-normal break-words\"><strong>Szybki interfejs typu C:<\/strong> Zaawansowana technologia \u0142adowania redukuje przestoje do minimum i optymalizuje dost\u0119pny czas pracy.<\/p>\n<p class=\"whitespace-normal break-words\"><strong>Fenomenalna moc 15 000 zaci\u0105gni\u0119\u0107:<\/strong> Wyj\u0105tkowa pojemno\u015b\u0107 pozwala cieszy\u0107 si\u0119 owocami przez d\u0142ugi czas bez uszczerbku dla czysto\u015bci smaku i jako\u015bci pary.<\/p>\n<p class=\"whitespace-normal break-words\"><strong>Jasna technologia RGB:<\/strong> Dynamiczne efekty kolorystyczne zapewniaj\u0105 \u017cywe wra\u017cenia z waporyzacji i dostarczaj\u0105 precyzyjnych informacji o wszystkich stanach urz\u0105dzenia.<\/p>\n<h3 class=\"text-lg font-bold text-text-100 mt-1 -mb-1.5\">Odkryj wi\u0119cej FUMOT VAPE na vozolpuff<\/h3>\n<p class=\"whitespace-normal break-words\">Odkryj wi\u0119cej najwy\u017cszej klasy produkt\u00f3w vapour w naszej ofercie <strong><a class=\"underline\" href=\"https:\/\/vozolpuff.de\/pl\/\">G\u0142\u00f3wny asortyment<\/a><\/strong>zapoznaj si\u0119 z pe\u0142n\u0105 <strong><a class=\"underline\" href=\"https:\/\/vozolpuff.de\/pl\/product-category\/fumot-vape\/\">Kolekcja FUMOT VAPE<\/a><\/strong> lub przejrze\u0107 wszystkie dost\u0119pne <strong><a class=\"underline\" href=\"https:\/\/vozolpuff.de\/pl\/product-category\/fumot-vape\/randm-tornado-15000\/\">RandM Tornado 15000 smak\u00f3w<\/a><\/strong> dla idealnego do\u015bwiadczenia pary.<\/p>","protected":false},"excerpt":{"rendered":"<div>\n<div class=\"grid-cols-1 grid gap-2.5 [&amp;_&gt;_*]:min-w-0 !gap-3.5\">\n<p class=\"whitespace-normal break-words\">Die RandM Tornado 15000 Strawberry Kiwi Einweg-Vape vereint s\u00fc\u00dfe Erdbeeren mit s\u00e4uerlichen Kiwis zu einem ausgewogenen Geschmackserlebnis. Mit 15.000 Z\u00fcgen, 25ml Tank, 850mAh Akku und RGB-Beleuchtung. Erh\u00e4ltlich in 0%, 2%, 3% und 5% Nikotin.<\/p>\n<\/div>\n<\/div>\n<div class=\"h-8\"><\/div>\n","protected":false},"featured_media":2230,"comment_status":"open","ping_status":"closed","template":"","meta":{"_acf_changed":false},"product_brand":[],"product_cat":[44],"product_tag":[],"class_list":{"0":"post-2227","1":"product","2":"type-product","3":"status-publish","4":"has-post-thumbnail","6":"product_cat-randm-tornado-15000","8":"first","9":"instock","10":"shipping-taxable","11":"purchasable","12":"product-type-variable"},"acf":[],"_links":{"self":[{"href":"https:\/\/vozolpuff.de\/pl\/wp-json\/wp\/v2\/product\/2227","targetHints":{"allow":["GET"]}}],"collection":[{"href":"https:\/\/vozolpuff.de\/pl\/wp-json\/wp\/v2\/product"}],"about":[{"href":"https:\/\/vozolpuff.de\/pl\/wp-json\/wp\/v2\/types\/product"}],"replies":[{"embeddable":true,"href":"https:\/\/vozolpuff.de\/pl\/wp-json\/wp\/v2\/comments?post=2227"}],"wp:featuredmedia":[{"embeddable":true,"href":"https:\/\/vozolpuff.de\/pl\/wp-json\/wp\/v2\/media\/2230"}],"wp:attachment":[{"href":"https:\/\/vozolpuff.de\/pl\/wp-json\/wp\/v2\/media?parent=2227"}],"wp:term":[{"taxonomy":"product_brand","embeddable":true,"href":"https:\/\/vozolpuff.de\/pl\/wp-json\/wp\/v2\/product_brand?post=2227"},{"taxonomy":"product_cat","embeddable":true,"href":"https:\/\/vozolpuff.de\/pl\/wp-json\/wp\/v2\/product_cat?post=2227"},{"taxonomy":"product_tag","embeddable":true,"href":"https:\/\/vozolpuff.de\/pl\/wp-json\/wp\/v2\/product_tag?post=2227"}],"curies":[{"name":"wp","href":"https:\/\/api.w.org\/{rel}","templated":true}]}}