{"id":2237,"date":"2025-08-28T17:28:29","date_gmt":"2025-08-28T15:28:29","guid":{"rendered":"https:\/\/vozolpuff.de\/?post_type=product&#038;p=2237"},"modified":"2025-08-28T17:28:29","modified_gmt":"2025-08-28T15:28:29","slug":"randm-tornado-15000-kiwi-passion-fruit-guava","status":"publish","type":"product","link":"https:\/\/vozolpuff.de\/pl\/produkt\/randm-tornado-15000-kiwi-passion-fruit-guava\/","title":{"rendered":"RandM Tornado 15000 Kiwi Passion Fruit Guava"},"content":{"rendered":"<h2 class=\"text-xl font-bold text-text-100 mt-1 -mb-0.5\">RandM Tornado 15000 Kiwi Passion Fruit Guava Vape jednorazowego u\u017cytku<\/h2>\n<p class=\"whitespace-normal break-words\">Wybierz si\u0119 w tropikaln\u0105 podr\u00f3\u017c smakow\u0105 z RandM Tornado 15000 Kiwi Passion Fruit Guava. Ta egzotyczna mieszanka trzech owoc\u00f3w \u0142\u0105czy w sobie cierpkie kiwi, aromatyczn\u0105 marakuj\u0119 i s\u0142odk\u0105 guaw\u0119, tworz\u0105c rajskie doznania podczas waporyzacji. 15 000 zaci\u0105gni\u0119\u0107 i pojemno\u015b\u0107 25 ml w wersjach o mocy nikotyny 0%, 2%, 3% i 5%.<\/p>\n<h3 class=\"text-lg font-bold text-text-100 mt-1 -mb-1.5\">Kiwi Passion Fruit Guava Cechy szczeg\u00f3lne:<\/h3>\n<p class=\"whitespace-normal break-words\"><strong>Akumulator o du\u017cej pojemno\u015bci 850 mAh:<\/strong> Najwy\u017cszej jako\u015bci technologia energetyczna zapewnia stabilny smak owoc\u00f3w tropikalnych i sta\u0142\u0105 wydajno\u015b\u0107, zapewniaj\u0105c pe\u0142ne egzotyczne doznania.<\/p>\n<p class=\"whitespace-normal break-words\"><strong>System e-liquidu o pojemno\u015bci 25 ML:<\/strong> Zwi\u0119kszona pojemno\u015b\u0107 zbiornika umo\u017cliwia intensywne podr\u00f3\u017ce tropikalne bez przerywania rajskich dozna\u0144 smakowych.<\/p>\n<p class=\"whitespace-normal break-words\"><strong>Siatka 0,90\u03a9 zoptymalizowana pod k\u0105tem owoc\u00f3w tropikalnych:<\/strong> Specjalnie opracowana technologia odparowywania wydobywa z\u0142o\u017cone nuty aromatyczne wszystkich trzech owoc\u00f3w i tworzy idealn\u0105 harmoni\u0119 smaku.<\/p>\n<p class=\"whitespace-normal break-words\"><strong>\u0141adowarka Lightning Type-C:<\/strong> Technologia ultraszybkiego \u0142adowania minimalizuje czas oczekiwania i maksymalizuje czas na egzotyczne przygody z waporyzacj\u0105.<\/p>\n<p class=\"whitespace-normal break-words\"><strong>Monumentalne 15 000 ruch\u00f3w wytrzyma\u0142o\u015bci:<\/strong> Imponuj\u0105ca trwa\u0142o\u015b\u0107 na tygodnie tropikalnych sn\u00f3w bez utraty charakterystycznej owocowej z\u0142o\u017cono\u015bci.<\/p>\n<p class=\"whitespace-normal break-words\"><strong>Tropikalny pokaz \u015bwietlny RGB:<\/strong> Kolorowe o\u015bwietlenie przywo\u0142uje rajskie nastroje i dzia\u0142a jako niezawodny wska\u017anik funkcjonalno\u015bci.<\/p>\n<h3 class=\"text-lg font-bold text-text-100 mt-1 -mb-1.5\">Odkryj wi\u0119cej FUMOT VAPE na vozolpuff<\/h3>\n<p class=\"whitespace-normal break-words\">Odkryj wi\u0119cej najwy\u017cszej klasy produkt\u00f3w vapour w naszej ofercie <strong><a class=\"underline\" href=\"https:\/\/vozolpuff.de\/pl\/\">G\u0142\u00f3wny asortyment<\/a><\/strong>zapoznaj si\u0119 z pe\u0142n\u0105 <strong><a class=\"underline\" href=\"https:\/\/vozolpuff.de\/pl\/product-category\/fumot-vape\/\">Kolekcja FUMOT VAPE<\/a><\/strong> lub przejrze\u0107 wszystkie dost\u0119pne <strong><a class=\"underline\" href=\"https:\/\/vozolpuff.de\/pl\/product-category\/fumot-vape\/randm-tornado-15000\/\">RandM Tornado 15000 smak\u00f3w<\/a><\/strong> dla idealnego do\u015bwiadczenia pary.<\/p>","protected":false},"excerpt":{"rendered":"<div>\n<div class=\"grid-cols-1 grid gap-2.5 [&amp;_&gt;_*]:min-w-0 !gap-3.5\">\n<p class=\"whitespace-normal break-words\">Die RandM Tornado 15000 Kiwi Passion Fruit Guava Einweg-Vape bietet eine exotische Dreifach-Frucht-Mischung aus s\u00e4uerlicher Kiwi, aromatischer Passionsfrucht und s\u00fc\u00dfer Guave. Mit 15.000 Z\u00fcgen, 25ml Tank und 850mAh Akku. Erh\u00e4ltlich in 0%, 2%, 3% und 5% Nikotin.<\/p>\n<\/div>\n<\/div>\n<div class=\"h-8\"><\/div>\n","protected":false},"featured_media":2240,"comment_status":"open","ping_status":"closed","template":"","meta":{"_acf_changed":false},"product_brand":[],"product_cat":[44],"product_tag":[],"class_list":{"0":"post-2237","1":"product","2":"type-product","3":"status-publish","4":"has-post-thumbnail","6":"product_cat-randm-tornado-15000","8":"first","9":"instock","10":"shipping-taxable","11":"purchasable","12":"product-type-variable"},"acf":[],"_links":{"self":[{"href":"https:\/\/vozolpuff.de\/pl\/wp-json\/wp\/v2\/product\/2237","targetHints":{"allow":["GET"]}}],"collection":[{"href":"https:\/\/vozolpuff.de\/pl\/wp-json\/wp\/v2\/product"}],"about":[{"href":"https:\/\/vozolpuff.de\/pl\/wp-json\/wp\/v2\/types\/product"}],"replies":[{"embeddable":true,"href":"https:\/\/vozolpuff.de\/pl\/wp-json\/wp\/v2\/comments?post=2237"}],"wp:featuredmedia":[{"embeddable":true,"href":"https:\/\/vozolpuff.de\/pl\/wp-json\/wp\/v2\/media\/2240"}],"wp:attachment":[{"href":"https:\/\/vozolpuff.de\/pl\/wp-json\/wp\/v2\/media?parent=2237"}],"wp:term":[{"taxonomy":"product_brand","embeddable":true,"href":"https:\/\/vozolpuff.de\/pl\/wp-json\/wp\/v2\/product_brand?post=2237"},{"taxonomy":"product_cat","embeddable":true,"href":"https:\/\/vozolpuff.de\/pl\/wp-json\/wp\/v2\/product_cat?post=2237"},{"taxonomy":"product_tag","embeddable":true,"href":"https:\/\/vozolpuff.de\/pl\/wp-json\/wp\/v2\/product_tag?post=2237"}],"curies":[{"name":"wp","href":"https:\/\/api.w.org\/{rel}","templated":true}]}}