{"id":2247,"date":"2025-08-28T17:32:48","date_gmt":"2025-08-28T15:32:48","guid":{"rendered":"https:\/\/vozolpuff.de\/?post_type=product&#038;p=2247"},"modified":"2025-08-28T17:32:49","modified_gmt":"2025-08-28T15:32:49","slug":"randm-tornado-15000-triple-berry","status":"publish","type":"product","link":"https:\/\/vozolpuff.de\/pl\/produkt\/randm-tornado-15000-triple-berry\/","title":{"rendered":"RandM Tornado 15000 Triple Berry"},"content":{"rendered":"<h2 class=\"text-xl font-bold text-text-100 mt-1 -mb-0.5\">Jednorazowe vape RandM Tornado 15000 Triple Berry<\/h2>\n<p class=\"whitespace-normal break-words\">Do\u015bwiadcz ostatecznej eksplozji jag\u00f3d dzi\u0119ki RandM Tornado 15000 Triple Berry. Ta pyszna mieszanka \u0142\u0105czy w sobie trzy r\u00f3\u017cne odmiany jag\u00f3d, tworz\u0105c intensywny bukiet smak\u00f3w. Ten jednorazowy e-papieros oferuje 15 000 zaci\u0105gni\u0119\u0107 ze zbiornika o pojemno\u015bci 25 ml i zapewnia d\u0142ugotrwa\u0142\u0105 jagodow\u0105 przyjemno\u015b\u0107 w wersjach o mocy nikotyny 0%, 2%, 3% i 5%.<\/p>\n<h3 class=\"text-lg font-bold text-text-100 mt-1 -mb-1.5\">Charakterystyka wydajno\u015bci Triple Berry:<\/h3>\n<p class=\"whitespace-normal break-words\"><strong>Wydajny akumulator o pojemno\u015bci 850 mAh:<\/strong> Wysokowydajny system baterii zapewnia sta\u0142\u0105 intensywno\u015b\u0107 smaku jag\u00f3d i gwarantuje sta\u0142\u0105 jako\u015b\u0107 przez ca\u0142y okres u\u017cytkowania urz\u0105dzenia.<\/p>\n<p class=\"whitespace-normal break-words\"><strong>Pojemny zbiornik na aromat o pojemno\u015bci 25 ML:<\/strong> Obszerny magazyn cieczy umo\u017cliwia d\u0142u\u017csze sesje parowania jag\u00f3d bez irytuj\u0105cych przerw lub konieczno\u015bci konserwacji.<\/p>\n<p class=\"whitespace-normal break-words\"><strong>Zoptymalizowana pod k\u0105tem jag\u00f3d cewka o oczkach 0,90\u03a9:<\/strong> Precyzyjnie dostrojone elementy grzewcze wzmacniaj\u0105 naturalne nuty jagodowe i tworz\u0105 autentyczny profil smakowy potr\u00f3jnych jag\u00f3d.<\/p>\n<p class=\"whitespace-normal break-words\"><strong>Szybkie \u0142adowanie typu C:<\/strong> Najnowocze\u015bniejsza technologia szybkiego \u0142adowania znacznie skraca czas \u0142adowania i wyd\u0142u\u017ca aktywne fazy korzystania z jag\u00f3d.<\/p>\n<p class=\"whitespace-normal break-words\"><strong>Kolosalne 15 000 poci\u0105g\u00f3w wydajno\u015bci:<\/strong> Wyj\u0105tkowy asortyment zapewniaj\u0105cy d\u0142ugotrwa\u0142\u0105 przyjemno\u015b\u0107 z jag\u00f3d bez uszczerbku dla g\u0142\u0119bi smaku lub obj\u0119to\u015bci pary.<\/p>\n<p class=\"whitespace-normal break-words\"><strong>Doskona\u0142e pod\u015bwietlenie RGB:<\/strong> \u017bywe efekty \u015bwietlne podkre\u015blaj\u0105 jagodowy motyw i s\u0142u\u017c\u0105 jako precyzyjny wy\u015bwietlacz stanu urz\u0105dzenia.<\/p>\n<h3 class=\"text-lg font-bold text-text-100 mt-1 -mb-1.5\">Odkryj wi\u0119cej FUMOT VAPE na vozolpuff<\/h3>\n<p class=\"whitespace-normal break-words\">Odkryj wi\u0119cej najwy\u017cszej klasy produkt\u00f3w vapour w naszej ofercie <strong><a class=\"underline\" href=\"https:\/\/vozolpuff.de\/pl\/\">G\u0142\u00f3wny asortyment<\/a><\/strong>zapoznaj si\u0119 z pe\u0142n\u0105 <strong><a class=\"underline\" href=\"https:\/\/vozolpuff.de\/pl\/product-category\/fumot-vape\/\">Kolekcja FUMOT VAPE<\/a><\/strong> lub przejrze\u0107 wszystkie dost\u0119pne <strong><a class=\"underline\" href=\"https:\/\/vozolpuff.de\/pl\/product-category\/fumot-vape\/randm-tornado-15000\/\">RandM Tornado 15000 smak\u00f3w<\/a><\/strong> dla idealnego do\u015bwiadczenia pary.<\/p>","protected":false},"excerpt":{"rendered":"<div>\n<div class=\"grid-cols-1 grid gap-2.5 [&amp;_&gt;_*]:min-w-0 !gap-3.5\">\n<p class=\"whitespace-normal break-words\">Die RandM Tornado 15000 Triple Berry Einweg-Vape vereint drei verschiedene Beerensorten zu einem intensiven Geschmacksbouquet. Mit 15.000 Z\u00fcgen, 25ml Tank, 850mAh Akku und RGB-Beleuchtung bietet sie langanhaltenden Beerengenuss. Erh\u00e4ltlich in 0%, 2%, 3% und 5% Nikotin.<\/p>\n<\/div>\n<\/div>\n<div class=\"h-8\"><\/div>\n","protected":false},"featured_media":2250,"comment_status":"open","ping_status":"closed","template":"","meta":{"_acf_changed":false},"product_brand":[],"product_cat":[44],"product_tag":[],"class_list":{"0":"post-2247","1":"product","2":"type-product","3":"status-publish","4":"has-post-thumbnail","6":"product_cat-randm-tornado-15000","8":"first","9":"instock","10":"shipping-taxable","11":"purchasable","12":"product-type-variable"},"acf":[],"_links":{"self":[{"href":"https:\/\/vozolpuff.de\/pl\/wp-json\/wp\/v2\/product\/2247","targetHints":{"allow":["GET"]}}],"collection":[{"href":"https:\/\/vozolpuff.de\/pl\/wp-json\/wp\/v2\/product"}],"about":[{"href":"https:\/\/vozolpuff.de\/pl\/wp-json\/wp\/v2\/types\/product"}],"replies":[{"embeddable":true,"href":"https:\/\/vozolpuff.de\/pl\/wp-json\/wp\/v2\/comments?post=2247"}],"wp:featuredmedia":[{"embeddable":true,"href":"https:\/\/vozolpuff.de\/pl\/wp-json\/wp\/v2\/media\/2250"}],"wp:attachment":[{"href":"https:\/\/vozolpuff.de\/pl\/wp-json\/wp\/v2\/media?parent=2247"}],"wp:term":[{"taxonomy":"product_brand","embeddable":true,"href":"https:\/\/vozolpuff.de\/pl\/wp-json\/wp\/v2\/product_brand?post=2247"},{"taxonomy":"product_cat","embeddable":true,"href":"https:\/\/vozolpuff.de\/pl\/wp-json\/wp\/v2\/product_cat?post=2247"},{"taxonomy":"product_tag","embeddable":true,"href":"https:\/\/vozolpuff.de\/pl\/wp-json\/wp\/v2\/product_tag?post=2247"}],"curies":[{"name":"wp","href":"https:\/\/api.w.org\/{rel}","templated":true}]}}