{"id":2257,"date":"2025-08-28T17:36:18","date_gmt":"2025-08-28T15:36:18","guid":{"rendered":"https:\/\/vozolpuff.de\/?post_type=product&#038;p=2257"},"modified":"2025-08-28T17:36:19","modified_gmt":"2025-08-28T15:36:19","slug":"randm-tornado-15000-banana-ice","status":"publish","type":"product","link":"https:\/\/vozolpuff.de\/pl\/produkt\/randm-tornado-15000-banana-ice\/","title":{"rendered":"RandM Tornado 15000 Banana Ice"},"content":{"rendered":"<h2 class=\"text-xl font-bold text-text-100 mt-1 -mb-0.5\">Jednorazowe vape RandM Tornado 15000 Banana Ice<\/h2>\n<p class=\"whitespace-normal break-words\">RandM Tornado 15000 Banana Ice to kremowa s\u0142odycz dojrza\u0142ych banan\u00f3w po\u0142\u0105czona z orze\u017awiaj\u0105cym mentolowym wyko\u0144czeniem. Ta wyj\u0105tkowa kombinacja smakowa oferuje zar\u00f3wno ciep\u0142o, jak i ch\u0142\u00f3d w doskona\u0142ej r\u00f3wnowadze. Z 15 000 zaci\u0105gni\u0119\u0107 i pojemno\u015bci\u0105 zbiornika 25 ml, dost\u0119pny w st\u0119\u017ceniach nikotyny 0%, 2%, 3% i 5%.<\/p>\n<h3 class=\"text-lg font-bold text-text-100 mt-1 -mb-1.5\">Najwa\u017cniejsze cechy techniczne Banana Ice:<\/h3>\n<p class=\"whitespace-normal break-words\"><strong>Trwa\u0142a bateria o pojemno\u015bci 850 mAh:<\/strong> Niezawodne zasilanie zapewnia sta\u0142e ch\u0142odzenie Banana Ice i d\u0142ugotrwa\u0142\u0105 wydajno\u015b\u0107 dla ca\u0142ego kremowo-\u015bwie\u017cego do\u015bwiadczenia.<\/p>\n<p class=\"whitespace-normal break-words\"><strong>Du\u017cy zbiornik o pojemno\u015bci 25 ML:<\/strong> Du\u017cy zapas p\u0142ynu zapewnia d\u0142ugotrwa\u0142e sesje bananowego mentolu bez irytuj\u0105cych przerw serwisowych.<\/p>\n<p class=\"whitespace-normal break-words\"><strong>Podw\u00f3jna cewka siatkowa 0,90\u03a9:<\/strong> Innowacyjna technologia waporyzatora r\u00f3wnowa\u017cy ciep\u0142y smak banan\u00f3w z ch\u0142odz\u0105cym efektem mentolu, tworz\u0105c harmonijne doznania.<\/p>\n<p class=\"whitespace-normal break-words\"><strong>Port Turbo-Speed Type-C:<\/strong> Wysoce wydajna technologia \u0142adowania skraca czas \u0142adowania baterii do minimum i maksymalizuje czas parowania Banana Ice.<\/p>\n<p class=\"whitespace-normal break-words\"><strong>Gigantyczna pojemno\u015b\u0107 15 000 poci\u0105g\u00f3w:<\/strong> Imponuj\u0105ca wytrzyma\u0142o\u015b\u0107 pozwala cieszy\u0107 si\u0119 bananowym lodem przez wiele tygodni bez utraty charakterystycznych kontrast\u00f3w temperaturowych.<\/p>\n<p class=\"whitespace-normal break-words\"><strong>Kontrastowe o\u015bwietlenie RGB:<\/strong> Dynamiczne zmiany kolor\u00f3w odzwierciedlaj\u0105 ciep\u0142e i ch\u0142odne aspekty smaku i dostarczaj\u0105 informacji o wszystkich stanach pracy.<\/p>\n<h3 class=\"text-lg font-bold text-text-100 mt-1 -mb-1.5\">Odkryj wi\u0119cej FUMOT VAPE na vozolpuff<\/h3>\n<p class=\"whitespace-normal break-words\">Odkryj wi\u0119cej najwy\u017cszej klasy produkt\u00f3w vapour w naszej ofercie <strong><a class=\"underline\" href=\"https:\/\/vozolpuff.de\/pl\/\">G\u0142\u00f3wny asortyment<\/a><\/strong>zapoznaj si\u0119 z pe\u0142n\u0105 <strong><a class=\"underline\" href=\"https:\/\/vozolpuff.de\/pl\/product-category\/fumot-vape\/\">Kolekcja FUMOT VAPE<\/a><\/strong> lub przejrze\u0107 wszystkie dost\u0119pne <strong><a class=\"underline\" href=\"https:\/\/vozolpuff.de\/pl\/product-category\/fumot-vape\/randm-tornado-15000\/\">RandM Tornado 15000 smak\u00f3w<\/a><\/strong> dla idealnego do\u015bwiadczenia pary.<\/p>","protected":false},"excerpt":{"rendered":"<div>\n<div class=\"grid-cols-1 grid gap-2.5 [&amp;_&gt;_*]:min-w-0 !gap-3.5\">\n<p class=\"whitespace-normal break-words\">Die RandM Tornado 15000 Banana Ice Einweg-Vape kombiniert cremige Bananen-S\u00fc\u00dfe mit erfrischendem Menthol-Finish. Mit 15.000 Z\u00fcgen, 25ml Tank, 850mAh Akku und RGB-Beleuchtung bietet sie perfekte Balance zwischen W\u00e4rme und K\u00fchle. Erh\u00e4ltlich in 0%, 2%, 3% und 5% Nikotin.<\/p>\n<\/div>\n<\/div>\n<div class=\"h-8\"><\/div>\n","protected":false},"featured_media":2260,"comment_status":"open","ping_status":"closed","template":"","meta":{"_acf_changed":false},"product_brand":[],"product_cat":[44],"product_tag":[],"class_list":{"0":"post-2257","1":"product","2":"type-product","3":"status-publish","4":"has-post-thumbnail","6":"product_cat-randm-tornado-15000","8":"first","9":"instock","10":"shipping-taxable","11":"purchasable","12":"product-type-variable"},"acf":[],"_links":{"self":[{"href":"https:\/\/vozolpuff.de\/pl\/wp-json\/wp\/v2\/product\/2257","targetHints":{"allow":["GET"]}}],"collection":[{"href":"https:\/\/vozolpuff.de\/pl\/wp-json\/wp\/v2\/product"}],"about":[{"href":"https:\/\/vozolpuff.de\/pl\/wp-json\/wp\/v2\/types\/product"}],"replies":[{"embeddable":true,"href":"https:\/\/vozolpuff.de\/pl\/wp-json\/wp\/v2\/comments?post=2257"}],"wp:featuredmedia":[{"embeddable":true,"href":"https:\/\/vozolpuff.de\/pl\/wp-json\/wp\/v2\/media\/2260"}],"wp:attachment":[{"href":"https:\/\/vozolpuff.de\/pl\/wp-json\/wp\/v2\/media?parent=2257"}],"wp:term":[{"taxonomy":"product_brand","embeddable":true,"href":"https:\/\/vozolpuff.de\/pl\/wp-json\/wp\/v2\/product_brand?post=2257"},{"taxonomy":"product_cat","embeddable":true,"href":"https:\/\/vozolpuff.de\/pl\/wp-json\/wp\/v2\/product_cat?post=2257"},{"taxonomy":"product_tag","embeddable":true,"href":"https:\/\/vozolpuff.de\/pl\/wp-json\/wp\/v2\/product_tag?post=2257"}],"curies":[{"name":"wp","href":"https:\/\/api.w.org\/{rel}","templated":true}]}}