{"id":2267,"date":"2025-08-28T17:39:21","date_gmt":"2025-08-28T15:39:21","guid":{"rendered":"https:\/\/vozolpuff.de\/?post_type=product&#038;p=2267"},"modified":"2025-08-28T17:39:21","modified_gmt":"2025-08-28T15:39:21","slug":"randm-tornado-15000-peach-blueberry-candy","status":"publish","type":"product","link":"https:\/\/vozolpuff.de\/pl\/produkt\/randm-tornado-15000-peach-blueberry-candy\/","title":{"rendered":"RandM Tornado 15000 Peach Blueberry Candy"},"content":{"rendered":"<h2 class=\"text-xl font-bold text-text-100 mt-1 -mb-0.5\">RandM Tornado 15000 Peach Blueberry Candy jednorazowy vape<\/h2>\n<p class=\"whitespace-normal break-words\">Zanurz si\u0119 w s\u0142odkich wspomnieniach z dzieci\u0144stwa dzi\u0119ki RandM Tornado 15000 Peach Blueberry Candy. Ten zabawny smak \u0142\u0105czy soczyste brzoskwinie i s\u0142odkie jagody z nut\u0105 s\u0142odyczy. 15 000 zaci\u0105gni\u0119\u0107 ze zbiornika o pojemno\u015bci 25 ml zapewnia d\u0142ugotrwa\u0142\u0105 cukierkow\u0105 nostalgi\u0119 w mocach nikotyny 0%, 2%, 3% i 5%.<\/p>\n<h3 class=\"text-lg font-bold text-text-100 mt-1 -mb-1.5\">Peach Blueberry Candy Cechy:<\/h3>\n<p class=\"whitespace-normal break-words\"><strong>Wysokoenergetyczna bateria o pojemno\u015bci 850 mAh:<\/strong> Stabilne zasilanie zachowuje charakterystyczn\u0105 s\u0142odycz cukierk\u00f3w i zapewnia sta\u0142\u0105 wydajno\u015b\u0107 dla pe\u0142nego do\u015bwiadczenia s\u0142odyczy.<\/p>\n<p class=\"whitespace-normal break-words\"><strong>Pojemnik cukierniczy o du\u017cej pojemno\u015bci 25 ML:<\/strong> Zbiornik o du\u017cej pojemno\u015bci gwarantuje rozleg\u0142e fazy opar\u00f3w s\u0142odyczy bez przerywania nostalgicznych dozna\u0144 smakowych.<\/p>\n<p class=\"whitespace-normal break-words\"><strong>Siatkowa cewka 0,90\u03a9 zwi\u0119kszaj\u0105ca s\u0142odycz:<\/strong> Specjalnie skalibrowana technologia podgrzewania intensyfikuje s\u0142odkie nuty s\u0142odyczy i doskonale podkre\u015bla po\u0142\u0105czenie brzoskwini i jag\u00f3d.<\/p>\n<p class=\"whitespace-normal break-words\"><strong>Ekspresowa \u0142adowarka typu C:<\/strong> B\u0142yskawiczne \u0142adowanie skraca przerwy mi\u0119dzy s\u0142odkimi chwilami pary i optymalizuje dost\u0119pny czas na przek\u0105sk\u0119.<\/p>\n<p class=\"whitespace-normal break-words\"><strong>Ogromne 15 000 zaci\u0105gni\u0119\u0107 o s\u0142odkiej wydajno\u015bci:<\/strong> Wyj\u0105tkowa zdolno\u015b\u0107 do d\u0142ugotrwa\u0142ego delektowania si\u0119 s\u0142odyczami bez utraty charakterystycznej intensywno\u015bci s\u0142odyczy.<\/p>\n<p class=\"whitespace-normal break-words\"><strong>Cukierkowe efekty \u015bwietlne RGB:<\/strong> Zabawne kolorowe animacje tworz\u0105 cukierkow\u0105 atmosfer\u0119 i dzia\u0142aj\u0105 jako uroczy wska\u017anik dzia\u0142ania.<\/p>\n<h3 class=\"text-lg font-bold text-text-100 mt-1 -mb-1.5\">Odkryj wi\u0119cej FUMOT VAPE na vozolpuff<\/h3>\n<p class=\"whitespace-normal break-words\">Odkryj wi\u0119cej najwy\u017cszej klasy produkt\u00f3w vapour w naszej ofercie <strong><a class=\"underline\" href=\"https:\/\/vozolpuff.de\/pl\/\">G\u0142\u00f3wny asortyment<\/a><\/strong>zapoznaj si\u0119 z pe\u0142n\u0105 <strong><a class=\"underline\" href=\"https:\/\/vozolpuff.de\/pl\/product-category\/fumot-vape\/\">Kolekcja FUMOT VAPE<\/a><\/strong> lub przejrze\u0107 wszystkie dost\u0119pne <strong><a class=\"underline\" href=\"https:\/\/vozolpuff.de\/pl\/product-category\/fumot-vape\/randm-tornado-15000\/\">RandM Tornado 15000 smak\u00f3w<\/a><\/strong> dla idealnego do\u015bwiadczenia pary.<\/p>","protected":false},"excerpt":{"rendered":"<div>\n<div class=\"grid-cols-1 grid gap-2.5 [&amp;_&gt;_*]:min-w-0 !gap-3.5\">\n<p class=\"whitespace-normal break-words\">Die RandM Tornado 15000 Peach Blueberry Candy Einweg-Vape kombiniert saftige Pfirsiche und s\u00fc\u00dfe Blaubeeren mit zuckriger Candy-Note. Mit 15.000 Z\u00fcgen, 25ml Tank, 850mAh Akku und RGB-Beleuchtung f\u00fcr s\u00fc\u00dfe Nostalgie. Erh\u00e4ltlich in 0%, 2%, 3% und 5% Nikotin.<\/p>\n<\/div>\n<\/div>\n<div class=\"h-8\"><\/div>\n","protected":false},"featured_media":2270,"comment_status":"open","ping_status":"closed","template":"","meta":{"_acf_changed":false},"product_brand":[],"product_cat":[44],"product_tag":[],"class_list":{"0":"post-2267","1":"product","2":"type-product","3":"status-publish","4":"has-post-thumbnail","6":"product_cat-randm-tornado-15000","8":"first","9":"instock","10":"shipping-taxable","11":"purchasable","12":"product-type-variable"},"acf":[],"_links":{"self":[{"href":"https:\/\/vozolpuff.de\/pl\/wp-json\/wp\/v2\/product\/2267","targetHints":{"allow":["GET"]}}],"collection":[{"href":"https:\/\/vozolpuff.de\/pl\/wp-json\/wp\/v2\/product"}],"about":[{"href":"https:\/\/vozolpuff.de\/pl\/wp-json\/wp\/v2\/types\/product"}],"replies":[{"embeddable":true,"href":"https:\/\/vozolpuff.de\/pl\/wp-json\/wp\/v2\/comments?post=2267"}],"wp:featuredmedia":[{"embeddable":true,"href":"https:\/\/vozolpuff.de\/pl\/wp-json\/wp\/v2\/media\/2270"}],"wp:attachment":[{"href":"https:\/\/vozolpuff.de\/pl\/wp-json\/wp\/v2\/media?parent=2267"}],"wp:term":[{"taxonomy":"product_brand","embeddable":true,"href":"https:\/\/vozolpuff.de\/pl\/wp-json\/wp\/v2\/product_brand?post=2267"},{"taxonomy":"product_cat","embeddable":true,"href":"https:\/\/vozolpuff.de\/pl\/wp-json\/wp\/v2\/product_cat?post=2267"},{"taxonomy":"product_tag","embeddable":true,"href":"https:\/\/vozolpuff.de\/pl\/wp-json\/wp\/v2\/product_tag?post=2267"}],"curies":[{"name":"wp","href":"https:\/\/api.w.org\/{rel}","templated":true}]}}