{"id":2291,"date":"2025-08-28T17:50:33","date_gmt":"2025-08-28T15:50:33","guid":{"rendered":"https:\/\/vozolpuff.de\/?post_type=product&#038;p=2291"},"modified":"2025-08-28T17:50:33","modified_gmt":"2025-08-28T15:50:33","slug":"randm-tornado-15000-berry-lemonade","status":"publish","type":"product","link":"https:\/\/vozolpuff.de\/pl\/produkt\/randm-tornado-15000-berry-lemonade\/","title":{"rendered":"RandM Tornado 15000 Berry Lemonade"},"content":{"rendered":"<h2 class=\"text-xl font-bold text-text-100 mt-1 -mb-0.5\">RandM Tornado 15000 Berry Lemonade jednorazowy vape<\/h2>\n<p class=\"whitespace-normal break-words\">Orze\u017aw si\u0119 pikantn\u0105 lemoniad\u0105 RandM Tornado 15000 Berry Lemonade - orze\u017awiaj\u0105c\u0105 mieszank\u0105 s\u0142odkich jag\u00f3d i cierpkiej lemoniady. To orze\u017awiaj\u0105ce po\u0142\u0105czenie zapewnia idealn\u0105 r\u00f3wnowag\u0119 mi\u0119dzy owocowym smakiem i cytrusow\u0105 \u015bwie\u017co\u015bci\u0105. 15 000 zaci\u0105gni\u0119\u0107 i pojemno\u015b\u0107 25 ml, dost\u0119pne w st\u0119\u017ceniach nikotyny 0%, 2%, 3% i 5%.<\/p>\n<h3 class=\"text-lg font-bold text-text-100 mt-1 -mb-1.5\">Szczeg\u00f3\u0142y funkcji Berry Lemonade:<\/h3>\n<p class=\"whitespace-normal break-words\"><strong>Dynamiczna bateria o pojemno\u015bci 850 mAh:<\/strong> Wydajne ogniwo energetyczne zapewnia niezmiennie wysok\u0105 wydajno\u015b\u0107 i zachowuje charakterystyczn\u0105 \u015bwie\u017co\u015b\u0107 lemoniady jagodowej przez ca\u0142y okres u\u017cytkowania.<\/p>\n<p class=\"whitespace-normal break-words\"><strong>Orze\u017awiaj\u0105cy zbiornik gasz\u0105cy pragnienie o pojemno\u015bci 25 ML:<\/strong> Du\u017cy zapas p\u0142ynu gwarantuje d\u0142u\u017csze przerwy na orze\u017awienie bez zak\u0142\u00f3caj\u0105cych przyjemno\u015b\u0107 gaszenia pragnienia przerw.<\/p>\n<p class=\"whitespace-normal break-words\"><strong>Zoptymalizowana pod k\u0105tem p\u0119cherzyk\u00f3w powietrza cewka o oczkach 0,90\u03a9:<\/strong> Specjalnie opracowana technologia odparowywania wzmacnia w\u0142a\u015bciwo\u015bci musuj\u0105cej lemoniady i harmonijnie podkre\u015bla s\u0142odycz jag\u00f3d.<\/p>\n<p class=\"whitespace-normal break-words\"><strong>Port szybkiego \u0142adowania typu C:<\/strong> Technologia ultraszybkiego \u0142adowania drastycznie skraca czas przestoj\u00f3w i wyd\u0142u\u017ca chwile od\u015bwie\u017caj\u0105cej pary.<\/p>\n<p class=\"whitespace-normal break-words\"><strong>Fenomenalna wydajno\u015b\u0107 gaszenia pragnienia wynosz\u0105ca 15 000 zaci\u0105gni\u0119\u0107:<\/strong> Wyj\u0105tkowy zasi\u0119g dla tygodni orze\u017awienia bez utraty charakterystycznego smaku lemoniady.<\/p>\n<p class=\"whitespace-normal break-words\"><strong>Musuj\u0105ce efekty \u015bwietlne RGB:<\/strong> \u017bywe, kolorowe animacje imituj\u0105 musuj\u0105c\u0105 lemoniad\u0119 i dostarczaj\u0105 precyzyjnych informacji o wszystkich stanach urz\u0105dze\u0144.<\/p>\n<h3 class=\"text-lg font-bold text-text-100 mt-1 -mb-1.5\">Odkryj wi\u0119cej FUMOT VAPE na vozolpuff<\/h3>\n<p class=\"whitespace-normal break-words\">Odkryj wi\u0119cej najwy\u017cszej klasy produkt\u00f3w vapour w naszej ofercie <strong><a class=\"underline\" href=\"https:\/\/vozolpuff.de\/pl\/\">G\u0142\u00f3wny asortyment<\/a><\/strong>zapoznaj si\u0119 z pe\u0142n\u0105 <strong><a class=\"underline\" href=\"https:\/\/vozolpuff.de\/pl\/product-category\/fumot-vape\/\">Kolekcja FUMOT VAPE<\/a><\/strong> lub przejrze\u0107 wszystkie dost\u0119pne <strong><a class=\"underline\" href=\"https:\/\/vozolpuff.de\/pl\/product-category\/fumot-vape\/randm-tornado-15000\/\">RandM Tornado 15000 smak\u00f3w<\/a><\/strong> dla idealnego do\u015bwiadczenia pary.<\/p>","protected":false},"excerpt":{"rendered":"<div>\n<div class=\"grid-cols-1 grid gap-2.5 [&amp;_&gt;_*]:min-w-0 !gap-3.5\">\n<p class=\"whitespace-normal break-words\">Die RandM Tornado 15000 Berry Lemonade Einweg-Vape kombiniert s\u00fc\u00dfe Beeren mit s\u00e4uerlicher Limonade zu einer erfrischenden Balance. Mit 15.000 Z\u00fcgen, 25ml Tank, 850mAh Akku und RGB-Beleuchtung bietet sie spritzigen Dampfgenuss. Erh\u00e4ltlich in 0%, 2%, 3% und 5% Nikotin.<\/p>\n<\/div>\n<\/div>\n<div class=\"h-8\"><\/div>\n","protected":false},"featured_media":2294,"comment_status":"open","ping_status":"closed","template":"","meta":{"_acf_changed":false},"product_brand":[],"product_cat":[44],"product_tag":[],"class_list":{"0":"post-2291","1":"product","2":"type-product","3":"status-publish","4":"has-post-thumbnail","6":"product_cat-randm-tornado-15000","8":"first","9":"instock","10":"shipping-taxable","11":"purchasable","12":"product-type-variable"},"acf":[],"_links":{"self":[{"href":"https:\/\/vozolpuff.de\/pl\/wp-json\/wp\/v2\/product\/2291","targetHints":{"allow":["GET"]}}],"collection":[{"href":"https:\/\/vozolpuff.de\/pl\/wp-json\/wp\/v2\/product"}],"about":[{"href":"https:\/\/vozolpuff.de\/pl\/wp-json\/wp\/v2\/types\/product"}],"replies":[{"embeddable":true,"href":"https:\/\/vozolpuff.de\/pl\/wp-json\/wp\/v2\/comments?post=2291"}],"wp:featuredmedia":[{"embeddable":true,"href":"https:\/\/vozolpuff.de\/pl\/wp-json\/wp\/v2\/media\/2294"}],"wp:attachment":[{"href":"https:\/\/vozolpuff.de\/pl\/wp-json\/wp\/v2\/media?parent=2291"}],"wp:term":[{"taxonomy":"product_brand","embeddable":true,"href":"https:\/\/vozolpuff.de\/pl\/wp-json\/wp\/v2\/product_brand?post=2291"},{"taxonomy":"product_cat","embeddable":true,"href":"https:\/\/vozolpuff.de\/pl\/wp-json\/wp\/v2\/product_cat?post=2291"},{"taxonomy":"product_tag","embeddable":true,"href":"https:\/\/vozolpuff.de\/pl\/wp-json\/wp\/v2\/product_tag?post=2291"}],"curies":[{"name":"wp","href":"https:\/\/api.w.org\/{rel}","templated":true}]}}