{"id":2301,"date":"2025-08-28T17:53:36","date_gmt":"2025-08-28T15:53:36","guid":{"rendered":"https:\/\/vozolpuff.de\/?post_type=product&#038;p=2301"},"modified":"2025-08-28T17:53:37","modified_gmt":"2025-08-28T15:53:37","slug":"randm-tornado-15000-blue-razz-cherry","status":"publish","type":"product","link":"https:\/\/vozolpuff.de\/pl\/produkt\/randm-tornado-15000-blue-razz-cherry\/","title":{"rendered":"RandM Tornado 15000 Blue Razz Cherry"},"content":{"rendered":"<h2 class=\"text-xl font-bold text-text-100 mt-1 -mb-0.5\">RandM Tornado 15000 Blue Razz Cherry Jednorazowy vape<\/h2>\n<p class=\"whitespace-normal break-words\">Zanurz si\u0119 w intensywnym \u015bwiecie RandM Tornado 15000 Blue Razz Cherry \u2013 mocnym po\u0142\u0105czeniu niebieskich malin i soczystych wi\u015bni. Ten \u017cywy smak zapewnia ekscytuj\u0105c\u0105 r\u00f3wnowag\u0119 mi\u0119dzy kwaskowatymi nutami razz i s\u0142odkimi akcentami wi\u015bni. 15 000 zaci\u0105gni\u0119\u0107 z 25 ml zbiornika w st\u0119\u017ceniach nikotyny 0%, 2%, 3% i 5%.<\/p>\n<h3 class=\"text-lg font-bold text-text-100 mt-1 -mb-1.5\">Cechy u\u017cytkowe Blue Razz Cherry:<\/h3>\n<p class=\"whitespace-normal break-words\"><strong>Wysokowydajny akumulator o pojemno\u015bci 850 mAh:<\/strong> Wydajna technologia baterii zapewnia sta\u0142\u0105 intensywno\u015b\u0107 smaku Blue Razz Cherry i gwarantuje stabiln\u0105 wydajno\u015b\u0107 przez ca\u0142y czas trwania ekscytuj\u0105cych dozna\u0144 smakowych.<\/p>\n<p class=\"whitespace-normal break-words\"><strong>Intensywny smak 25 ml:<\/strong> Du\u017ca pojemno\u015b\u0107 zbiornika na p\u0142yn pozwala na d\u0142ugotrwa\u0142e sesje Blue Razz Cherry bez przerywania charakterystycznej intensywno\u015bci smaku.<\/p>\n<p class=\"whitespace-normal break-words\"><strong>Cewka siatkowa 0,90 \u03a9 zwi\u0119kszaj\u0105ca intensywno\u015b\u0107:<\/strong> Wysokoprecyzyjna technologia parowania maksymalizuje intensywno\u015b\u0107 aromatu Blue Razz Cherry i zapewnia autentyczne doznania smakowe jagodowo-wi\u015bniowe.<\/p>\n<p class=\"whitespace-normal break-words\"><strong>\u0141adowarka Power Type-C o du\u017cej mocy:<\/strong> Technologia szybkiego \u0142adowania minimalizuje przestoje i maksymalizuje czas dost\u0119pny na intensywne doznania smakowe.<\/p>\n<p class=\"whitespace-normal break-words\"><strong>Mocna wydajno\u015b\u0107 o intensywno\u015bci 15 000 poci\u0105gni\u0119\u0107:<\/strong> Imponuj\u0105ca wytrzyma\u0142o\u015b\u0107 zapewniaj\u0105ca d\u0142ugotrwa\u0142e doznania smakowe Blue Razz Cherry bez utraty intensywno\u015bci aromatu lub g\u0142\u0119bi smaku.<\/p>\n<p class=\"whitespace-normal break-words\"><strong>Intensywna gra kolor\u00f3w RGB:<\/strong> Mocne efekty \u015bwietlne odzwierciedlaj\u0105 intensywno\u015b\u0107 Blue Razz Cherry i pe\u0142ni\u0105 funkcj\u0119 dynamicznego wska\u017anika pracy.<\/p>\n<h3 class=\"text-lg font-bold text-text-100 mt-1 -mb-1.5\">Odkryj wi\u0119cej FUMOT VAPE na vozolpuff<\/h3>\n<p class=\"whitespace-normal break-words\">Odkryj wi\u0119cej najwy\u017cszej klasy produkt\u00f3w vapour w naszej ofercie <strong><a class=\"underline\" href=\"https:\/\/vozolpuff.de\/pl\/\">G\u0142\u00f3wny asortyment<\/a><\/strong>zapoznaj si\u0119 z pe\u0142n\u0105 <strong><a class=\"underline\" href=\"https:\/\/vozolpuff.de\/pl\/product-category\/fumot-vape\/\">Kolekcja FUMOT VAPE<\/a><\/strong> lub przejrze\u0107 wszystkie dost\u0119pne <strong><a class=\"underline\" href=\"https:\/\/vozolpuff.de\/pl\/product-category\/fumot-vape\/randm-tornado-15000\/\">RandM Tornado 15000 smak\u00f3w<\/a><\/strong> dla idealnego do\u015bwiadczenia pary.<\/p>","protected":false},"excerpt":{"rendered":"<div>\n<div class=\"grid-cols-1 grid gap-2.5 [&amp;_&gt;_*]:min-w-0 !gap-3.5\">\n<p class=\"whitespace-normal break-words\">Die RandM Tornado 15000 Blue Razz Cherry Einweg-Vape vereint blaue Himbeeren mit saftigen Kirschen zu einer intensiven Geschmacksbalance. Mit 15.000 Z\u00fcgen, 25ml Tank, 850mAh Akku und RGB-Beleuchtung f\u00fcr kraftvolles Dampferlebnis. Erh\u00e4ltlich in 0%, 2%, 3% und 5% Nikotin.<\/p>\n<\/div>\n<\/div>\n<div class=\"h-8\"><\/div>\n","protected":false},"featured_media":2304,"comment_status":"open","ping_status":"closed","template":"","meta":{"_acf_changed":false},"product_brand":[],"product_cat":[44],"product_tag":[],"class_list":{"0":"post-2301","1":"product","2":"type-product","3":"status-publish","4":"has-post-thumbnail","6":"product_cat-randm-tornado-15000","8":"first","9":"instock","10":"shipping-taxable","11":"purchasable","12":"product-type-variable"},"acf":[],"_links":{"self":[{"href":"https:\/\/vozolpuff.de\/pl\/wp-json\/wp\/v2\/product\/2301","targetHints":{"allow":["GET"]}}],"collection":[{"href":"https:\/\/vozolpuff.de\/pl\/wp-json\/wp\/v2\/product"}],"about":[{"href":"https:\/\/vozolpuff.de\/pl\/wp-json\/wp\/v2\/types\/product"}],"replies":[{"embeddable":true,"href":"https:\/\/vozolpuff.de\/pl\/wp-json\/wp\/v2\/comments?post=2301"}],"wp:featuredmedia":[{"embeddable":true,"href":"https:\/\/vozolpuff.de\/pl\/wp-json\/wp\/v2\/media\/2304"}],"wp:attachment":[{"href":"https:\/\/vozolpuff.de\/pl\/wp-json\/wp\/v2\/media?parent=2301"}],"wp:term":[{"taxonomy":"product_brand","embeddable":true,"href":"https:\/\/vozolpuff.de\/pl\/wp-json\/wp\/v2\/product_brand?post=2301"},{"taxonomy":"product_cat","embeddable":true,"href":"https:\/\/vozolpuff.de\/pl\/wp-json\/wp\/v2\/product_cat?post=2301"},{"taxonomy":"product_tag","embeddable":true,"href":"https:\/\/vozolpuff.de\/pl\/wp-json\/wp\/v2\/product_tag?post=2301"}],"curies":[{"name":"wp","href":"https:\/\/api.w.org\/{rel}","templated":true}]}}