{"id":2311,"date":"2025-08-28T17:56:13","date_gmt":"2025-08-28T15:56:13","guid":{"rendered":"https:\/\/vozolpuff.de\/?post_type=product&#038;p=2311"},"modified":"2025-08-28T17:57:30","modified_gmt":"2025-08-28T15:57:30","slug":"randm-tornado-15000-blueberry-bubblegum","status":"publish","type":"product","link":"https:\/\/vozolpuff.de\/pl\/produkt\/randm-tornado-15000-blueberry-bubblegum\/","title":{"rendered":"RandM Tornado 15000 Blueberry Bubblegum"},"content":{"rendered":"<h2 class=\"text-xl font-bold text-text-100 mt-1 -mb-0.5\">Jednorazowe vape RandM Tornado 15000 Blueberry Bubblegum<\/h2>\n<p class=\"whitespace-normal break-words\">Do\u015bwiadcz nostalgicznych przyjemno\u015bci z dzieci\u0144stwa dzi\u0119ki RandM Tornado 15000 Blueberry Bubblegum - zabawnej mieszance soczystych jag\u00f3d i klasycznego smaku gumy balonowej. Ta wyj\u0105tkowa kombinacja przywo\u0142uje s\u0142odkie wspomnienia i oferuje niepowtarzalne doznania z waporyzacji. 15 000 zaci\u0105gni\u0119\u0107 i pojemno\u015b\u0107 zbiornika 25 ml w wersjach o mocy nikotyny 0%, 2%, 3% i 5%.<\/p>\n<h3 class=\"text-lg font-bold text-text-100 mt-1 -mb-1.5\">Specjalne wyposa\u017cenie Blueberry Bubblegum:<\/h3>\n<p class=\"whitespace-normal break-words\"><strong>Nostalgiczna bateria 850 mAh do gumy do \u017cucia:<\/strong> Niezawodne zasilanie zachowuje charakterystyczny urok gumy balonowej i zapewnia sta\u0142\u0105 wydajno\u015b\u0107 przez ca\u0142y czas nostalgicznego do\u015bwiadczenia.<\/p>\n<p class=\"whitespace-normal break-words\"><strong>Zabawny pojemnik na gum\u0119 do \u017cucia 25 ML:<\/strong> Pojemny zbiornik zapewnia wystarczaj\u0105c\u0105 pojemno\u015b\u0107 do wyd\u0142u\u017conych faz opar\u00f3w gumy balonowej bez zak\u0142\u00f3cania s\u0142odkiej przyjemno\u015bci.<\/p>\n<p class=\"whitespace-normal break-words\"><strong>Zoptymalizowany pod k\u0105tem Bubblegum zw\u00f3j siatkowy 0,90\u03a9:<\/strong> Specjalnie dostosowana technologia podgrzewania wzmacnia typowe w\u0142a\u015bciwo\u015bci gumy do \u017cucia i doskonale podkre\u015bla jagodow\u0105 \u015bwie\u017co\u015b\u0107.<\/p>\n<p class=\"whitespace-normal break-words\"><strong>Zabawny port nostalgiczny typu C:<\/strong> Nowoczesna technologia szybkiego \u0142adowania znacznie skraca czas oczekiwania pomi\u0119dzy kolejnymi chwilami zabawy.<\/p>\n<p class=\"whitespace-normal break-words\"><strong>Gigantyczna moc 15 000 zaci\u0105gni\u0119\u0107 gumy balonowej:<\/strong> Wyj\u0105tkowa pojemno\u015b\u0107 na tygodnie nostalgicznych podr\u00f3\u017cy bez utraty charakterystycznego uroku gumy do \u017cucia.<\/p>\n<p class=\"whitespace-normal break-words\"><strong>Kolorowy pokaz gum do \u017cucia RGB:<\/strong> Weso\u0142e zmiany kolor\u00f3w przypominaj\u0105 kolorowe kulki gumy do \u017cucia i s\u0142u\u017c\u0105 jako uroczy wska\u017anik funkcji.<\/p>\n<h3 class=\"text-lg font-bold text-text-100 mt-1 -mb-1.5\">Odkryj wi\u0119cej FUMOT VAPE na vozolpuff<\/h3>\n<p class=\"whitespace-normal break-words\">Odkryj wi\u0119cej najwy\u017cszej klasy produkt\u00f3w vapour w naszej ofercie <strong><a class=\"underline\" href=\"https:\/\/vozolpuff.de\/pl\/\">G\u0142\u00f3wny asortyment<\/a><\/strong>zapoznaj si\u0119 z pe\u0142n\u0105 <strong><a class=\"underline\" href=\"https:\/\/vozolpuff.de\/pl\/product-category\/fumot-vape\/\">Kolekcja FUMOT VAPE<\/a><\/strong> lub przejrze\u0107 wszystkie dost\u0119pne <strong><a class=\"underline\" href=\"https:\/\/vozolpuff.de\/pl\/product-category\/fumot-vape\/randm-tornado-15000\/\">RandM Tornado 15000 smak\u00f3w<\/a><\/strong> dla idealnego do\u015bwiadczenia pary.<\/p>","protected":false},"excerpt":{"rendered":"<div>\n<div class=\"grid-cols-1 grid gap-2.5 [&amp;_&gt;_*]:min-w-0 !gap-3.5\">\n<p class=\"whitespace-normal break-words\">Die RandM Tornado 15000 Blueberry Bubblegum Einweg-Vape kombiniert saftige Blaubeeren mit klassischem Kaugummi-Geschmack f\u00fcr nostalgische Kindheitsfreuden. Mit 15.000 Z\u00fcgen, 25ml Tank, 850mAh Akku und RGB-Beleuchtung. Erh\u00e4ltlich in 0%, 2%, 3% und 5% Nikotin.<\/p>\n<\/div>\n<\/div>\n<div class=\"h-8\"><\/div>\n","protected":false},"featured_media":2314,"comment_status":"open","ping_status":"closed","template":"","meta":{"_acf_changed":false},"product_brand":[],"product_cat":[44],"product_tag":[],"class_list":{"0":"post-2311","1":"product","2":"type-product","3":"status-publish","4":"has-post-thumbnail","6":"product_cat-randm-tornado-15000","8":"first","9":"instock","10":"shipping-taxable","11":"purchasable","12":"product-type-variable"},"acf":[],"_links":{"self":[{"href":"https:\/\/vozolpuff.de\/pl\/wp-json\/wp\/v2\/product\/2311","targetHints":{"allow":["GET"]}}],"collection":[{"href":"https:\/\/vozolpuff.de\/pl\/wp-json\/wp\/v2\/product"}],"about":[{"href":"https:\/\/vozolpuff.de\/pl\/wp-json\/wp\/v2\/types\/product"}],"replies":[{"embeddable":true,"href":"https:\/\/vozolpuff.de\/pl\/wp-json\/wp\/v2\/comments?post=2311"}],"wp:featuredmedia":[{"embeddable":true,"href":"https:\/\/vozolpuff.de\/pl\/wp-json\/wp\/v2\/media\/2314"}],"wp:attachment":[{"href":"https:\/\/vozolpuff.de\/pl\/wp-json\/wp\/v2\/media?parent=2311"}],"wp:term":[{"taxonomy":"product_brand","embeddable":true,"href":"https:\/\/vozolpuff.de\/pl\/wp-json\/wp\/v2\/product_brand?post=2311"},{"taxonomy":"product_cat","embeddable":true,"href":"https:\/\/vozolpuff.de\/pl\/wp-json\/wp\/v2\/product_cat?post=2311"},{"taxonomy":"product_tag","embeddable":true,"href":"https:\/\/vozolpuff.de\/pl\/wp-json\/wp\/v2\/product_tag?post=2311"}],"curies":[{"name":"wp","href":"https:\/\/api.w.org\/{rel}","templated":true}]}}