{"id":2703,"date":"2025-09-03T11:14:03","date_gmt":"2025-09-03T09:14:03","guid":{"rendered":"https:\/\/vozolpuff.de\/?post_type=product&#038;p=2703"},"modified":"2025-09-03T11:14:03","modified_gmt":"2025-09-03T09:14:03","slug":"fumot-tornado-25000-double-apple","status":"publish","type":"product","link":"https:\/\/vozolpuff.de\/pl\/produkt\/fumot-tornado-25000-double-apple\/","title":{"rendered":"Fumot Tornado 25000 Double Apple"},"content":{"rendered":"<h2 class=\"text-xl font-bold text-text-100 mt-1 -mb-0.5\">Jednorazowy e-papieros Fumot Tornado 25000 Double Apple<\/h2>\n<p class=\"whitespace-normal break-words\">Zanurz si\u0119 w autentycznym smaku Double Apple dzi\u0119ki Fumot Tornado 25000. Ten wysokiej jako\u015bci jednorazowy e-papieros oferuje klasyczne po\u0142\u0105czenie czerwonego i zielonego jab\u0142ka a\u017c do 25 000 aromatycznych zaci\u0105gni\u0119\u0107. Tradycyjny smak shishy zosta\u0142 udoskonalony dzi\u0119ki najnowocze\u015bniejszej technologii waporyzacji.<\/p>\n<p class=\"whitespace-normal break-words\">Pojemny zbiornik e-liquidu o pojemno\u015bci 20 ml zapewnia d\u0142ugotrwa\u0142\u0105 przyjemno\u015b\u0107 w ulubionych mocach nikotyny od 0% do 5%. Wytrzyma\u0142a bateria o pojemno\u015bci 700 mAh z funkcj\u0105 szybkiego \u0142adowania typu C zapewnia niezawodn\u0105 wydajno\u015b\u0107 na ka\u017cd\u0105 okazj\u0119. Technologia trzech cewek intensyfikuje z\u0142o\u017cone smaki jab\u0142ek i zapewnia r\u00f3wnomierne wytwarzanie pary.<\/p>\n<p class=\"whitespace-normal break-words\">Przyjazny dla u\u017cytkownika ekran dotykowy TFT o przek\u0105tnej 1,77 cala umo\u017cliwia intuicyjn\u0105 obs\u0142ug\u0119 i precyzyjn\u0105 personalizacj\u0119. Dzi\u0119ki lekkiej konstrukcji o wadze 120 g, Double Apple jest idealny dla mi\u0142o\u015bnik\u00f3w tradycyjnych smak\u00f3w z nowoczesn\u0105 wygod\u0105.<\/p>\n<h3 class=\"text-lg font-bold text-text-100 mt-1 -mb-1.5\">Specyfikacja techniczna<\/h3>\n<p class=\"whitespace-normal break-words\"><strong>Poci\u0105gi:<\/strong> Do 25 000<br \/>\n<strong>Wy\u015bwietlacz:<\/strong> Wy\u015bwietla stan e-liquidu i baterii<br \/>\n<strong>Pojemno\u015b\u0107:<\/strong> 20 ml<br \/>\n<strong>Typ cewki:<\/strong> Cewka z trzema oczkami<br \/>\n<strong>Waga:<\/strong> 120g<br \/>\n<strong>Ekran dotykowy:<\/strong> 1,77-calowy wy\u015bwietlacz TFT<br \/>\n<strong>Bateria:<\/strong> Akumulator o pojemno\u015bci 700 mAh z funkcj\u0105 szybkiego \u0142adowania typu C<\/p>\n<h3 class=\"text-lg font-bold text-text-100 mt-1 -mb-1.5\">Odkryj wi\u0119cej FUMOT VAPE na vozolpuff<\/h3>\n<p class=\"whitespace-normal break-words\">Rozszerz swoje doznania zwi\u0105zane z waporyzacj\u0105 dzi\u0119ki naszym <strong><a class=\"underline\" href=\"https:\/\/vozolpuff.de\/pl\/\">Zakres premium<\/a><\/strong>, poznaj ca\u0142\u0105 <strong><a class=\"underline\" href=\"https:\/\/vozolpuff.de\/pl\/product-category\/fumot-vape\/\">Gama FUMOT VAPE<\/a><\/strong> lub wybra\u0107 spo\u015br\u00f3d wszystkich <strong><a class=\"underline\" href=\"https:\/\/vozolpuff.de\/pl\/product-category\/fumot-vape\/fumot-tornado-25000\/\">Fumot Tornado 25000 smak\u00f3w<\/a><\/strong>.<\/p>","protected":false},"excerpt":{"rendered":"<p class=\"whitespace-normal break-words\">Fumot Tornado 25000 Double Apple: Jednorazowy e-papieros klasy premium o autentycznym smaku czerwono-zielonego jab\u0142ka. 25 000 zaci\u0105gni\u0119\u0107, pojemno\u015b\u0107 20 ml, bateria 700 mAh z \u0142adowaniem typu C. Technologia trzech cewek, wy\u015bwietlacz TFT 1,77\u2033. Dost\u0119pny w wersjach z nikotyn\u0105 0%, 2%, 3% lub 5%. Klasyczny smak shishy.<\/p>\n<h2 class=\"text-xl font-bold text-text-100 mt-1 -mb-0.5\"><\/h2>","protected":false},"featured_media":2708,"comment_status":"open","ping_status":"closed","template":"","meta":{"_acf_changed":false},"product_brand":[],"product_cat":[46],"product_tag":[],"class_list":{"0":"post-2703","1":"product","2":"type-product","3":"status-publish","4":"has-post-thumbnail","6":"product_cat-fumot-tornado-25000","8":"first","9":"instock","10":"shipping-taxable","11":"purchasable","12":"product-type-variable"},"acf":[],"_links":{"self":[{"href":"https:\/\/vozolpuff.de\/pl\/wp-json\/wp\/v2\/product\/2703","targetHints":{"allow":["GET"]}}],"collection":[{"href":"https:\/\/vozolpuff.de\/pl\/wp-json\/wp\/v2\/product"}],"about":[{"href":"https:\/\/vozolpuff.de\/pl\/wp-json\/wp\/v2\/types\/product"}],"replies":[{"embeddable":true,"href":"https:\/\/vozolpuff.de\/pl\/wp-json\/wp\/v2\/comments?post=2703"}],"wp:featuredmedia":[{"embeddable":true,"href":"https:\/\/vozolpuff.de\/pl\/wp-json\/wp\/v2\/media\/2708"}],"wp:attachment":[{"href":"https:\/\/vozolpuff.de\/pl\/wp-json\/wp\/v2\/media?parent=2703"}],"wp:term":[{"taxonomy":"product_brand","embeddable":true,"href":"https:\/\/vozolpuff.de\/pl\/wp-json\/wp\/v2\/product_brand?post=2703"},{"taxonomy":"product_cat","embeddable":true,"href":"https:\/\/vozolpuff.de\/pl\/wp-json\/wp\/v2\/product_cat?post=2703"},{"taxonomy":"product_tag","embeddable":true,"href":"https:\/\/vozolpuff.de\/pl\/wp-json\/wp\/v2\/product_tag?post=2703"}],"curies":[{"name":"wp","href":"https:\/\/api.w.org\/{rel}","templated":true}]}}