{"id":2743,"date":"2025-09-03T11:33:38","date_gmt":"2025-09-03T09:33:38","guid":{"rendered":"https:\/\/vozolpuff.de\/?post_type=product&#038;p=2743"},"modified":"2025-09-03T11:33:39","modified_gmt":"2025-09-03T09:33:39","slug":"fumot-tornado-25000-pineapple-ice","status":"publish","type":"product","link":"https:\/\/vozolpuff.de\/pl\/produkt\/fumot-tornado-25000-pineapple-ice\/","title":{"rendered":"Fumot Tornado 25000 Pineapple Ice"},"content":{"rendered":"<h2 class=\"text-xl font-bold text-text-100 mt-1 -mb-0.5\">Jednorazowy e-papieros Fumot Tornado 25000 Pineapple Ice<\/h2>\n<p class=\"whitespace-normal break-words\">Ciesz si\u0119 tropikalnym ch\u0142odem dzi\u0119ki Fumot Tornado 25000 Pineapple Ice. Ten wysokiej jako\u015bci jednorazowy e-papieros \u0142\u0105czy w sobie egzotyczny smak ananasa z lodowatym orze\u017awieniem, zapewniaj\u0105c do 25 000 tropikalnych zaci\u0105gni\u0119\u0107. Idealny towarzysz na s\u0142oneczne dni i relaksuj\u0105ce chwile.<\/p>\n<p class=\"whitespace-normal break-words\">Du\u017ca pojemno\u015b\u0107 20 ml e-liquidu z mo\u017cliwo\u015bci\u0105 dostosowania mocy nikotyny (0%, 2%, 3%, 5%) zapewnia spersonalizowane doznania podczas waporyzacji. Wydajna bateria 700 mAh z szybkim \u0142adowaniem typu C zapewnia ci\u0105g\u0142\u0105 wydajno\u015b\u0107. Innowacyjna technologia podw\u00f3jnej cewki siatkowej podkre\u015bla s\u0142odko-kwa\u015bne nuty ananasa i wzmacnia efekt ch\u0142odzenia.<\/p>\n<p class=\"whitespace-normal break-words\">Ergonomiczna konstrukcja o wadze 120 g pozwala na wygodne wapowanie w dowolnym miejscu, a responsywny wy\u015bwietlacz TFT o przek\u0105tnej 1,77 cala zapewnia pe\u0142n\u0105 kontrol\u0119. Pineapple Ice przenosi w tropikalne klimaty z ka\u017cdym lodowatym zaci\u0105gni\u0119ciem.<\/p>\n<h3 class=\"text-lg font-bold text-text-100 mt-1 -mb-1.5\">Specyfikacja techniczna<\/h3>\n<p class=\"whitespace-normal break-words\"><strong>Poci\u0105gi:<\/strong> Do 25 000<br \/>\n<strong>Wy\u015bwietlacz:<\/strong> Wy\u015bwietla stan e-liquidu i baterii<br \/>\n<strong>Pojemno\u015b\u0107:<\/strong> 20 ml<br \/>\n<strong>Typ cewki:<\/strong> Cewka z trzema oczkami<br \/>\n<strong>Waga:<\/strong> 120g<br \/>\n<strong>Ekran dotykowy:<\/strong> 1,77-calowy wy\u015bwietlacz TFT<br \/>\n<strong>Bateria:<\/strong> Akumulator o pojemno\u015bci 700 mAh z funkcj\u0105 szybkiego \u0142adowania typu C<\/p>\n<h3 class=\"text-lg font-bold text-text-100 mt-1 -mb-1.5\">Odkryj wi\u0119cej FUMOT VAPE na vozolpuff<\/h3>\n<p class=\"whitespace-normal break-words\">Odkryj wi\u0119cej atrakcji w naszym <strong><a class=\"underline\" href=\"https:\/\/vozolpuff.de\/pl\/\">Sklep internetowy<\/a><\/strong>zbada\u0107 <strong><a class=\"underline\" href=\"https:\/\/vozolpuff.de\/pl\/product-category\/fumot-vape\/\">Kolekcja FUMOT VAPE<\/a><\/strong> lub przegl\u0105da\u0107 wszystkie <strong><a class=\"underline\" href=\"https:\/\/vozolpuff.de\/pl\/product-category\/fumot-vape\/fumot-tornado-25000\/\">Fumot Tornado 25000 smak\u00f3w<\/a><\/strong>.<\/p>","protected":false},"excerpt":{"rendered":"<p class=\"whitespace-normal break-words\">Jednorazowy waporyzator Fumot Tornado 25000 Pineapple Ice oferuje egzotyczny smak ananasa i lodowat\u0105 \u015bwie\u017co\u015b\u0107. 25 000 zaci\u0105gni\u0119\u0107, 20 ml e-liquidu, bateria 700 mAh z \u0142adowaniem typu C. Najnowocze\u015bniejsza technologia trzech cewek i ekran dotykowy TFT o przek\u0105tnej 1,77\u2033. Dost\u0119pny w wersjach 0%, 2%, 3% i 5%. Tropikalne wakacje gwarantowane.<\/p>\n<h2 class=\"text-xl font-bold text-text-100 mt-1 -mb-0.5\"><\/h2>","protected":false},"featured_media":2748,"comment_status":"open","ping_status":"closed","template":"","meta":{"_acf_changed":false},"product_brand":[],"product_cat":[46],"product_tag":[],"class_list":{"0":"post-2743","1":"product","2":"type-product","3":"status-publish","4":"has-post-thumbnail","6":"product_cat-fumot-tornado-25000","8":"first","9":"instock","10":"shipping-taxable","11":"purchasable","12":"product-type-variable"},"acf":[],"_links":{"self":[{"href":"https:\/\/vozolpuff.de\/pl\/wp-json\/wp\/v2\/product\/2743","targetHints":{"allow":["GET"]}}],"collection":[{"href":"https:\/\/vozolpuff.de\/pl\/wp-json\/wp\/v2\/product"}],"about":[{"href":"https:\/\/vozolpuff.de\/pl\/wp-json\/wp\/v2\/types\/product"}],"replies":[{"embeddable":true,"href":"https:\/\/vozolpuff.de\/pl\/wp-json\/wp\/v2\/comments?post=2743"}],"wp:featuredmedia":[{"embeddable":true,"href":"https:\/\/vozolpuff.de\/pl\/wp-json\/wp\/v2\/media\/2748"}],"wp:attachment":[{"href":"https:\/\/vozolpuff.de\/pl\/wp-json\/wp\/v2\/media?parent=2743"}],"wp:term":[{"taxonomy":"product_brand","embeddable":true,"href":"https:\/\/vozolpuff.de\/pl\/wp-json\/wp\/v2\/product_brand?post=2743"},{"taxonomy":"product_cat","embeddable":true,"href":"https:\/\/vozolpuff.de\/pl\/wp-json\/wp\/v2\/product_cat?post=2743"},{"taxonomy":"product_tag","embeddable":true,"href":"https:\/\/vozolpuff.de\/pl\/wp-json\/wp\/v2\/product_tag?post=2743"}],"curies":[{"name":"wp","href":"https:\/\/api.w.org\/{rel}","templated":true}]}}