{"id":2763,"date":"2025-09-03T11:39:36","date_gmt":"2025-09-03T09:39:36","guid":{"rendered":"https:\/\/vozolpuff.de\/?post_type=product&#038;p=2763"},"modified":"2025-09-03T11:39:36","modified_gmt":"2025-09-03T09:39:36","slug":"fumot-tornado-25000-dr-blue","status":"publish","type":"product","link":"https:\/\/vozolpuff.de\/pl\/produkt\/fumot-tornado-25000-dr-blue\/","title":{"rendered":"Fumot Tornado 25000 Dr Blue"},"content":{"rendered":"<h2 class=\"text-xl font-bold text-text-100 mt-1 -mb-0.5\">Jednorazowy e-papieros Fumot Tornado 25000 Dr Blue<\/h2>\n<p class=\"whitespace-normal break-words\">Zanurz si\u0119 w wyj\u0105tkowych doznaniach smakowych Fumot Tornado 25000 Dr Blue. Ten niezwyk\u0142y jednorazowy e-papieros oferuje tajemnicz\u0105 mieszank\u0119 jag\u00f3d i s\u0142odkich nut a\u017c do 25 000 fascynuj\u0105cych zaci\u0105gni\u0119\u0107. Tajemniczy smak, kt\u00f3ry wzbudza ciekawo\u015b\u0107 i ekscytuje.<\/p>\n<p class=\"whitespace-normal break-words\">Du\u017ca pojemno\u015b\u0107 20 ml e-liquidu z elastycznymi opcjami nikotyny (0%, 2%, 3%, 5%) zapewnia d\u0142ugotrwa\u0142\u0105 przyjemno\u015b\u0107. Wytrzyma\u0142a bateria 700 mAh z szybkim \u0142adowaniem typu C zapewnia niezawodn\u0105 wydajno\u015b\u0107 przez ca\u0142\u0105 dob\u0119. Technologia podw\u00f3jnej cewki siatkowej optymalnie rozwija z\u0142o\u017cone warstwy smaku i zapewnia g\u0119st\u0105 produkcj\u0119 pary.<\/p>\n<p class=\"whitespace-normal break-words\">Przyjazna dla u\u017cytkownika konstrukcja o wadze 120 g idealnie le\u017cy w d\u0142oni, a intuicyjny wy\u015bwietlacz TFT o przek\u0105tnej 1,77 cala umo\u017cliwia precyzyjn\u0105 kontrol\u0119. Dr Blue jest idealny dla eksperymentuj\u0105cych waper\u00f3w poszukuj\u0105cych wyj\u0105tkowych dozna\u0144 smakowych.<\/p>\n<h3 class=\"text-lg font-bold text-text-100 mt-1 -mb-1.5\">Specyfikacja techniczna<\/h3>\n<p class=\"whitespace-normal break-words\"><strong>Poci\u0105gi:<\/strong> Do 25 000<br \/>\n<strong>Wy\u015bwietlacz:<\/strong> Wy\u015bwietla stan e-liquidu i baterii<br \/>\n<strong>Pojemno\u015b\u0107:<\/strong> 20 ml<br \/>\n<strong>Typ cewki:<\/strong> Cewka z trzema oczkami<br \/>\n<strong>Waga:<\/strong> 120g<br \/>\n<strong>Ekran dotykowy:<\/strong> 1,77-calowy wy\u015bwietlacz TFT<br \/>\n<strong>Bateria:<\/strong> Akumulator o pojemno\u015bci 700 mAh z funkcj\u0105 szybkiego \u0142adowania typu C<\/p>\n<h3 class=\"text-lg font-bold text-text-100 mt-1 -mb-1.5\">Odkryj wi\u0119cej FUMOT VAPE na vozolpuff<\/h3>\n<p class=\"whitespace-normal break-words\">Poznaj nasze <strong><a class=\"underline\" href=\"https:\/\/vozolpuff.de\/pl\/\">Oferta premium<\/a><\/strong>przegl\u0105da\u0107 <strong><a class=\"underline\" href=\"https:\/\/vozolpuff.de\/pl\/product-category\/fumot-vape\/\">Kolekcja FUMOT VAPE<\/a><\/strong> lub wybra\u0107 spo\u015br\u00f3d wszystkich <strong><a class=\"underline\" href=\"https:\/\/vozolpuff.de\/pl\/product-category\/fumot-vape\/fumot-tornado-25000\/\">Opcje Fumot Tornado 25000<\/a><\/strong>.<\/p>","protected":false},"excerpt":{"rendered":"<p class=\"whitespace-normal break-words\">Jednorazowy waporyzator Fumot Tornado 25000 Dr Blue oferuje tajemnicz\u0105 jagodowo-s\u0142odk\u0105 mieszank\u0119 smakow\u0105. 25 000 zaci\u0105gni\u0119\u0107, 20 ml e-liquidu, bateria 700 mAh z \u0142adowaniem typu C. Najnowocze\u015bniejsza technologia trzech cewek i ekran dotykowy TFT 1,77\u2033. Dost\u0119pny w wersjach 0%, 2%, 3% i 5%. Tajemnicza przyjemno\u015b\u0107 dla odkrywc\u00f3w.<\/p>\n<h2 class=\"text-xl font-bold text-text-100 mt-1 -mb-0.5\"><\/h2>","protected":false},"featured_media":2768,"comment_status":"open","ping_status":"closed","template":"","meta":{"_acf_changed":false},"product_brand":[],"product_cat":[46],"product_tag":[],"class_list":{"0":"post-2763","1":"product","2":"type-product","3":"status-publish","4":"has-post-thumbnail","6":"product_cat-fumot-tornado-25000","8":"first","9":"instock","10":"shipping-taxable","11":"purchasable","12":"product-type-variable"},"acf":[],"_links":{"self":[{"href":"https:\/\/vozolpuff.de\/pl\/wp-json\/wp\/v2\/product\/2763","targetHints":{"allow":["GET"]}}],"collection":[{"href":"https:\/\/vozolpuff.de\/pl\/wp-json\/wp\/v2\/product"}],"about":[{"href":"https:\/\/vozolpuff.de\/pl\/wp-json\/wp\/v2\/types\/product"}],"replies":[{"embeddable":true,"href":"https:\/\/vozolpuff.de\/pl\/wp-json\/wp\/v2\/comments?post=2763"}],"wp:featuredmedia":[{"embeddable":true,"href":"https:\/\/vozolpuff.de\/pl\/wp-json\/wp\/v2\/media\/2768"}],"wp:attachment":[{"href":"https:\/\/vozolpuff.de\/pl\/wp-json\/wp\/v2\/media?parent=2763"}],"wp:term":[{"taxonomy":"product_brand","embeddable":true,"href":"https:\/\/vozolpuff.de\/pl\/wp-json\/wp\/v2\/product_brand?post=2763"},{"taxonomy":"product_cat","embeddable":true,"href":"https:\/\/vozolpuff.de\/pl\/wp-json\/wp\/v2\/product_cat?post=2763"},{"taxonomy":"product_tag","embeddable":true,"href":"https:\/\/vozolpuff.de\/pl\/wp-json\/wp\/v2\/product_tag?post=2763"}],"curies":[{"name":"wp","href":"https:\/\/api.w.org\/{rel}","templated":true}]}}