{"id":2773,"date":"2025-09-03T11:42:19","date_gmt":"2025-09-03T09:42:19","guid":{"rendered":"https:\/\/vozolpuff.de\/?post_type=product&#038;p=2773"},"modified":"2025-09-03T11:42:19","modified_gmt":"2025-09-03T09:42:19","slug":"fumot-tornado-25000-kiwi-passion-fruit-guava","status":"publish","type":"product","link":"https:\/\/vozolpuff.de\/pl\/produkt\/fumot-tornado-25000-kiwi-passion-fruit-guava\/","title":{"rendered":"Fumot Tornado 25000 Kiwi Passion Fruit Guava"},"content":{"rendered":"<h2 class=\"text-xl font-bold text-text-100 mt-1 -mb-0.5\">Jednorazowy e-papieros Fumot Tornado 25000 Kiwi Passion Fruit Guava<\/h2>\n<p class=\"whitespace-normal break-words\">Wyrusz w tropikaln\u0105 podr\u00f3\u017c smakow\u0105 z Fumot Tornado 25000 Kiwi Passion Fruit Guava. Ten egzotyczny jednorazowy e-papieros \u0142\u0105czy w sobie trzy tropikalne owoce, tworz\u0105c harmonijne doznania smakowe do 25 000 niebia\u0144skich zaci\u0105gni\u0119\u0107. Idealna r\u00f3wnowaga kwaskowato\u015bci kiwi, s\u0142odyczy marakui i egzotyki guawy.<\/p>\n<p class=\"whitespace-normal break-words\">Bogaty system e-liquidu o pojemno\u015bci 20 ml z mo\u017cliwo\u015bci\u0105 wyboru mocy nikotyny od 0% do 5% umo\u017cliwia spersonalizowane chwile waporyzacji. Wytrzyma\u0142a bateria 700 mAh z technologi\u0105 szybkiego \u0142adowania typu C zapewnia d\u0142ugotrwa\u0142e u\u017cytkowanie. Innowacyjna technologia trzech cewek podkre\u015bla ka\u017cd\u0105 nut\u0119 owocow\u0105 i tworzy wielowarstwowy profil smakowy.<\/p>\n<p class=\"whitespace-normal break-words\">Przeno\u015bna konstrukcja o wadze 120 g sprawia, \u017ce urz\u0105dzenie jest idealnym towarzyszem podr\u00f3\u017cy, a przejrzysty wy\u015bwietlacz TFT o przek\u0105tnej 1,77 cala zapewnia kompleksow\u0105 kontrol\u0119. Kiwi Passion Fruit Guava to pozycja obowi\u0105zkowa dla mi\u0142o\u015bnik\u00f3w egzotycznych kombinacji owoc\u00f3w.<\/p>\n<h3 class=\"text-lg font-bold text-text-100 mt-1 -mb-1.5\">Specyfikacja techniczna<\/h3>\n<p class=\"whitespace-normal break-words\"><strong>Poci\u0105gi:<\/strong> Do 25 000<br \/>\n<strong>Wy\u015bwietlacz:<\/strong> Wy\u015bwietla stan e-liquidu i baterii<br \/>\n<strong>Pojemno\u015b\u0107:<\/strong> 20 ml<br \/>\n<strong>Typ cewki:<\/strong> Cewka z trzema oczkami<br \/>\n<strong>Waga:<\/strong> 120g<br \/>\n<strong>Ekran dotykowy:<\/strong> 1,77-calowy wy\u015bwietlacz TFT<br \/>\n<strong>Bateria:<\/strong> Akumulator o pojemno\u015bci 700 mAh z funkcj\u0105 szybkiego \u0142adowania typu C<\/p>\n<h3 class=\"text-lg font-bold text-text-100 mt-1 -mb-1.5\">Odkryj wi\u0119cej FUMOT VAPE na vozolpuff<\/h3>\n<p class=\"whitespace-normal break-words\">Odkryj wi\u0119cej egzotycznych smak\u00f3w w naszym <strong><a class=\"underline\" href=\"https:\/\/vozolpuff.de\/pl\/\">Pe\u0142ny zakres<\/a><\/strong>zbada\u0107 <strong><a class=\"underline\" href=\"https:\/\/vozolpuff.de\/pl\/product-category\/fumot-vape\/\">FUMOT VAPE World<\/a><\/strong> lub przegl\u0105da\u0107 wszystkie <strong><a class=\"underline\" href=\"https:\/\/vozolpuff.de\/pl\/product-category\/fumot-vape\/fumot-tornado-25000\/\">Kreacje Fumot Tornado 25000<\/a><\/strong>.<\/p>","protected":false},"excerpt":{"rendered":"<p class=\"whitespace-normal break-words\">Jednorazowy waporyzator Fumot Tornado 25000 Kiwi Passion Fruit Guava harmonijnie \u0142\u0105czy w sobie trzy owoce tropikalne. 25 000 zaci\u0105gni\u0119\u0107, 20 ml e-liquidu, bateria 700 mAh z \u0142adowaniem typu C. Technologia trzech cewek i ekran dotykowy TFT 1,77\u2033. Dost\u0119pny w wersjach 0%, 2%, 3% i 5%. Egzotyczny raj w kieszonkowym rozmiarze.<\/p>\n<h2 class=\"text-xl font-bold text-text-100 mt-1 -mb-0.5\"><\/h2>","protected":false},"featured_media":2778,"comment_status":"open","ping_status":"closed","template":"","meta":{"_acf_changed":false},"product_brand":[],"product_cat":[46],"product_tag":[],"class_list":{"0":"post-2773","1":"product","2":"type-product","3":"status-publish","4":"has-post-thumbnail","6":"product_cat-fumot-tornado-25000","8":"first","9":"instock","10":"shipping-taxable","11":"purchasable","12":"product-type-variable"},"acf":[],"_links":{"self":[{"href":"https:\/\/vozolpuff.de\/pl\/wp-json\/wp\/v2\/product\/2773","targetHints":{"allow":["GET"]}}],"collection":[{"href":"https:\/\/vozolpuff.de\/pl\/wp-json\/wp\/v2\/product"}],"about":[{"href":"https:\/\/vozolpuff.de\/pl\/wp-json\/wp\/v2\/types\/product"}],"replies":[{"embeddable":true,"href":"https:\/\/vozolpuff.de\/pl\/wp-json\/wp\/v2\/comments?post=2773"}],"wp:featuredmedia":[{"embeddable":true,"href":"https:\/\/vozolpuff.de\/pl\/wp-json\/wp\/v2\/media\/2778"}],"wp:attachment":[{"href":"https:\/\/vozolpuff.de\/pl\/wp-json\/wp\/v2\/media?parent=2773"}],"wp:term":[{"taxonomy":"product_brand","embeddable":true,"href":"https:\/\/vozolpuff.de\/pl\/wp-json\/wp\/v2\/product_brand?post=2773"},{"taxonomy":"product_cat","embeddable":true,"href":"https:\/\/vozolpuff.de\/pl\/wp-json\/wp\/v2\/product_cat?post=2773"},{"taxonomy":"product_tag","embeddable":true,"href":"https:\/\/vozolpuff.de\/pl\/wp-json\/wp\/v2\/product_tag?post=2773"}],"curies":[{"name":"wp","href":"https:\/\/api.w.org\/{rel}","templated":true}]}}