{"id":2793,"date":"2025-09-03T11:49:39","date_gmt":"2025-09-03T09:49:39","guid":{"rendered":"https:\/\/vozolpuff.de\/?post_type=product&#038;p=2793"},"modified":"2025-09-03T11:49:39","modified_gmt":"2025-09-03T09:49:39","slug":"fumot-tornado-25000-cool-mint","status":"publish","type":"product","link":"https:\/\/vozolpuff.de\/pl\/produkt\/fumot-tornado-25000-cool-mint\/","title":{"rendered":"Fumot Tornado 25000 Cool Mint"},"content":{"rendered":"<h2 class=\"text-xl font-bold text-text-100 mt-1 -mb-0.5\">Jednorazowy e-papieros Fumot Tornado 25000 Cool Mint<\/h2>\n<p class=\"whitespace-normal break-words\">Od\u015bwie\u017c si\u0119 dzi\u0119ki o\u017cywczemu Fumot Tornado 25000 Cool Mint. Ten czysty jednorazowy e-papieros oferuje intensywny mi\u0119towy smak z efektem ch\u0142odzenia do 25 000 orze\u017awiaj\u0105cych zaci\u0105gni\u0119\u0107. Klasyczny mi\u0119towy smak zapewnia d\u0142ugotrwa\u0142\u0105 \u015bwie\u017co\u015b\u0107 i jest idealny do ca\u0142odziennego wapowania.<\/p>\n<p class=\"whitespace-normal break-words\">System e-liquidu o du\u017cej pojemno\u015bci 20 ml z elastycznymi mocami nikotyny od 0% do 5% umo\u017cliwia spersonalizowane doznania podczas waporyzacji. Wydajna bateria 700 mAh z funkcj\u0105 szybkiego \u0142adowania typu C zapewnia sta\u0142\u0105 wydajno\u015b\u0107. Technologia trzech cewek maksymalizuje intensywno\u015b\u0107 smaku mi\u0119ty i zapewnia r\u00f3wnomierne, ch\u0142odne wytwarzanie pary.<\/p>\n<p class=\"whitespace-normal break-words\">Kompaktowa konstrukcja o wadze 120 g zapewnia wygod\u0119 przenoszenia na ka\u017cd\u0105 okazj\u0119, a znakomity wy\u015bwietlacz TFT o przek\u0105tnej 1,77 cala umo\u017cliwia intuicyjne sterowanie. Cool Mint to pierwszy wyb\u00f3r dla puryst\u00f3w, kt\u00f3rzy ceni\u0105 sobie czysty mi\u0119towy smak bez dodatk\u00f3w.<\/p>\n<h3 class=\"text-lg font-bold text-text-100 mt-1 -mb-1.5\">Specyfikacja techniczna<\/h3>\n<p class=\"whitespace-normal break-words\"><strong>Poci\u0105gi:<\/strong> Do 25 000<br \/>\n<strong>Wy\u015bwietlacz:<\/strong> Wy\u015bwietla stan e-liquidu i baterii<br \/>\n<strong>Pojemno\u015b\u0107:<\/strong> 20 ml<br \/>\n<strong>Typ cewki:<\/strong> Cewka z trzema oczkami<br \/>\n<strong>Waga:<\/strong> 120g<br \/>\n<strong>Ekran dotykowy:<\/strong> 1,77-calowy wy\u015bwietlacz TFT<br \/>\n<strong>Bateria:<\/strong> Akumulator o pojemno\u015bci 700 mAh z funkcj\u0105 szybkiego \u0142adowania typu C<\/p>\n<h3 class=\"text-lg font-bold text-text-100 mt-1 -mb-1.5\">Odkryj wi\u0119cej FUMOT VAPE na vozolpuff<\/h3>\n<p class=\"whitespace-normal break-words\">Przegl\u0105daj nasze <strong><a class=\"underline\" href=\"https:\/\/vozolpuff.de\/pl\/\">G\u0142\u00f3wny asortyment<\/a><\/strong> Aby uzyska\u0107 wi\u0119cej wariant\u00f3w Mint, zapoznaj si\u0119 z pe\u0142n\u0105 ofert\u0105 <strong><a class=\"underline\" href=\"https:\/\/vozolpuff.de\/pl\/product-category\/fumot-vape\/\">Wyb\u00f3r FUMOT VAPE<\/a><\/strong> lub wybra\u0107 spo\u015br\u00f3d wszystkich <strong><a class=\"underline\" href=\"https:\/\/vozolpuff.de\/pl\/product-category\/fumot-vape\/fumot-tornado-25000\/\">Fumot Tornado 25000 smak\u00f3w<\/a><\/strong>.<\/p>","protected":false},"excerpt":{"rendered":"<p class=\"whitespace-normal break-words\">Fumot Tornado 25000 Cool Mint oferuje intensywny mi\u0119towy smak do 25 000 zaci\u0105gni\u0119\u0107. Posiada 20 ml e-liquidu, bateri\u0119 700 mAh, szybkie \u0142adowanie typu C i wy\u015bwietlacz TFT 1,77\u2033. Technologia trzech cewek zapewnia maksymaln\u0105 \u015bwie\u017co\u015b\u0107 i r\u00f3wnomierny rozw\u00f3j pary. Idealny na ca\u0142y dzie\u0144.<\/p>\n<p class=\"whitespace-normal break-words\">","protected":false},"featured_media":2795,"comment_status":"open","ping_status":"closed","template":"","meta":{"_acf_changed":false},"product_brand":[],"product_cat":[46],"product_tag":[],"class_list":{"0":"post-2793","1":"product","2":"type-product","3":"status-publish","4":"has-post-thumbnail","6":"product_cat-fumot-tornado-25000","8":"first","9":"instock","10":"shipping-taxable","11":"purchasable","12":"product-type-variable"},"acf":[],"_links":{"self":[{"href":"https:\/\/vozolpuff.de\/pl\/wp-json\/wp\/v2\/product\/2793","targetHints":{"allow":["GET"]}}],"collection":[{"href":"https:\/\/vozolpuff.de\/pl\/wp-json\/wp\/v2\/product"}],"about":[{"href":"https:\/\/vozolpuff.de\/pl\/wp-json\/wp\/v2\/types\/product"}],"replies":[{"embeddable":true,"href":"https:\/\/vozolpuff.de\/pl\/wp-json\/wp\/v2\/comments?post=2793"}],"wp:featuredmedia":[{"embeddable":true,"href":"https:\/\/vozolpuff.de\/pl\/wp-json\/wp\/v2\/media\/2795"}],"wp:attachment":[{"href":"https:\/\/vozolpuff.de\/pl\/wp-json\/wp\/v2\/media?parent=2793"}],"wp:term":[{"taxonomy":"product_brand","embeddable":true,"href":"https:\/\/vozolpuff.de\/pl\/wp-json\/wp\/v2\/product_brand?post=2793"},{"taxonomy":"product_cat","embeddable":true,"href":"https:\/\/vozolpuff.de\/pl\/wp-json\/wp\/v2\/product_cat?post=2793"},{"taxonomy":"product_tag","embeddable":true,"href":"https:\/\/vozolpuff.de\/pl\/wp-json\/wp\/v2\/product_tag?post=2793"}],"curies":[{"name":"wp","href":"https:\/\/api.w.org\/{rel}","templated":true}]}}