{"id":2860,"date":"2025-09-04T05:59:43","date_gmt":"2025-09-04T03:59:43","guid":{"rendered":"https:\/\/vozolpuff.de\/?post_type=product&#038;p=2860"},"modified":"2025-09-04T05:59:43","modified_gmt":"2025-09-04T03:59:43","slug":"fumot-tornado-30k-music-cherry-ice","status":"publish","type":"product","link":"https:\/\/vozolpuff.de\/pl\/produkt\/fumot-tornado-30k-music-cherry-ice\/","title":{"rendered":"Fumot Tornado 30K Music Cherry Ice"},"content":{"rendered":"<h2 class=\"text-xl font-bold text-text-100 mt-1 -mb-0.5\">Fumot Tornado 30K Music Cherry Ice Einweg E-Zigarette<\/h2>\n<p class=\"whitespace-normal break-words\">Die Fumot Tornado 30K Music Cherry Ice bringt klassischen Kirschgeschmack mit eisiger K\u00fchle zusammen. Diese elegante Einweg E-Zigarette liefert bis zu 30.000 Z\u00fcge intensiver Cherry Ice Erfahrung mit 30ml hochwertigem E-Liquid. W\u00e4hlen Sie zwischen 2% oder 5% Nikotingehalt nach Ihren Vorlieben.<\/p>\n<p class=\"whitespace-normal break-words\">Durch die bew\u00e4hrte 1,0\u03a9 Mesh-Coil-Konstruktion kommt das authentische Cherry Ice Aroma voll zur Geltung. Die robuste 600mAh Batterie mit Type-C Ladetechnologie sichert langfristige Nutzung. Beeindruckende LED-Visualisierungen reagieren dynamisch auf Ihre Musikauswahl.<\/p>\n<p class=\"whitespace-normal break-words\"><strong>Technische Daten:<\/strong><\/p>\n<ul class=\"[&amp;:not(:last-child)_ul]:pb-1 [&amp;:not(:last-child)_ol]:pb-1 list-disc space-y-1.5 pl-7\">\n<li class=\"whitespace-normal break-words\">Z\u00fcge: Bis zu 30.000<\/li>\n<li class=\"whitespace-normal break-words\">Kapazit\u00e4t: 30ml Cherry Ice E-Liquid<\/li>\n<li class=\"whitespace-normal break-words\">Coil-Widerstand: 1,0\u03a9<\/li>\n<li class=\"whitespace-normal break-words\">Musik-aktivierte LED-Features<\/li>\n<li class=\"whitespace-normal break-words\">Nikotinst\u00e4rken: 2% &amp; 5%<\/li>\n<\/ul>\n<p class=\"whitespace-normal break-words\">Besuchen Sie unsere <strong><a class=\"underline\" href=\"https:\/\/vozolpuff.de\">Startseite<\/a><\/strong> f\u00fcr mehr Auswahl, st\u00f6bern Sie in der <strong><a class=\"underline\" href=\"https:\/\/vozolpuff.de\/product-category\/fumot-vape\/\">FUMOT VAPE Sektion<\/a><\/strong> oder entdecken Sie die gesamte <strong><a class=\"underline\" href=\"https:\/\/vozolpuff.de\/product-category\/fumot-vape\/fumot-tornado-30k-music\/\">Fumot Tornado 30K Music Collection<\/a><\/strong>.<\/p>\n","protected":false},"excerpt":{"rendered":"<p>Jednorazowy e-papieros Fumot Tornado 30K Music Cherry Ice \u0142\u0105czy klasyczny wi\u015bniowy smak z lodowatym ch\u0142odem. Do 30 000 zaci\u0105gni\u0119\u0107, 30 ml e-liquidu, bateria 600 mAh z \u0142adowaniem Type-C. Funkcje LED aktywowane muzyk\u0105. Siatkowa cewka zapewnia autentyczny smak wi\u015bniowego lodu. Dost\u0119pny w wersjach 2% i 5% nikotyny.<\/p>","protected":false},"featured_media":2866,"comment_status":"open","ping_status":"closed","template":"","meta":{"_acf_changed":false},"product_brand":[],"product_cat":[47],"product_tag":[],"class_list":{"0":"post-2860","1":"product","2":"type-product","3":"status-publish","4":"has-post-thumbnail","6":"product_cat-fumot-tornado-30k-music","8":"first","9":"instock","10":"shipping-taxable","11":"purchasable","12":"product-type-variable"},"acf":[],"_links":{"self":[{"href":"https:\/\/vozolpuff.de\/pl\/wp-json\/wp\/v2\/product\/2860","targetHints":{"allow":["GET"]}}],"collection":[{"href":"https:\/\/vozolpuff.de\/pl\/wp-json\/wp\/v2\/product"}],"about":[{"href":"https:\/\/vozolpuff.de\/pl\/wp-json\/wp\/v2\/types\/product"}],"replies":[{"embeddable":true,"href":"https:\/\/vozolpuff.de\/pl\/wp-json\/wp\/v2\/comments?post=2860"}],"wp:featuredmedia":[{"embeddable":true,"href":"https:\/\/vozolpuff.de\/pl\/wp-json\/wp\/v2\/media\/2866"}],"wp:attachment":[{"href":"https:\/\/vozolpuff.de\/pl\/wp-json\/wp\/v2\/media?parent=2860"}],"wp:term":[{"taxonomy":"product_brand","embeddable":true,"href":"https:\/\/vozolpuff.de\/pl\/wp-json\/wp\/v2\/product_brand?post=2860"},{"taxonomy":"product_cat","embeddable":true,"href":"https:\/\/vozolpuff.de\/pl\/wp-json\/wp\/v2\/product_cat?post=2860"},{"taxonomy":"product_tag","embeddable":true,"href":"https:\/\/vozolpuff.de\/pl\/wp-json\/wp\/v2\/product_tag?post=2860"}],"curies":[{"name":"wp","href":"https:\/\/api.w.org\/{rel}","templated":true}]}}