{"id":3051,"date":"2025-09-06T05:40:00","date_gmt":"2025-09-06T03:40:00","guid":{"rendered":"https:\/\/vozolpuff.de\/?post_type=product&#038;p=3051"},"modified":"2026-03-02T10:34:16","modified_gmt":"2026-03-02T09:34:16","slug":"fumot-leopard-40k-pink-lemonade","status":"publish","type":"product","link":"https:\/\/vozolpuff.de\/pl\/produkt\/fumot-leopard-40k-pink-lemonade\/","title":{"rendered":"Fumot Leopard 40K Pink Lemonade"},"content":{"rendered":"<h2 class=\"text-xl font-bold text-text-100 mt-1 -mb-0.5\">Fumot Leopard 40K Pink Lemonade premium vape<\/h2>\n<p class=\"whitespace-normal break-words\">Fumot Leopard 40K Pink Lemonade przenosi klasyczny letni koktajl do \u015bwiata e-papieros\u00f3w klasy premium. 40 000 orze\u017awiaj\u0105cych zaci\u0105gni\u0119\u0107 z idealn\u0105 r\u00f3wnowag\u0105 s\u0142odko-kwa\u015bnych smak\u00f3w cytryny i owocowej maliny. Zaawansowana technologia podw\u00f3jnej siatki i spektakularny wz\u00f3r lamparta sprawiaj\u0105, \u017ce ten jednorazowy e-papieros zapewnia wyj\u0105tkowe doznania podczas waporyzacji.<\/p>\n<h3 class=\"text-xl font-bold text-text-100 mt-1 -mb-0.5\">Pink Lemonade - nowa interpretacja klasyka<\/h3>\n<p class=\"whitespace-normal break-words\"><strong>Nostalgiczny smak lemoniady:<\/strong> Autentyczna cytrynowa \u015bwie\u017co\u015b\u0107 \u0142\u0105czy si\u0119 ze s\u0142odkim malinowym smakiem, przywodz\u0105c na my\u015bl s\u0142oneczne letnie dni i orze\u017awiaj\u0105ce drinki. Zr\u00f3wnowa\u017cony s\u0142odko-kwa\u015bny smak zapewnia orze\u017awiaj\u0105ce i nigdy nie nudne doznania smakowe.<\/p>\n<p class=\"whitespace-normal break-words\"><strong>Precyzyjna technologia siatkowa:<\/strong> Podw\u00f3jne siatki grzewcze o zoptymalizowanej strukturze powierzchni zapewniaj\u0105 jednorodn\u0105 waporyzacj\u0119 cieczy. Technologia ta maksymalizuje zar\u00f3wno intensywno\u015b\u0107 smaku, jak i g\u0119sto\u015b\u0107 pary przy ka\u017cdej aktywacji.<\/p>\n<p class=\"whitespace-normal break-words\"><strong>Intuicyjne monitorowanie stanu:<\/strong> Podw\u00f3jny system LED zapewnia ci\u0105g\u0142e informacje o stanie urz\u0105dzenia. Symbol kropli po lewej stronie wskazuje zapas e-liquidu, podczas gdy symbol baterii po prawej stronie pokazuje dost\u0119pn\u0105 energi\u0119 dla niezak\u0142\u00f3conej przyjemno\u015bci z pary.<\/p>\n<p class=\"whitespace-normal break-words\"><strong>Zarz\u0105dzanie energi\u0105 USB-C:<\/strong> Przysz\u0142o\u015bciowa technologia \u0142adowania o pojemno\u015bci 700 mAh umo\u017cliwia wielokrotne \u0142adowanie a\u017c do ca\u0142kowitego opr\u00f3\u017cnienia p\u0142ynu. Szybkie, wydajne i kompatybilne z nowoczesnymi \u0142adowarkami.<\/p>\n<h3 class=\"text-xl font-bold text-text-100 mt-1 -mb-0.5\">Szczeg\u00f3\u0142y techniczne<\/h3>\n<p class=\"whitespace-normal break-words\">0% 2% 3% 5% Wyb\u00f3r nikotyny<br \/>\nBateria o pojemno\u015bci 700 mAh<br \/>\nPodw\u00f3jna siatka innowacji<br \/>\nGwarancja poci\u0105g\u00f3w 40K<br \/>\n\u0141adowanie typu C<br \/>\nCyfrowy wy\u015bwietlacz<\/p>\n<h3 class=\"text-xl font-bold text-text-100 mt-1 -mb-0.5\">Odkryj wi\u0119cej FUMOT VAPE na vozolpuff<\/h3>\n<p class=\"whitespace-normal break-words\">Odkryj wi\u0119cej produkt\u00f3w vapour premium na naszej stronie <strong><a class=\"underline\" href=\"https:\/\/vozolpuff.de\/pl\/\">Strona g\u0142\u00f3wna<\/a><\/strong>zapoznaj si\u0119 z pe\u0142n\u0105 <strong><a class=\"underline\" href=\"https:\/\/vozolpuff.de\/pl\/product-category\/fumot-vape\/\">Kolekcja FUMOT VAPE<\/a><\/strong> lub wybra\u0107 spo\u015br\u00f3d wszystkich dost\u0119pnych <strong><a class=\"underline\" href=\"https:\/\/vozolpuff.de\/pl\/product-category\/fumot-vape\/fumot-leopard-40k\/\">Smaki Fumot Leopard 40K<\/a><\/strong>.<\/p>","protected":false},"excerpt":{"rendered":"<p class=\"whitespace-normal break-words\">Waporyzator premium Fumot Leopard 40K Pink Lemonade oferuje 40 000 zaci\u0105gni\u0119\u0107 orze\u017awiaj\u0105c\u0105 lemoniad\u0105 cytrynowo-malinow\u0105. Posiada bateri\u0119 USB-C o pojemno\u015bci 700 mAh, technologi\u0119 podw\u00f3jnej siatki, wy\u015bwietlacz LED stanu i wz\u00f3r lamparta. Dost\u0119pne st\u0119\u017cenia nikotyny 0%-5%. Klasyczny smak letniego koktajlu.<\/p>\n<h2 class=\"text-xl font-bold text-text-100 mt-1 -mb-0.5\"><\/h2>","protected":false},"featured_media":3053,"comment_status":"open","ping_status":"closed","template":"","meta":{"_acf_changed":false},"product_brand":[],"product_cat":[48],"product_tag":[],"class_list":{"0":"post-3051","1":"product","2":"type-product","3":"status-publish","4":"has-post-thumbnail","6":"product_cat-fumot-leopard-40k","8":"first","9":"instock","10":"shipping-taxable","11":"purchasable","12":"product-type-variable"},"acf":[],"_links":{"self":[{"href":"https:\/\/vozolpuff.de\/pl\/wp-json\/wp\/v2\/product\/3051","targetHints":{"allow":["GET"]}}],"collection":[{"href":"https:\/\/vozolpuff.de\/pl\/wp-json\/wp\/v2\/product"}],"about":[{"href":"https:\/\/vozolpuff.de\/pl\/wp-json\/wp\/v2\/types\/product"}],"replies":[{"embeddable":true,"href":"https:\/\/vozolpuff.de\/pl\/wp-json\/wp\/v2\/comments?post=3051"}],"wp:featuredmedia":[{"embeddable":true,"href":"https:\/\/vozolpuff.de\/pl\/wp-json\/wp\/v2\/media\/3053"}],"wp:attachment":[{"href":"https:\/\/vozolpuff.de\/pl\/wp-json\/wp\/v2\/media?parent=3051"}],"wp:term":[{"taxonomy":"product_brand","embeddable":true,"href":"https:\/\/vozolpuff.de\/pl\/wp-json\/wp\/v2\/product_brand?post=3051"},{"taxonomy":"product_cat","embeddable":true,"href":"https:\/\/vozolpuff.de\/pl\/wp-json\/wp\/v2\/product_cat?post=3051"},{"taxonomy":"product_tag","embeddable":true,"href":"https:\/\/vozolpuff.de\/pl\/wp-json\/wp\/v2\/product_tag?post=3051"}],"curies":[{"name":"wp","href":"https:\/\/api.w.org\/{rel}","templated":true}]}}