{"id":3696,"date":"2025-09-09T10:11:29","date_gmt":"2025-09-09T08:11:29","guid":{"rendered":"https:\/\/vozolpuff.de\/?post_type=product&#038;p=3696"},"modified":"2025-09-09T10:11:29","modified_gmt":"2025-09-09T08:11:29","slug":"randm-tornado-7000-red-apple-lemon","status":"publish","type":"product","link":"https:\/\/vozolpuff.de\/pl\/produkt\/randm-tornado-7000-red-apple-lemon\/","title":{"rendered":"RandM Tornado 7000 Red Apple Lemon"},"content":{"rendered":"<h2 class=\"text-xl font-bold text-text-100 mt-1 -mb-0.5\">Jednorazowy e-papieros RandM Tornado 7000 Red Apple Lemon<\/h2>\n<p class=\"whitespace-normal break-words\">E-papieros RandM Tornado 7000 Red Apple Lemon zapewnia wyj\u0105tkowe 7000 zaci\u0105gni\u0119\u0107 na urz\u0105dzenie o pojemno\u015bci 14 ml e-liquidu i st\u0119\u017ceniach nikotyny 0%, 2%, 3% i 5%. Jest on wyposa\u017cony w akumulator 850 mAh, precyzyjn\u0105 kontrol\u0119 przep\u0142ywu powietrza i innowacyjn\u0105 technologi\u0119 cewki siatkowej. Przed pierwszym u\u017cyciem Tornado R&amp;M 7000 Red Apple Lemon zaleca si\u0119 odczekanie oko\u0142o 2 minut po nape\u0142nieniu go e-ciecz\u0105. Ta faza spoczynku zapewnia optymaln\u0105 absorpcj\u0119 p\u0142ynu i poprawia przyjemno\u015b\u0107 z waporyzacji.<\/p>\n<h3 class=\"text-lg font-bold text-text-100 mt-1 -mb-1.5\">RandM Tornado 7000 Red Apple Lemon Cechy:<\/h3>\n<p class=\"whitespace-normal break-words\">Jednorazowy e-papieros RandM Tornado 7000 Red Apple Lemon to pot\u0119\u017cne urz\u0105dzenie do waporyzacji, kt\u00f3re \u0142\u0105czy w sobie wygod\u0119 i wydajno\u015b\u0107 w eleganckiej obudowie. Dzi\u0119ki niezwyk\u0142ej pojemno\u015bci do 7000 zaci\u0105gni\u0119\u0107, ten jednorazowy e-papieros jest idealny dla vaper\u00f3w, kt\u00f3rzy pragn\u0105 d\u0142ugotrwa\u0142ych i aromatycznych dozna\u0144.<\/p>\n<p class=\"whitespace-normal break-words\">Wyposa\u017cony w solidn\u0105 bateri\u0119 850 mAh i pojemny zbiornik na e-liquid o pojemno\u015bci 14 ml, Red Apple Lemon Tornado zapewnia d\u0142u\u017csze sesje waporyzacji. Regulowana kontrola przep\u0142ywu powietrza oferuje dodatkowy poziom personalizacji i pozwala dostosowa\u0107 doznania podczas waporyzacji.<\/p>\n<p class=\"whitespace-normal break-words\">Opracowany z my\u015bl\u0105 o mobilnych entuzjastach waporyzacji, Tornado imponuje kompaktow\u0105 konstrukcj\u0105 i mechanizmem spustowym aktywowanym przez naci\u015bni\u0119cie, dzi\u0119ki czemu jest niezwykle przyjazny dla u\u017cytkownika. Aromat Red Apple Lemon \u0142\u0105czy soczyste czerwone jab\u0142ka z pikantn\u0105 cytryn\u0105, zapewniaj\u0105c orze\u017awiaj\u0105ce doznania smakowe. Tornado 7000 jest dost\u0119pny w smakach soli nikotyny 0%, 2%, 3% i 5%, aby dopasowa\u0107 si\u0119 do r\u00f3\u017cnych preferencji.<\/p>\n<h3 class=\"text-lg font-bold text-text-100 mt-1 -mb-1.5\">Dane techniczne<\/h3>\n<p class=\"whitespace-normal break-words\">Zawarto\u015b\u0107 nikotyny: 0% \/2%\/3%\/5%<br \/>\nIlo\u015b\u0107 nape\u0142nienia: 14 ml<br \/>\nPoci\u0105gi na urz\u0105dzenie: 7000<br \/>\nRegulacja przep\u0142ywu powietrza<br \/>\n\u0141adowanie typu C<br \/>\nAkumulator<br \/>\nZintegrowana bateria 850 mAh<\/p>\n<h3 class=\"text-lg font-bold text-text-100 mt-1 -mb-1.5\">Odkryj wi\u0119cej FUMOT VAPE na vozolpuff<\/h3>\n<p class=\"whitespace-normal break-words\">Zapoznaj si\u0119 z nasz\u0105 pe\u0142n\u0105 ofert\u0105 na stronie <strong><a class=\"underline\" href=\"https:\/\/vozolpuff.de\/pl\/\">Strona g\u0142\u00f3wna<\/a><\/strong>, odkryj wi\u0119cej urz\u0105dze\u0144 klasy premium w <strong><a class=\"underline\" href=\"https:\/\/vozolpuff.de\/pl\/product-category\/fumot-vape\/\">Kategoria FUMOT VAPE<\/a><\/strong> lub wybierz z pe\u0142nej listy <strong><a class=\"underline\" href=\"https:\/\/vozolpuff.de\/pl\/product-category\/fumot-vape\/randm-tornado-7000\/\">Wyb\u00f3r smak\u00f3w RandM Tornado 7000<\/a><\/strong>.<\/p>","protected":false},"excerpt":{"rendered":"<p class=\"whitespace-normal break-words\">Jednorazowy waporyzator RandM Tornado 7000 Red Apple Lemon \u0142\u0105czy soczyste czerwone jab\u0142ka z pikantn\u0105 cytryn\u0105, zapewniaj\u0105c do 7000 zaci\u0105gni\u0119\u0107. Posiada zbiornik na e-liquid o pojemno\u015bci 14 ml, akumulator 850 mAh i regulowany przep\u0142yw powietrza. Dost\u0119pny w wersjach 0%, 2%, 3% i 5%. Technologia cewki siatkowej zapewnia intensywne owocowe doznania.<\/p>\n<p class=\"whitespace-normal break-words\">","protected":false},"featured_media":3700,"comment_status":"open","ping_status":"closed","template":"","meta":{"_acf_changed":false},"product_brand":[],"product_cat":[50],"product_tag":[],"class_list":{"0":"post-3696","1":"product","2":"type-product","3":"status-publish","4":"has-post-thumbnail","6":"product_cat-randm-tornado-7000","8":"first","9":"instock","10":"shipping-taxable","11":"purchasable","12":"product-type-variable"},"acf":[],"_links":{"self":[{"href":"https:\/\/vozolpuff.de\/pl\/wp-json\/wp\/v2\/product\/3696","targetHints":{"allow":["GET"]}}],"collection":[{"href":"https:\/\/vozolpuff.de\/pl\/wp-json\/wp\/v2\/product"}],"about":[{"href":"https:\/\/vozolpuff.de\/pl\/wp-json\/wp\/v2\/types\/product"}],"replies":[{"embeddable":true,"href":"https:\/\/vozolpuff.de\/pl\/wp-json\/wp\/v2\/comments?post=3696"}],"wp:featuredmedia":[{"embeddable":true,"href":"https:\/\/vozolpuff.de\/pl\/wp-json\/wp\/v2\/media\/3700"}],"wp:attachment":[{"href":"https:\/\/vozolpuff.de\/pl\/wp-json\/wp\/v2\/media?parent=3696"}],"wp:term":[{"taxonomy":"product_brand","embeddable":true,"href":"https:\/\/vozolpuff.de\/pl\/wp-json\/wp\/v2\/product_brand?post=3696"},{"taxonomy":"product_cat","embeddable":true,"href":"https:\/\/vozolpuff.de\/pl\/wp-json\/wp\/v2\/product_cat?post=3696"},{"taxonomy":"product_tag","embeddable":true,"href":"https:\/\/vozolpuff.de\/pl\/wp-json\/wp\/v2\/product_tag?post=3696"}],"curies":[{"name":"wp","href":"https:\/\/api.w.org\/{rel}","templated":true}]}}