{"id":3705,"date":"2025-09-09T10:13:58","date_gmt":"2025-09-09T08:13:58","guid":{"rendered":"https:\/\/vozolpuff.de\/?post_type=product&#038;p=3705"},"modified":"2025-09-09T10:13:59","modified_gmt":"2025-09-09T08:13:59","slug":"randm-tornado-7000-pineapple-ice","status":"publish","type":"product","link":"https:\/\/vozolpuff.de\/pl\/produkt\/randm-tornado-7000-pineapple-ice\/","title":{"rendered":"RandM Tornado 7000 Pineapple Ice"},"content":{"rendered":"<h2 class=\"text-xl font-bold text-text-100 mt-1 -mb-0.5\">RandM Tornado 7000 Pineapple Ice Jednorazowy e-papieros<\/h2>\n<p class=\"whitespace-normal break-words\">E-papieros RandM Tornado 7000 Pineapple Ice zapewnia imponuj\u0105ce 7000 zaci\u0105gni\u0119\u0107 na urz\u0105dzenie, pojemno\u015b\u0107 14 ml e-liquidu i st\u0119\u017cenie nikotyny 0%, 2%, 3% i 5%. Urz\u0105dzenie posiada akumulator o pojemno\u015bci 850 mAh, regulacj\u0119 przep\u0142ywu powietrza oraz najnowocze\u015bniejsz\u0105 technologi\u0119 cewki siatkowej. Przed pierwszym u\u017cyciem Tornado R&amp;M 7000 Pineapple Ice nale\u017cy odczeka\u0107 oko\u0142o 2 minut po nape\u0142nieniu. Czas ten zapewnia ca\u0142kowite wch\u0142oni\u0119cie e-liquidu i optymalizuje tropikalne doznania podczas wapowania.<\/p>\n<h3 class=\"text-lg font-bold text-text-100 mt-1 -mb-1.5\">RandM Tornado 7000 Pineapple Ice W\u0142a\u015bciwo\u015bci:<\/h3>\n<p class=\"whitespace-normal break-words\">Jednorazowy e-papieros RandM Tornado 7000 Pineapple Ice \u2013 wydajne urz\u0105dzenie do wapowania, kt\u00f3re \u0142\u0105czy w sobie tropikaln\u0105 \u015bwie\u017co\u015b\u0107 i najwy\u017csz\u0105 jako\u015b\u0107 w eleganckim opakowaniu. Dzi\u0119ki wyj\u0105tkowej pojemno\u015bci do 7000 zaci\u0105gni\u0119\u0107 ten jednorazowy e-papieros jest idealny dla u\u017cytkownik\u00f3w, kt\u00f3rzy ceni\u0105 sobie d\u0142ugotrwa\u0142e i pe\u0142ne smaku doznania.<\/p>\n<p class=\"whitespace-normal break-words\">Dzi\u0119ki wydajnej baterii o pojemno\u015bci 850 mAh i imponuj\u0105cemu zbiornikowi na e-liquid o pojemno\u015bci 14 ml, Pineapple Ice Tornado jest przygotowany do d\u0142u\u017cszych sesji wapowania. Regulowana kontrola przep\u0142ywu powietrza dodaje poziom indywidualizacji i pozwala dostosowa\u0107 wra\u017cenia z wapowania do w\u0142asnych preferencji.<\/p>\n<p class=\"whitespace-normal break-words\">Zaprojektowany z my\u015bl\u0105 o osobach cz\u0119sto podr\u00f3\u017cuj\u0105cych, Tornado wyr\u00f3\u017cnia si\u0119 kompaktow\u0105 konstrukcj\u0105 i mechanizmem zap\u0142onowym aktywowanym przez zaci\u0105gni\u0119cie si\u0119, co sprawia, \u017ce jest niezwykle \u0142atwy w u\u017cyciu. Smak Pineapple Ice \u0142\u0105czy s\u0142odki tropikalny ananas z orze\u017awiaj\u0105cym efektem ch\u0142odu, zapewniaj\u0105c o\u017cywcze doznania podczas wapowania. Tornado 7000 jest dost\u0119pny w wersjach z sol\u0105 nikotynow\u0105 0%, 2%, 3% i 5%, dzi\u0119ki czemu zaspokaja r\u00f3\u017cne potrzeby.<\/p>\n<h3 class=\"text-lg font-bold text-text-100 mt-1 -mb-1.5\">Specyfikacja techniczna<\/h3>\n<p class=\"whitespace-normal break-words\">\u2611 0% \/2%\/3%\/5% Nikotyna<br \/>\n\u2611 Pojemno\u015b\u0107 e-liquidu 14 ml<br \/>\n\u2611 7000 poci\u0105g\u00f3w na jednostk\u0119<br \/>\n\u2611 Kontrola przep\u0142ywu powietrza<br \/>\n\u0141adowanie typu C<br \/>\n\u2611 Akumulator wielokrotnego \u0142adowania<br \/>\n\u2611 Wbudowany akumulator 850 mAh<\/p>\n<h3 class=\"text-lg font-bold text-text-100 mt-1 -mb-1.5\">Odkryj wi\u0119cej FUMOT VAPE na vozolpuff<\/h3>\n<p class=\"whitespace-normal break-words\">Zapraszamy do zapoznania si\u0119 z nasz\u0105 bogat\u0105 ofert\u0105 na naszej stronie internetowej. <strong><a class=\"underline\" href=\"https:\/\/vozolpuff.de\/pl\/\">Strona g\u0142\u00f3wna<\/a><\/strong>, Odkryj wysokiej jako\u015bci produkty w <strong><a class=\"underline\" href=\"https:\/\/vozolpuff.de\/pl\/product-category\/fumot-vape\/\">Sekcja FUMOT VAPE<\/a><\/strong> lub zapoznaj si\u0119 z ca\u0142\u0105 ofert\u0105 <strong><a class=\"underline\" href=\"https:\/\/vozolpuff.de\/pl\/product-category\/fumot-vape\/randm-tornado-7000\/\">Kolekcja aromat\u00f3w RandM Tornado 7000<\/a><\/strong>.<\/p>","protected":false},"excerpt":{"rendered":"<p class=\"whitespace-normal break-words\">Jednorazowy vape RandM Tornado 7000 Pineapple Ice \u0142\u0105czy s\u0142odki tropikalny ananas z orze\u017awiaj\u0105cym efektem ch\u0142odu, zapewniaj\u0105c do 7000 zaci\u0105gni\u0119\u0107. Z 14 ml zbiornikiem na e-liquid, akumulatorem 850 mAh i regulowan\u0105 kontrol\u0105 przep\u0142ywu powietrza. Dost\u0119pny w wersjach 0%, 2%, 3% i 5% nikotyny. Technologia cewki siatkowej dla tropikalnych dozna\u0144.<\/p>\n<p class=\"whitespace-normal break-words\">","protected":false},"featured_media":3709,"comment_status":"open","ping_status":"closed","template":"","meta":{"_acf_changed":false},"product_brand":[],"product_cat":[50],"product_tag":[],"class_list":{"0":"post-3705","1":"product","2":"type-product","3":"status-publish","4":"has-post-thumbnail","6":"product_cat-randm-tornado-7000","8":"first","9":"instock","10":"shipping-taxable","11":"purchasable","12":"product-type-variable"},"acf":[],"_links":{"self":[{"href":"https:\/\/vozolpuff.de\/pl\/wp-json\/wp\/v2\/product\/3705","targetHints":{"allow":["GET"]}}],"collection":[{"href":"https:\/\/vozolpuff.de\/pl\/wp-json\/wp\/v2\/product"}],"about":[{"href":"https:\/\/vozolpuff.de\/pl\/wp-json\/wp\/v2\/types\/product"}],"replies":[{"embeddable":true,"href":"https:\/\/vozolpuff.de\/pl\/wp-json\/wp\/v2\/comments?post=3705"}],"wp:featuredmedia":[{"embeddable":true,"href":"https:\/\/vozolpuff.de\/pl\/wp-json\/wp\/v2\/media\/3709"}],"wp:attachment":[{"href":"https:\/\/vozolpuff.de\/pl\/wp-json\/wp\/v2\/media?parent=3705"}],"wp:term":[{"taxonomy":"product_brand","embeddable":true,"href":"https:\/\/vozolpuff.de\/pl\/wp-json\/wp\/v2\/product_brand?post=3705"},{"taxonomy":"product_cat","embeddable":true,"href":"https:\/\/vozolpuff.de\/pl\/wp-json\/wp\/v2\/product_cat?post=3705"},{"taxonomy":"product_tag","embeddable":true,"href":"https:\/\/vozolpuff.de\/pl\/wp-json\/wp\/v2\/product_tag?post=3705"}],"curies":[{"name":"wp","href":"https:\/\/api.w.org\/{rel}","templated":true}]}}