{"id":3714,"date":"2025-09-09T10:16:43","date_gmt":"2025-09-09T08:16:43","guid":{"rendered":"https:\/\/vozolpuff.de\/?post_type=product&#038;p=3714"},"modified":"2025-09-09T10:16:43","modified_gmt":"2025-09-09T08:16:43","slug":"randm-tornado-7000-cotton-candy","status":"publish","type":"product","link":"https:\/\/vozolpuff.de\/pl\/produkt\/randm-tornado-7000-cotton-candy\/","title":{"rendered":"RandM Tornado 7000 Cotton Candy"},"content":{"rendered":"<h2 class=\"text-xl font-bold text-text-100 mt-1 -mb-0.5\">RandM Tornado 7000 Cotton Candy Jednorazowy e-papieros<\/h2>\n<p class=\"whitespace-normal break-words\">RandM Tornado 7000 Cotton Candy Vape zapewnia fantastyczne 7000 zaci\u0105gni\u0119\u0107 na urz\u0105dzenie z 14 ml e-liquidu i zawarto\u015bci\u0105 nikotyny 0%, 2%, 3% i 5%. Posiada akumulator o pojemno\u015bci 850 mAh, regulacj\u0119 ci\u0105gu i najnowocze\u015bniejsz\u0105 technologi\u0119 cewki siatkowej. Przed pierwszym u\u017cyciem Tornado R&amp;M 7000 Cotton Candy zaleca si\u0119 odczekanie oko\u0142o 2 minut po nape\u0142nieniu e-liquidem. Ten czas odczekiwania zapewnia idealne nasycenie p\u0142ynu i maksymalizuje przyjemno\u015b\u0107 z palenia.<\/p>\n<h3 class=\"text-lg font-bold text-text-100 mt-1 -mb-1.5\">RandM Tornado 7000 Cotton Candy Cechy:<\/h3>\n<p class=\"whitespace-normal break-words\">Jednorazowy e-papieros RandM Tornado 7000 Cotton Candy \u2013 pot\u0119\u017cne urz\u0105dzenie do wapowania, kt\u00f3re \u0142\u0105czy w sobie nostalgiczn\u0105 s\u0142odycz i nowoczesn\u0105 technologi\u0119 w kompaktowym formacie. Dzi\u0119ki niezwyk\u0142ej wydajno\u015bci do 7000 zaci\u0105gni\u0119\u0107 ten jednorazowy e-papieros jest idealny dla wszystkich, kt\u00f3rzy pragn\u0105 d\u0142ugotrwa\u0142ej i s\u0142odkiej przyjemno\u015bci.<\/p>\n<p class=\"whitespace-normal break-words\">Wyposa\u017cony w niezawodny akumulator o pojemno\u015bci 850 mAh i pojemny zbiornik na e-liquid o pojemno\u015bci 14 ml, Cotton Candy Tornado gwarantuje nieko\u0144cz\u0105ce si\u0119 chwile parowania. Regulacja przep\u0142ywu powietrza zapewnia dodatkowe mo\u017cliwo\u015bci dostosowania i pozwala precyzyjnie dostosowa\u0107 wra\u017cenia z parowania.<\/p>\n<p class=\"whitespace-normal break-words\">Zaprojektowany z my\u015bl\u0105 o u\u017cytkownikach w podr\u00f3\u017cy, Tornado przekonuje swoim por\u0119cznym formatem i mechanizmem uruchamianym przez zaci\u0105gni\u0119cie, co czyni go niezwykle przyjaznym dla u\u017cytkownika. Smak Cotton Candy przywo\u0142uje wspomnienia z dzieci\u0144stwa zwi\u0105zane z wat\u0105 cukrow\u0105 dzi\u0119ki swojej nieodpartej s\u0142odyczy. Tornado 7000 jest dost\u0119pne w wersjach z sol\u0105 nikotynow\u0105 0%, 2%, 3% i 5% i spe\u0142nia r\u00f3\u017cne wymagania.<\/p>\n<h3 class=\"text-lg font-bold text-text-100 mt-1 -mb-1.5\">Specyfikacja produktu<\/h3>\n<p class=\"whitespace-normal break-words\">\u2611 Warianty nikotyny: 0% \/2%\/3%\/5%<br \/>\n\u2611 Pojemno\u015b\u0107 zbiornika: 14 ml<br \/>\n\u2611 Ilo\u015b\u0107 pary na urz\u0105dzenie: 7000<br \/>\n\u2611 Regulacja przep\u0142ywu powietrza<br \/>\nFunkcja \u0142adowania typu C<br \/>\n\u2611 Akumulator<br \/>\n\u2611 Wbudowany akumulator o pojemno\u015bci 850 mAh<\/p>\n<h3 class=\"text-lg font-bold text-text-100 mt-1 -mb-1.5\">Odkryj wi\u0119cej FUMOT VAPE na vozolpuff<\/h3>\n<p class=\"whitespace-normal break-words\">Zapraszamy do zapoznania si\u0119 z nasz\u0105 bogat\u0105 ofert\u0105 na naszej stronie internetowej. <strong><a class=\"underline\" href=\"https:\/\/vozolpuff.de\/pl\/\">Strona g\u0142\u00f3wna<\/a><\/strong>, zapoznaj si\u0119 z najwy\u017cszej klasy urz\u0105dzeniami parowymi w <strong><a class=\"underline\" href=\"https:\/\/vozolpuff.de\/pl\/product-category\/fumot-vape\/\">Dzia\u0142 FUMOT VAPE<\/a><\/strong> lub przeszuka\u0107 ca\u0142\u0105 <strong><a class=\"underline\" href=\"https:\/\/vozolpuff.de\/pl\/product-category\/fumot-vape\/randm-tornado-7000\/\">Zakres smaku RandM Tornado 7000<\/a><\/strong>.<\/p>","protected":false},"excerpt":{"rendered":"<p class=\"whitespace-normal break-words\">Jednorazowy vape RandM Tornado 7000 Cotton Candy przywo\u0142uje nostalgiczn\u0105 s\u0142odycz waty cukrowej na nawet 7000 zaci\u0105gni\u0119\u0107. Z 14 ml zbiornikiem na e-liquid, akumulatorem 850 mAh i regulowan\u0105 kontrol\u0105 przep\u0142ywu powietrza. Dost\u0119pny w wersjach 0%, 2%, 3% i 5% nikotyny. Technologia cewki siatkowej zapewnia s\u0142odkie wspomnienia z dzieci\u0144stwa.<\/p>\n<p class=\"whitespace-normal break-words\">","protected":false},"featured_media":3716,"comment_status":"open","ping_status":"closed","template":"","meta":{"_acf_changed":false},"product_brand":[],"product_cat":[50],"product_tag":[],"class_list":{"0":"post-3714","1":"product","2":"type-product","3":"status-publish","4":"has-post-thumbnail","6":"product_cat-randm-tornado-7000","8":"first","9":"instock","10":"shipping-taxable","11":"purchasable","12":"product-type-variable"},"acf":[],"_links":{"self":[{"href":"https:\/\/vozolpuff.de\/pl\/wp-json\/wp\/v2\/product\/3714","targetHints":{"allow":["GET"]}}],"collection":[{"href":"https:\/\/vozolpuff.de\/pl\/wp-json\/wp\/v2\/product"}],"about":[{"href":"https:\/\/vozolpuff.de\/pl\/wp-json\/wp\/v2\/types\/product"}],"replies":[{"embeddable":true,"href":"https:\/\/vozolpuff.de\/pl\/wp-json\/wp\/v2\/comments?post=3714"}],"wp:featuredmedia":[{"embeddable":true,"href":"https:\/\/vozolpuff.de\/pl\/wp-json\/wp\/v2\/media\/3716"}],"wp:attachment":[{"href":"https:\/\/vozolpuff.de\/pl\/wp-json\/wp\/v2\/media?parent=3714"}],"wp:term":[{"taxonomy":"product_brand","embeddable":true,"href":"https:\/\/vozolpuff.de\/pl\/wp-json\/wp\/v2\/product_brand?post=3714"},{"taxonomy":"product_cat","embeddable":true,"href":"https:\/\/vozolpuff.de\/pl\/wp-json\/wp\/v2\/product_cat?post=3714"},{"taxonomy":"product_tag","embeddable":true,"href":"https:\/\/vozolpuff.de\/pl\/wp-json\/wp\/v2\/product_tag?post=3714"}],"curies":[{"name":"wp","href":"https:\/\/api.w.org\/{rel}","templated":true}]}}