{"id":3723,"date":"2025-09-09T10:19:09","date_gmt":"2025-09-09T08:19:09","guid":{"rendered":"https:\/\/vozolpuff.de\/?post_type=product&#038;p=3723"},"modified":"2025-09-09T10:19:09","modified_gmt":"2025-09-09T08:19:09","slug":"randm-tornado-7000-strawberry-banana","status":"publish","type":"product","link":"https:\/\/vozolpuff.de\/pl\/produkt\/randm-tornado-7000-strawberry-banana\/","title":{"rendered":"RandM Tornado 7000 Strawberry Banana"},"content":{"rendered":"<h2 class=\"text-xl font-bold text-text-100 mt-1 -mb-0.5\">RandM Tornado 7000 Strawberry Banana Jednorazowy e-papieros<\/h2>\n<p class=\"whitespace-normal break-words\">RandM Tornado 7000 Strawberry Banana Vape oferuje a\u017c 7000 zaci\u0105gni\u0119\u0107 na urz\u0105dzenie, pojemno\u015b\u0107 14 ml e-liquidu i zawarto\u015b\u0107 nikotyny 0%, 2%, 3% i 5%. Urz\u0105dzenie jest wyposa\u017cone w akumulator o pojemno\u015bci 850 mAh, regulacj\u0119 przep\u0142ywu powietrza i zaawansowan\u0105 technologi\u0119 cewki siatkowej. Przed pierwszym u\u017cyciem Tornado R&amp;M 7000 Strawberry Banana zaleca si\u0119 odczekanie oko\u0142o 2 minut po nape\u0142nieniu e-liquidem. Ta faza oczekiwania zapewnia optymalne nas\u0105czenie i doskonali owocowe doznania podczas wapowania.<\/p>\n<h3 class=\"text-lg font-bold text-text-100 mt-1 -mb-1.5\">RandM Tornado 7000 Strawberry Banana Cechy:<\/h3>\n<p class=\"whitespace-normal break-words\">RandM Tornado 7000 Strawberry Banana Disposable \u2013 pot\u0119\u017cna vape, kt\u00f3ra \u0142\u0105czy kremow\u0105 s\u0142odycz banan\u00f3w z soczyst\u0105 \u015bwie\u017co\u015bci\u0105 truskawek w stylowej obudowie. Dzi\u0119ki imponuj\u0105cej wydajno\u015bci do 7000 zaci\u0105gni\u0119\u0107 ten jednorazowy e-papieros jest idealny dla smakoszy, kt\u00f3rzy pragn\u0105 d\u0142ugotrwa\u0142ego i owocowego aromatu.<\/p>\n<p class=\"whitespace-normal break-words\">Wyposa\u017cony w wydajn\u0105 bateri\u0119 850 mAh i pojemny zbiornik na e-liquid o pojemno\u015bci 14 ml, Strawberry Banana Tornado zapewnia d\u0142ugotrwa\u0142\u0105 przyjemno\u015b\u0107. Regulacja przep\u0142ywu powietrza umo\u017cliwia dalsz\u0105 personalizacj\u0119 i pozwala dostosowa\u0107 wra\u017cenia z vapowania do w\u0142asnych preferencji.<\/p>\n<p class=\"whitespace-normal break-words\">Stworzony z my\u015bl\u0105 o mi\u0142o\u015bnikach mobilnego vapowania, Tornado wyr\u00f3\u017cnia si\u0119 przeno\u015bn\u0105 konstrukcj\u0105 i systemem zap\u0142onu aktywowanym przez zaci\u0105gni\u0119cie si\u0119, co czyni go niezwykle przyjaznym dla u\u017cytkownika. Smak truskawkowo-bananowy \u0142\u0105czy dojrza\u0142e truskawki z kremowymi bananami, tworz\u0105c harmonijny owocowy aromat. Tornado 7000 jest dost\u0119pny w wersjach z sol\u0105 nikotynow\u0105 0%, 2%, 3% i 5%, zaspokajaj\u0105c r\u00f3\u017cne gusta.<\/p>\n<h3 class=\"text-lg font-bold text-text-100 mt-1 -mb-1.5\">Specyfikacje urz\u0105dze\u0144<\/h3>\n<p class=\"whitespace-normal break-words\">\u2611 Opcje nikotynowe: 0% \/2%\/3%\/5%<br \/>\n\u2611 Zawarto\u015b\u0107 p\u0142ynu: 14 ml<br \/>\n\u2611 Puffy na urz\u0105dzenie: 7000<br \/>\n\u2611 Regulacja przep\u0142ywu powietrza<br \/>\n\u2611 Mo\u017cliwo\u015b\u0107 \u0142adowania typu C<br \/>\n\u2611 Akumulator<br \/>\n\u2611 Zintegrowane \u017ar\u00f3d\u0142o zasilania 850 mAh<\/p>\n<h3 class=\"text-lg font-bold text-text-100 mt-1 -mb-1.5\">Odkryj wi\u0119cej FUMOT VAPE na vozolpuff<\/h3>\n<p class=\"whitespace-normal break-words\">Zapraszamy do zapoznania si\u0119 z nasz\u0105 bogat\u0105 ofert\u0105 na naszej stronie internetowej. <strong><a class=\"underline\" href=\"https:\/\/vozolpuff.de\/pl\/\">Strona internetowa<\/a><\/strong>, odkryj produkty premium do wapowania w <strong><a class=\"underline\" href=\"https:\/\/vozolpuff.de\/pl\/product-category\/fumot-vape\/\">FUMOT VAPE Rubryka<\/a><\/strong> lub odkryj pe\u0142n\u0105 ofert\u0119 <strong><a class=\"underline\" href=\"https:\/\/vozolpuff.de\/pl\/product-category\/fumot-vape\/randm-tornado-7000\/\">RandM Tornado 7000 \u015awiat aromat\u00f3w<\/a><\/strong>.<\/p>","protected":false},"excerpt":{"rendered":"<p class=\"whitespace-normal break-words\">Jednorazowy vape RandM Tornado 7000 Strawberry Banana \u0142\u0105czy w sobie dojrza\u0142e truskawki z kremowymi bananami, zapewniaj\u0105c do 7000 zaci\u0105gni\u0119\u0107. Z 14 ml zbiornikiem na e-liquid, akumulatorem 850 mAh i regulowan\u0105 kontrol\u0105 przep\u0142ywu powietrza. Dost\u0119pny w wersjach 0%, 2%, 3% i 5% nikotyny. Technologia Mesh Coil zapewnia harmonijne doznania owocowe.<\/p>\n<p class=\"whitespace-normal break-words\">","protected":false},"featured_media":3727,"comment_status":"open","ping_status":"closed","template":"","meta":{"_acf_changed":false},"product_brand":[],"product_cat":[50],"product_tag":[],"class_list":{"0":"post-3723","1":"product","2":"type-product","3":"status-publish","4":"has-post-thumbnail","6":"product_cat-randm-tornado-7000","8":"first","9":"instock","10":"shipping-taxable","11":"purchasable","12":"product-type-variable"},"acf":[],"_links":{"self":[{"href":"https:\/\/vozolpuff.de\/pl\/wp-json\/wp\/v2\/product\/3723","targetHints":{"allow":["GET"]}}],"collection":[{"href":"https:\/\/vozolpuff.de\/pl\/wp-json\/wp\/v2\/product"}],"about":[{"href":"https:\/\/vozolpuff.de\/pl\/wp-json\/wp\/v2\/types\/product"}],"replies":[{"embeddable":true,"href":"https:\/\/vozolpuff.de\/pl\/wp-json\/wp\/v2\/comments?post=3723"}],"wp:featuredmedia":[{"embeddable":true,"href":"https:\/\/vozolpuff.de\/pl\/wp-json\/wp\/v2\/media\/3727"}],"wp:attachment":[{"href":"https:\/\/vozolpuff.de\/pl\/wp-json\/wp\/v2\/media?parent=3723"}],"wp:term":[{"taxonomy":"product_brand","embeddable":true,"href":"https:\/\/vozolpuff.de\/pl\/wp-json\/wp\/v2\/product_brand?post=3723"},{"taxonomy":"product_cat","embeddable":true,"href":"https:\/\/vozolpuff.de\/pl\/wp-json\/wp\/v2\/product_cat?post=3723"},{"taxonomy":"product_tag","embeddable":true,"href":"https:\/\/vozolpuff.de\/pl\/wp-json\/wp\/v2\/product_tag?post=3723"}],"curies":[{"name":"wp","href":"https:\/\/api.w.org\/{rel}","templated":true}]}}