{"id":3741,"date":"2025-09-09T10:24:11","date_gmt":"2025-09-09T08:24:11","guid":{"rendered":"https:\/\/vozolpuff.de\/?post_type=product&#038;p=3741"},"modified":"2025-09-09T10:24:12","modified_gmt":"2025-09-09T08:24:12","slug":"randm-tornado-7000-strawberry-kiwi","status":"publish","type":"product","link":"https:\/\/vozolpuff.de\/pl\/produkt\/randm-tornado-7000-strawberry-kiwi\/","title":{"rendered":"RandM Tornado 7000 Strawberry Kiwi"},"content":{"rendered":"<h2 class=\"text-xl font-bold text-text-100 mt-1 -mb-0.5\">RandM Tornado 7000 Strawberry Kiwi Jednorazowy e-papieros<\/h2>\n<p class=\"whitespace-normal break-words\">E-papieros RandM Tornado 7000 Strawberry Kiwi umo\u017cliwia imponuj\u0105ce 7000 zaci\u0105gni\u0119\u0107 na sztuk\u0119 przy pojemno\u015bci 14 ml e-liquidu i st\u0119\u017ceniu nikotyny 0%, 2%, 3% i 5%. Urz\u0105dzenie posiada akumulator o pojemno\u015bci 850 mAh, regulacj\u0119 ci\u0105gu oraz nowoczesn\u0105 technologi\u0119 mesh coil. Przed pierwszym u\u017cyciem Tornado R&amp;M 7000 Strawberry Kiwi zaleca si\u0119 odczekanie oko\u0142o 2 minut po nape\u0142nieniu e-liquidem. Ta faza absorpcji zapewnia idealne nasycenie p\u0142ynem i doskonali egzotyczne, owocowe doznania podczas wapowania.<\/p>\n<h3 class=\"text-lg font-bold text-text-100 mt-1 -mb-1.5\">RandM Tornado 7000 Strawberry Kiwi W\u0142a\u015bciwo\u015bci:<\/h3>\n<p class=\"whitespace-normal break-words\">Jednorazowy e-papieros RandM Tornado 7000 Strawberry Kiwi \u2013 wysokowydajne urz\u0105dzenie do wapowania, kt\u00f3re \u0142\u0105czy s\u0142odki smak truskawek z egzotyczn\u0105 kwaskowato\u015bci\u0105 kiwi w eleganckiej obudowie. Dzi\u0119ki wyj\u0105tkowej wydajno\u015bci do 7000 zaci\u0105gni\u0119\u0107 ten jednorazowy e-papieros jest idealny dla entuzjast\u00f3w poszukuj\u0105cych trwa\u0142ego i intensywnego aromatu.<\/p>\n<p class=\"whitespace-normal break-words\">Wyposa\u017cony w pot\u0119\u017cny akumulator o pojemno\u015bci 850 mAh i pojemny zbiornik na e-liquid o pojemno\u015bci 14 ml, Strawberry Kiwi Tornado gwarantuje d\u0142ugie sesje wapowania. Regulacja przep\u0142ywu powietrza dodaje wymiar indywidualizacji i pozwala modyfikowa\u0107 wra\u017cenia z wapowania zgodnie z w\u0142asnymi preferencjami.<\/p>\n<p class=\"whitespace-normal break-words\">Zaprojektowany z my\u015bl\u0105 o mobilnych u\u017cytkownikach, Tornado zachwyca por\u0119czn\u0105 konstrukcj\u0105 i aktywowanym oddechem urz\u0105dzeniem, co czyni go niezwykle przyjaznym dla u\u017cytkownika. Smak truskawkowo-kiwi \u0142\u0105czy s\u0142odkie truskawki z kwaskowatym kiwi, tworz\u0105c zr\u00f3wnowa\u017cony owocowy aromat. Tornado 7000 jest dost\u0119pne w wersjach z sol\u0105 nikotynow\u0105 0%, 2%, 3% i 5% i spe\u0142nia r\u00f3\u017cnorodne potrzeby.<\/p>\n<h3 class=\"text-lg font-bold text-text-100 mt-1 -mb-1.5\">W\u0142a\u015bciwo\u015bci techniczne<\/h3>\n<p class=\"whitespace-normal break-words\">\u2611 Zawarto\u015b\u0107 nikotyny: 0% \/2%\/3%\/5%<br \/>\n\u2611 Pojemno\u015b\u0107 pojemnika: 14 ml<br \/>\n\u2611 Ilo\u015b\u0107 inhalacji na urz\u0105dzenie: 7000<br \/>\nModyfikacja przep\u0142ywu powietrza<br \/>\n\u2611 Zasilanie typu C<br \/>\n\u2611 Akumulator<br \/>\n\u2611 Zintegrowany akumulator o pojemno\u015bci 850 mAh<\/p>\n<h3 class=\"text-lg font-bold text-text-100 mt-1 -mb-1.5\">Odkryj wi\u0119cej FUMOT VAPE na vozolpuff<\/h3>\n<p class=\"whitespace-normal break-words\">Zapraszamy do zapoznania si\u0119 z nasz\u0105 bogat\u0105 ofert\u0105 na naszej stronie internetowej. <strong><a class=\"underline\" href=\"https:\/\/vozolpuff.de\/pl\/\">Obecno\u015b\u0107 w Internecie<\/a><\/strong>, zapoznaj si\u0119 z najwy\u017cszej klasy artyku\u0142ami parowymi w <strong><a class=\"underline\" href=\"https:\/\/vozolpuff.de\/pl\/product-category\/fumot-vape\/\">Kategoria FUMOT VAPE<\/a><\/strong> lub przejrze\u0107 pe\u0142n\u0105 list\u0119 <strong><a class=\"underline\" href=\"https:\/\/vozolpuff.de\/pl\/product-category\/fumot-vape\/randm-tornado-7000\/\">RandM Tornado 7000 \u015awiat aromat\u00f3w<\/a><\/strong>.<\/p>","protected":false},"excerpt":{"rendered":"<p class=\"whitespace-normal break-words\">Jednorazowy vape RandM Tornado 7000 Strawberry Kiwi \u0142\u0105czy s\u0142odkie truskawki z kwaskowatym kiwi, zapewniaj\u0105c do 7000 zaci\u0105gni\u0119\u0107. Z 14 ml zbiornikiem e-liquidu, akumulatorem 850 mAh i regulowan\u0105 kontrol\u0105 przep\u0142ywu powietrza. Dost\u0119pny w wersjach 0%, 2%, 3% i 5% nikotyny. Technologia cewki siatkowej zapewnia zr\u00f3wnowa\u017cone doznania smakowe egzotycznych owoc\u00f3w.<\/p>\n<p class=\"whitespace-normal break-words\">","protected":false},"featured_media":3745,"comment_status":"open","ping_status":"closed","template":"","meta":{"_acf_changed":false},"product_brand":[],"product_cat":[50],"product_tag":[],"class_list":{"0":"post-3741","1":"product","2":"type-product","3":"status-publish","4":"has-post-thumbnail","6":"product_cat-randm-tornado-7000","8":"first","9":"instock","10":"shipping-taxable","11":"purchasable","12":"product-type-variable"},"acf":[],"_links":{"self":[{"href":"https:\/\/vozolpuff.de\/pl\/wp-json\/wp\/v2\/product\/3741","targetHints":{"allow":["GET"]}}],"collection":[{"href":"https:\/\/vozolpuff.de\/pl\/wp-json\/wp\/v2\/product"}],"about":[{"href":"https:\/\/vozolpuff.de\/pl\/wp-json\/wp\/v2\/types\/product"}],"replies":[{"embeddable":true,"href":"https:\/\/vozolpuff.de\/pl\/wp-json\/wp\/v2\/comments?post=3741"}],"wp:featuredmedia":[{"embeddable":true,"href":"https:\/\/vozolpuff.de\/pl\/wp-json\/wp\/v2\/media\/3745"}],"wp:attachment":[{"href":"https:\/\/vozolpuff.de\/pl\/wp-json\/wp\/v2\/media?parent=3741"}],"wp:term":[{"taxonomy":"product_brand","embeddable":true,"href":"https:\/\/vozolpuff.de\/pl\/wp-json\/wp\/v2\/product_brand?post=3741"},{"taxonomy":"product_cat","embeddable":true,"href":"https:\/\/vozolpuff.de\/pl\/wp-json\/wp\/v2\/product_cat?post=3741"},{"taxonomy":"product_tag","embeddable":true,"href":"https:\/\/vozolpuff.de\/pl\/wp-json\/wp\/v2\/product_tag?post=3741"}],"curies":[{"name":"wp","href":"https:\/\/api.w.org\/{rel}","templated":true}]}}