{"id":3750,"date":"2025-09-09T10:26:51","date_gmt":"2025-09-09T08:26:51","guid":{"rendered":"https:\/\/vozolpuff.de\/?post_type=product&#038;p=3750"},"modified":"2025-09-09T10:26:51","modified_gmt":"2025-09-09T08:26:51","slug":"randm-tornado-7000-red-energy-ice","status":"publish","type":"product","link":"https:\/\/vozolpuff.de\/pl\/produkt\/randm-tornado-7000-red-energy-ice\/","title":{"rendered":"RandM Tornado 7000 Red Energy Ice"},"content":{"rendered":"<h2 class=\"text-xl font-bold text-text-100 mt-1 -mb-0.5\">Jednorazowy e-papieros RandM Tornado 7000 Red Energy Ice<\/h2>\n<p class=\"whitespace-normal break-words\">RandM Tornado 7000 Red Energy Ice Vape zapewnia wyj\u0105tkowe 7000 zaci\u0105gni\u0119\u0107 na urz\u0105dzenie o pojemno\u015bci 14 ml e-liquidu i poziomach nikotyny 0%, 2%, 3% i 5%. Jest wyposa\u017cony w akumulator 850 mAh, kontrol\u0119 przep\u0142ywu powietrza i technologi\u0119 progresywnej cewki siatkowej. Przed pierwszym u\u017cyciem Tornado R&amp;M 7000 Red Energy Ice zaleca si\u0119 wstrzymanie na oko\u0142o 2 minuty po nape\u0142nieniu e-ciecz\u0105. Ten czas nasycenia zapewnia optymaln\u0105 absorpcj\u0119 i maksymalizuje doznania zwi\u0105zane z energiczn\u0105, ch\u0142odn\u0105 par\u0105.<\/p>\n<h3 class=\"text-lg font-bold text-text-100 mt-1 -mb-1.5\">Specyfikacja RandM Tornado 7000 Red Energy Ice:<\/h3>\n<p class=\"whitespace-normal break-words\">Jednorazowy papieros RandM Tornado 7000 Red Energy Ice to waporyzacyjna pot\u0119ga, kt\u00f3ra \u0142\u0105czy w sobie orze\u017awiaj\u0105cego kopa napoju energetycznego z od\u015bwie\u017caj\u0105cym ch\u0142odnym wyko\u0144czeniem w nowoczesnym opakowaniu. Dzi\u0119ki niezwyk\u0142ej wydajno\u015bci do 7000 zaci\u0105gni\u0119\u0107, ten jednorazowy e-papieros jest idealny dla u\u017cytkownik\u00f3w, kt\u00f3rzy preferuj\u0105 d\u0142ugotrwa\u0142e i energetyzuj\u0105ce doznania smakowe.<\/p>\n<p class=\"whitespace-normal break-words\">Red Energy Ice Tornado jest wyposa\u017cony w pot\u0119\u017cn\u0105 bateri\u0119 o pojemno\u015bci 850 mAh i spory, wst\u0119pnie na\u0142adowany zbiornik e-liquidu o pojemno\u015bci 14 ml, co zapewnia d\u0142u\u017csze okresy waporyzacji. Regulowana kontrola przep\u0142ywu powietrza zapewnia kolejny poziom personalizacji i umo\u017cliwia skalibrowanie wra\u017ce\u0144 z waporyzacji zgodnie z w\u0142asnymi upodobaniami.<\/p>\n<p class=\"whitespace-normal break-words\">Zaprojektowany z my\u015bl\u0105 o vaperach w ruchu, Tornado wyr\u00f3\u017cnia si\u0119 przeno\u015bnym formatem i mechanizmem zap\u0142onu sterowanym wdechem, dzi\u0119ki czemu jest niezwykle przyjazny dla u\u017cytkownika. Smak Red Energy Ice \u0142\u0105czy pobudzaj\u0105cy smak napoj\u00f3w energetycznych z efektem ch\u0142odzenia, zapewniaj\u0105c orze\u017awiaj\u0105ce doznania podczas waporyzacji. Tornado 7000 jest dost\u0119pny w opcjach soli nikotyny 0%, 2%, 3% i 5% i zaspokaja r\u00f3\u017cne preferencje.<\/p>\n<h3 class=\"text-lg font-bold text-text-100 mt-1 -mb-1.5\">Specyfikacja urz\u0105dzenia<\/h3>\n<p class=\"whitespace-normal break-words\">\u2611 Warianty nikotyny: 0% \/2%\/3%\/5%<br \/>\nPojemno\u015b\u0107 p\u0142ynu: 14 ml<br \/>\n\u2611 Puffy na jednostk\u0119: 7000<br \/>\n\u2611 Regulacja przep\u0142ywu powietrza<br \/>\nOpcja \u0142adowania typu C<br \/>\nAkumulatorowa jednostka zasilaj\u0105ca<br \/>\nWbudowany zasilacz o pojemno\u015bci 850 mAh<\/p>\n<h3 class=\"text-lg font-bold text-text-100 mt-1 -mb-1.5\">Odkryj wi\u0119cej FUMOT VAPE na vozolpuff<\/h3>\n<p class=\"whitespace-normal break-words\">Odkryj nasz\u0105 szerok\u0105 gam\u0119 produkt\u00f3w na <strong><a class=\"underline\" href=\"https:\/\/vozolpuff.de\/pl\/\">Strona internetowa<\/a><\/strong>, odkryj najwy\u017cszej jako\u015bci sprz\u0119t vape w <strong><a class=\"underline\" href=\"https:\/\/vozolpuff.de\/pl\/product-category\/fumot-vape\/\">Sekcja FUMOT VAPE<\/a><\/strong> lub przejrze\u0107 kompletn\u0105 <strong><a class=\"underline\" href=\"https:\/\/vozolpuff.de\/pl\/product-category\/fumot-vape\/randm-tornado-7000\/\">Kolekcja aromat\u00f3w RandM Tornado 7000<\/a><\/strong>.<\/p>","protected":false},"excerpt":{"rendered":"<p class=\"whitespace-normal break-words\">Jednorazowy waporyzator RandM Tornado 7000 Red Energy Ice \u0142\u0105czy w sobie pobudzaj\u0105cy smak napoju energetycznego z efektem ch\u0142odzenia nawet przez 7000 zaci\u0105gni\u0119\u0107. Posiada zbiornik na e-liquid o pojemno\u015bci 14 ml, akumulator o pojemno\u015bci 850 mAh i regulowany przep\u0142yw powietrza. Dost\u0119pny w wersjach 0%, 2%, 3% i 5%. Technologia cewki siatkowej zapewnia energetyzuj\u0105ce doznania.<\/p>\n<p class=\"whitespace-normal break-words\">","protected":false},"featured_media":3753,"comment_status":"open","ping_status":"closed","template":"","meta":{"_acf_changed":false},"product_brand":[],"product_cat":[50],"product_tag":[],"class_list":{"0":"post-3750","1":"product","2":"type-product","3":"status-publish","4":"has-post-thumbnail","6":"product_cat-randm-tornado-7000","8":"first","9":"instock","10":"shipping-taxable","11":"purchasable","12":"product-type-variable"},"acf":[],"_links":{"self":[{"href":"https:\/\/vozolpuff.de\/pl\/wp-json\/wp\/v2\/product\/3750","targetHints":{"allow":["GET"]}}],"collection":[{"href":"https:\/\/vozolpuff.de\/pl\/wp-json\/wp\/v2\/product"}],"about":[{"href":"https:\/\/vozolpuff.de\/pl\/wp-json\/wp\/v2\/types\/product"}],"replies":[{"embeddable":true,"href":"https:\/\/vozolpuff.de\/pl\/wp-json\/wp\/v2\/comments?post=3750"}],"wp:featuredmedia":[{"embeddable":true,"href":"https:\/\/vozolpuff.de\/pl\/wp-json\/wp\/v2\/media\/3753"}],"wp:attachment":[{"href":"https:\/\/vozolpuff.de\/pl\/wp-json\/wp\/v2\/media?parent=3750"}],"wp:term":[{"taxonomy":"product_brand","embeddable":true,"href":"https:\/\/vozolpuff.de\/pl\/wp-json\/wp\/v2\/product_brand?post=3750"},{"taxonomy":"product_cat","embeddable":true,"href":"https:\/\/vozolpuff.de\/pl\/wp-json\/wp\/v2\/product_cat?post=3750"},{"taxonomy":"product_tag","embeddable":true,"href":"https:\/\/vozolpuff.de\/pl\/wp-json\/wp\/v2\/product_tag?post=3750"}],"curies":[{"name":"wp","href":"https:\/\/api.w.org\/{rel}","templated":true}]}}