{"id":3759,"date":"2025-09-09T10:29:17","date_gmt":"2025-09-09T08:29:17","guid":{"rendered":"https:\/\/vozolpuff.de\/?post_type=product&#038;p=3759"},"modified":"2025-09-09T10:29:17","modified_gmt":"2025-09-09T08:29:17","slug":"randm-tornado-7000-blue-razz-lemonade","status":"publish","type":"product","link":"https:\/\/vozolpuff.de\/pl\/produkt\/randm-tornado-7000-blue-razz-lemonade\/","title":{"rendered":"RandM Tornado 7000 Blue Razz Lemonade"},"content":{"rendered":"<h2 class=\"text-xl font-bold text-text-100 mt-1 -mb-0.5\">RandM Tornado 7000 Blue Razz Lemonade Jednorazowy e-papieros<\/h2>\n<p class=\"whitespace-normal break-words\">E-papieros RandM Tornado 7000 Blue Razz Lemonade oferuje a\u017c 7000 zaci\u0105gni\u0119\u0107 na urz\u0105dzenie z 14 ml e-liquidu i zawarto\u015bci\u0105 nikotyny 0%, 2%, 3% i 5%. Produkt posiada akumulator o pojemno\u015bci 850 mAh, regulacj\u0119 przep\u0142ywu powietrza oraz nowoczesn\u0105 technologi\u0119 mesh coil. Przed pierwszym u\u017cyciem Tornado R&amp;M 7000 Blue Razz Lemonade nale\u017cy odczeka\u0107 oko\u0142o 2 minuty po nape\u0142nieniu e-liquidem. Ta faza odczekania zapewnia idealne nas\u0105czenie i optymalizuje owocowo-kwa\u015bne doznania podczas wapowania.<\/p>\n<h3 class=\"text-lg font-bold text-text-100 mt-1 -mb-1.5\">RandM Tornado 7000 Blue Razz Lemonade Cechy:<\/h3>\n<p class=\"whitespace-normal break-words\">Jednorazowy e-papieros RandM Tornado 7000 Blue Razz Lemonade \u2013 arcydzie\u0142o w\u015br\u00f3d produkt\u00f3w do wapowania, \u0142\u0105cz\u0105ce w sobie s\u0142odko-kwa\u015bn\u0105 intensywno\u015b\u0107 niebieskich malin z rze\u015bk\u0105 \u015bwie\u017co\u015bci\u0105 lemoniady w kompaktowej formie. Dzi\u0119ki niezwyk\u0142ej wydajno\u015bci do 7000 zaci\u0105gni\u0119\u0107 ten jednorazowy e-papieros jest idealny dla koneser\u00f3w, kt\u00f3rzy ceni\u0105 sobie d\u0142ugotrwa\u0142y i orze\u017awiaj\u0105cy owocowy aromat.<\/p>\n<p class=\"whitespace-normal break-words\">Wyposa\u017cony w niezawodn\u0105 bateri\u0119 o pojemno\u015bci 850 mAh i pojemny zbiornik na e-liquid o pojemno\u015bci 14 ml, Blue Razz Lemonade Tornado zapewnia d\u0142ugotrwa\u0142e doznania zwi\u0105zane z wapowaniem. Regulowana kontrola przep\u0142ywu powietrza oferuje dodatkowe opcje dostosowywania i pozwala precyzyjnie dostosowa\u0107 wra\u017cenia zwi\u0105zane z wapowaniem.<\/p>\n<p class=\"whitespace-normal break-words\">Stworzony z my\u015bl\u0105 o fanach vapingu, kt\u00f3rzy s\u0105 w ci\u0105g\u0142ym ruchu, Tornado przekonuje swoim przeno\u015bnym formatem i mechanizmem uruchamianym przez zaci\u0105gni\u0119cie si\u0119, co sprawia, \u017ce jest wyj\u0105tkowo przyjazny dla u\u017cytkownika. Smak Blue Razz Lemonade \u0142\u0105czy niebieskie maliny z cytrynow\u0105 lemoniad\u0105, zapewniaj\u0105c orze\u017awiaj\u0105ce, owocowe doznania smakowe. Tornado 7000 jest dost\u0119pne w wersjach o st\u0119\u017ceniu soli nikotyny 0%, 2%, 3% i 5%, dzi\u0119ki czemu zaspokaja r\u00f3\u017cne gusta.<\/p>\n<h3 class=\"text-lg font-bold text-text-100 mt-1 -mb-1.5\">Specyfikacje produktu<\/h3>\n<p class=\"whitespace-normal break-words\">\u2611 Opcje nikotynowe: 0% \/2%\/3%\/5%<br \/>\n\u2611 Pojemno\u015b\u0107 zbiornika: 14 ml<br \/>\n\u2611 Poci\u0105gi parowe na urz\u0105dzenie: 7000<br \/>\n\u2611 Regulacja przep\u0142ywu powietrza<br \/>\n\u0141adowanie typu C<br \/>\n\u2611 Akumulator<br \/>\n\u2611 Zintegrowane zasilanie 850 mAh<\/p>\n<h3 class=\"text-lg font-bold text-text-100 mt-1 -mb-1.5\">Odkryj wi\u0119cej FUMOT VAPE na vozolpuff<\/h3>\n<p class=\"whitespace-normal break-words\">Zapraszamy do zapoznania si\u0119 z nasz\u0105 bogat\u0105 ofert\u0105 na naszej stronie internetowej. <strong><a class=\"underline\" href=\"https:\/\/vozolpuff.de\/pl\/\">strona internetowa<\/a><\/strong>, Odkryj wysokiej jako\u015bci produkty do parowania w <strong><a class=\"underline\" href=\"https:\/\/vozolpuff.de\/pl\/product-category\/fumot-vape\/\">Dzia\u0142 FUMOT VAPE<\/a><\/strong> lub zapoznaj si\u0119 z ca\u0142\u0105 ofert\u0105 <strong><a class=\"underline\" href=\"https:\/\/vozolpuff.de\/pl\/product-category\/fumot-vape\/randm-tornado-7000\/\">RandM Tornado 7000 Wyb\u00f3r aromat\u00f3w<\/a><\/strong>.<\/p>","protected":false},"excerpt":{"rendered":"<p class=\"whitespace-normal break-words\">Jednorazowy vape RandM Tornado 7000 Blue Razz Lemonade \u0142\u0105czy s\u0142odko-kwa\u015bne niebieskie maliny z orze\u017awiaj\u0105c\u0105 lemoniad\u0105, zapewniaj\u0105c do 7000 zaci\u0105gni\u0119\u0107. Z 14 ml zbiornikiem na e-liquid, akumulatorem 850 mAh i regulowan\u0105 kontrol\u0105 przep\u0142ywu powietrza. Dost\u0119pny w wersjach 0%, 2%, 3% i 5% nikotyny. Technologia Mesh Coil zapewnia orze\u017awiaj\u0105ce, owocowe doznania.<\/p>\n<p class=\"whitespace-normal break-words\">","protected":false},"featured_media":3763,"comment_status":"open","ping_status":"closed","template":"","meta":{"_acf_changed":false},"product_brand":[],"product_cat":[50],"product_tag":[],"class_list":{"0":"post-3759","1":"product","2":"type-product","3":"status-publish","4":"has-post-thumbnail","6":"product_cat-randm-tornado-7000","8":"first","9":"instock","10":"shipping-taxable","11":"purchasable","12":"product-type-variable"},"acf":[],"_links":{"self":[{"href":"https:\/\/vozolpuff.de\/pl\/wp-json\/wp\/v2\/product\/3759","targetHints":{"allow":["GET"]}}],"collection":[{"href":"https:\/\/vozolpuff.de\/pl\/wp-json\/wp\/v2\/product"}],"about":[{"href":"https:\/\/vozolpuff.de\/pl\/wp-json\/wp\/v2\/types\/product"}],"replies":[{"embeddable":true,"href":"https:\/\/vozolpuff.de\/pl\/wp-json\/wp\/v2\/comments?post=3759"}],"wp:featuredmedia":[{"embeddable":true,"href":"https:\/\/vozolpuff.de\/pl\/wp-json\/wp\/v2\/media\/3763"}],"wp:attachment":[{"href":"https:\/\/vozolpuff.de\/pl\/wp-json\/wp\/v2\/media?parent=3759"}],"wp:term":[{"taxonomy":"product_brand","embeddable":true,"href":"https:\/\/vozolpuff.de\/pl\/wp-json\/wp\/v2\/product_brand?post=3759"},{"taxonomy":"product_cat","embeddable":true,"href":"https:\/\/vozolpuff.de\/pl\/wp-json\/wp\/v2\/product_cat?post=3759"},{"taxonomy":"product_tag","embeddable":true,"href":"https:\/\/vozolpuff.de\/pl\/wp-json\/wp\/v2\/product_tag?post=3759"}],"curies":[{"name":"wp","href":"https:\/\/api.w.org\/{rel}","templated":true}]}}