{"id":3768,"date":"2025-09-09T10:32:02","date_gmt":"2025-09-09T08:32:02","guid":{"rendered":"https:\/\/vozolpuff.de\/?post_type=product&#038;p=3768"},"modified":"2025-09-09T10:32:02","modified_gmt":"2025-09-09T08:32:02","slug":"randm-tornado-7000-red-apple-ice","status":"publish","type":"product","link":"https:\/\/vozolpuff.de\/pl\/produkt\/randm-tornado-7000-red-apple-ice\/","title":{"rendered":"RandM Tornado 7000 Red Apple Ice"},"content":{"rendered":"<h2 class=\"text-xl font-bold text-text-100 mt-1 -mb-0.5\">RandM Tornado 7000 Red Apple Ice Jednorazowy e-papieros<\/h2>\n<p class=\"whitespace-normal break-words\">RandM Tornado 7000 Red Apple Ice Vape oferuje a\u017c 7000 zaci\u0105gni\u0119\u0107 na sztuk\u0119, pojemno\u015b\u0107 14 ml e-liquidu oraz poziomy nikotyny 0%, 2%, 3% i 5%. Posiada akumulator o pojemno\u015bci 850 mAh, kontrol\u0119 ci\u0105gu powietrza i zaawansowan\u0105 technologi\u0119 cewki siatkowej. Przed pierwszym u\u017cyciem Tornado R&amp;M 7000 Red Apple Ice zaleca si\u0119 odczekanie oko\u0142o 2 minut po nape\u0142nieniu e-liquidem. Ten czas absorpcji zapewnia pe\u0142ne nasycenie i doskonali orze\u017awiaj\u0105ce, owocowe doznania podczas wapowania.<\/p>\n<h3 class=\"text-lg font-bold text-text-100 mt-1 -mb-1.5\">RandM Tornado 7000 Red Apple Ice W\u0142a\u015bciwo\u015bci:<\/h3>\n<p class=\"whitespace-normal break-words\">Jednorazowy e-papieros RandM Tornado 7000 Red Apple Ice \u2013 wysokiej jako\u015bci urz\u0105dzenie do wapowania, kt\u00f3re \u0142\u0105czy naturaln\u0105 s\u0142odycz czerwonych jab\u0142ek z orze\u017awiaj\u0105cym efektem ch\u0142odu w stylowej obudowie. Dzi\u0119ki imponuj\u0105cej wydajno\u015bci do 7000 zaci\u0105gni\u0119\u0107 ten jednorazowy e-papieros jest idealny dla u\u017cytkownik\u00f3w, kt\u00f3rzy oczekuj\u0105 d\u0142ugotrwa\u0142ego i orze\u017awiaj\u0105co s\u0142odkiego doznania smakowego.<\/p>\n<p class=\"whitespace-normal break-words\">Wyposa\u017cony w wydajn\u0105 bateri\u0119 o pojemno\u015bci 850 mAh i pojemny zbiornik na e-liquid o pojemno\u015bci 14 ml, Red Apple Ice Tornado gwarantuje d\u0142u\u017csze sesje wapowania. Regulacja przep\u0142ywu powietrza umo\u017cliwia dalsz\u0105 personalizacj\u0119 i pozwala dostosowa\u0107 wra\u017cenia z wapowania do w\u0142asnych preferencji.<\/p>\n<p class=\"whitespace-normal break-words\">Opracowany z my\u015bl\u0105 o mobilnych entuzjastach vape'\u00f3w, Tornado wyr\u00f3\u017cnia si\u0119 kompaktow\u0105 konstrukcj\u0105 i systemem aktywacji sterowanym inhalacj\u0105, co czyni go niezwykle przyjaznym dla u\u017cytkownika. Smak Red Apple Ice \u0142\u0105czy soczyste czerwone jab\u0142ka z ch\u0142odz\u0105cym akcentem, zapewniaj\u0105c orze\u017awiaj\u0105ce, owocowe doznania podczas wapowania. Tornado 7000 jest dost\u0119pny w wersjach z sol\u0105 nikotynow\u0105 0%, 2%, 3% i 5%, dzi\u0119ki czemu zaspokaja r\u00f3\u017cnorodne potrzeby.<\/p>\n<h3 class=\"text-lg font-bold text-text-100 mt-1 -mb-1.5\">Specyfikacje sprz\u0119towe<\/h3>\n<p class=\"whitespace-normal break-words\">Zawarto\u015b\u0107 nikotyny: 0% \/2%\/3%\/5%<br \/>\n\u2611 Pojemno\u015b\u0107 e-liquidu: 14 ml<br \/>\n\u2611 Ilo\u015b\u0107 inhalacji na urz\u0105dzenie: 7000<br \/>\n\u2611 Kontrola przep\u0142ywu powietrza<br \/>\n\u0141adowanie typu C<br \/>\n\u0179r\u00f3d\u0142o energii z mo\u017cliwo\u015bci\u0105 \u0142adowania<br \/>\nZintegrowany akumulator 850 mAh<\/p>\n<h3 class=\"text-lg font-bold text-text-100 mt-1 -mb-1.5\">Odkryj wi\u0119cej FUMOT VAPE na vozolpuff<\/h3>\n<p class=\"whitespace-normal break-words\">Przejrzyj nasz\u0105 szerok\u0105 gam\u0119 produkt\u00f3w na stronie <strong><a class=\"underline\" href=\"https:\/\/vozolpuff.de\/pl\/\">Strona g\u0142\u00f3wna<\/a><\/strong>, Poznaj urz\u0105dzenia do waporyzacji klasy premium w <strong><a class=\"underline\" href=\"https:\/\/vozolpuff.de\/pl\/product-category\/fumot-vape\/\">Kategoria FUMOT VAPE<\/a><\/strong> lub przejrzyj ca\u0142\u0105 ofert\u0119 <strong><a class=\"underline\" href=\"https:\/\/vozolpuff.de\/pl\/product-category\/fumot-vape\/randm-tornado-7000\/\">Zakres smaku RandM Tornado 7000<\/a><\/strong>.<\/p>","protected":false},"excerpt":{"rendered":"<p class=\"whitespace-normal break-words\">Jednorazowy vape RandM Tornado 7000 Red Apple Ice \u0142\u0105czy soczyste czerwone jab\u0142ka z orze\u017awiaj\u0105cym efektem ch\u0142odzenia, zapewniaj\u0105c do 7000 zaci\u0105gni\u0119\u0107. Z 14 ml zbiornikiem na e-liquid, akumulatorem 850 mAh i regulowan\u0105 kontrol\u0105 przep\u0142ywu powietrza. Dost\u0119pny w wersjach 0%, 2%, 3% i 5% nikotyny. Technologia cewki siatkowej zapewnia orze\u017awiaj\u0105ce, s\u0142odkie doznania.<\/p>\n<p class=\"whitespace-normal break-words\">","protected":false},"featured_media":3770,"comment_status":"open","ping_status":"closed","template":"","meta":{"_acf_changed":false},"product_brand":[],"product_cat":[50],"product_tag":[],"class_list":{"0":"post-3768","1":"product","2":"type-product","3":"status-publish","4":"has-post-thumbnail","6":"product_cat-randm-tornado-7000","8":"first","9":"instock","10":"shipping-taxable","11":"purchasable","12":"product-type-variable"},"acf":[],"_links":{"self":[{"href":"https:\/\/vozolpuff.de\/pl\/wp-json\/wp\/v2\/product\/3768","targetHints":{"allow":["GET"]}}],"collection":[{"href":"https:\/\/vozolpuff.de\/pl\/wp-json\/wp\/v2\/product"}],"about":[{"href":"https:\/\/vozolpuff.de\/pl\/wp-json\/wp\/v2\/types\/product"}],"replies":[{"embeddable":true,"href":"https:\/\/vozolpuff.de\/pl\/wp-json\/wp\/v2\/comments?post=3768"}],"wp:featuredmedia":[{"embeddable":true,"href":"https:\/\/vozolpuff.de\/pl\/wp-json\/wp\/v2\/media\/3770"}],"wp:attachment":[{"href":"https:\/\/vozolpuff.de\/pl\/wp-json\/wp\/v2\/media?parent=3768"}],"wp:term":[{"taxonomy":"product_brand","embeddable":true,"href":"https:\/\/vozolpuff.de\/pl\/wp-json\/wp\/v2\/product_brand?post=3768"},{"taxonomy":"product_cat","embeddable":true,"href":"https:\/\/vozolpuff.de\/pl\/wp-json\/wp\/v2\/product_cat?post=3768"},{"taxonomy":"product_tag","embeddable":true,"href":"https:\/\/vozolpuff.de\/pl\/wp-json\/wp\/v2\/product_tag?post=3768"}],"curies":[{"name":"wp","href":"https:\/\/api.w.org\/{rel}","templated":true}]}}