{"id":3777,"date":"2025-09-09T10:37:07","date_gmt":"2025-09-09T08:37:07","guid":{"rendered":"https:\/\/vozolpuff.de\/?post_type=product&#038;p=3777"},"modified":"2025-09-09T10:37:07","modified_gmt":"2025-09-09T08:37:07","slug":"randm-tornado-7000-berry-lemonade","status":"publish","type":"product","link":"https:\/\/vozolpuff.de\/pl\/produkt\/randm-tornado-7000-berry-lemonade\/","title":{"rendered":"RandM Tornado 7000 Berry Lemonade"},"content":{"rendered":"<h2 class=\"text-xl font-bold text-text-100 mt-1 -mb-0.5\">RandM Tornado 7000 Berry Lemonade Jednorazowy e-papieros<\/h2>\n<p class=\"whitespace-normal break-words\">E-papieros RandM Tornado 7000 Berry Lemonade umo\u017cliwia spektakularne 7000 zaci\u0105gni\u0119\u0107 na jednostk\u0119, ma pojemno\u015b\u0107 14 ml e-liquidu i st\u0119\u017cenie nikotyny 0%, 2%, 3% i 5%. Urz\u0105dzenie posiada akumulator o pojemno\u015bci 850 mAh, system zarz\u0105dzania przep\u0142ywem powietrza oraz innowacyjn\u0105 technologi\u0119 cewki siatkowej. Przed pierwszym u\u017cyciem Tornado R&amp;M 7000 Berry Lemonade nale\u017cy odczeka\u0107 oko\u0142o 2 minuty po nape\u0142nieniu e-liquidem. Ten okres odpoczynku zapewnia idealn\u0105 penetracj\u0119 i maksymalizuje orze\u017awiaj\u0105ce doznania podczas wapowania.<\/p>\n<h3 class=\"text-lg font-bold text-text-100 mt-1 -mb-1.5\">RandM Tornado 7000 Berry Lemonade Charakterystyka:<\/h3>\n<p class=\"whitespace-normal break-words\">RandM Tornado 7000 Berry Lemonade Disposable \u2013 pot\u0119\u017cna moc wapowania, \u0142\u0105cz\u0105ca s\u0142odk\u0105 intensywno\u015b\u0107 mieszanki jag\u00f3d z rze\u015bk\u0105 kwaskowato\u015bci\u0105 lemoniady w wyrafinowanym opakowaniu. Dzi\u0119ki imponuj\u0105cej wytrzyma\u0142o\u015bci do 7000 zaci\u0105gni\u0119\u0107 ten jednorazowy e-papieros jest idealny dla u\u017cytkownik\u00f3w, kt\u00f3rzy preferuj\u0105 d\u0142ugotrwa\u0142y, owocowy i orze\u017awiaj\u0105cy aromat.<\/p>\n<p class=\"whitespace-normal break-words\">Wyposa\u017cony w wytrzyma\u0142\u0105 bateri\u0119 850 mAh i pojemny zbiornik na e-liquid o pojemno\u015bci 14 ml, Berry Lemonade Tornado zapewnia d\u0142ugotrwa\u0142e sesje wapowania. Regulowana kontrola przep\u0142ywu powietrza zapewnia dodatkowe mo\u017cliwo\u015bci dostosowania i pozwala indywidualnie dostosowa\u0107 wra\u017cenia z wapowania.<\/p>\n<p class=\"whitespace-normal break-words\">Zaprojektowany z my\u015bl\u0105 o podr\u00f3\u017cy Tornado wyr\u00f3\u017cnia si\u0119 por\u0119cznym formatem i aktywowanym oddechem zapalnikiem, co sprawia, \u017ce jest niezwykle przyjazny dla u\u017cytkownika. Smak Berry Lemonade \u0142\u0105czy s\u0142odkie jagody z cytrynow\u0105 lemoniad\u0105, zapewniaj\u0105c harmonijne, owocowe doznania smakowe. Tornado 7000 jest dost\u0119pny w wersjach z sol\u0105 nikotynow\u0105 0%, 2%, 3% i 5%, dzi\u0119ki czemu zaspokaja r\u00f3\u017cne preferencje.<\/p>\n<h3 class=\"text-lg font-bold text-text-100 mt-1 -mb-1.5\">Dane urz\u0105dzenia<\/h3>\n<p class=\"whitespace-normal break-words\">\u2611 Zawarto\u015b\u0107 nikotyny: 0% \/2%\/3%\/5%<br \/>\n\u2611 Pojemno\u015b\u0107 pojemnika: 14 ml<br \/>\n\u2611 Puffy na jednostk\u0119: 7000<br \/>\nModyfikacja przep\u0142ywu powietrza<br \/>\n\u2611 Port \u0142adowania typu C<br \/>\n\u2611 Akumulator<br \/>\n\u2611 Wbudowany akumulator o pojemno\u015bci 850 mAh<\/p>\n<h3 class=\"text-lg font-bold text-text-100 mt-1 -mb-1.5\">Odkryj wi\u0119cej FUMOT VAPE na vozolpuff<\/h3>\n<p class=\"whitespace-normal break-words\">Zapraszamy do zapoznania si\u0119 z nasz\u0105 szerok\u0105 ofert\u0105 na naszej stronie internetowej. <strong><a class=\"underline\" href=\"https:\/\/vozolpuff.de\/pl\/\">platforma internetowa<\/a><\/strong>, odkryj wysokiej klasy produkty parowe w <strong><a class=\"underline\" href=\"https:\/\/vozolpuff.de\/pl\/product-category\/fumot-vape\/\">FUMOT VAPE Division<\/a><\/strong> lub przejrzyj pe\u0142n\u0105 wersj\u0119 <strong><a class=\"underline\" href=\"https:\/\/vozolpuff.de\/pl\/product-category\/fumot-vape\/randm-tornado-7000\/\">RandM Tornado 7000 R\u00f3\u017cnorodno\u015b\u0107 smak\u00f3w<\/a><\/strong>.<\/p>","protected":false},"excerpt":{"rendered":"<p class=\"whitespace-normal break-words\">Jednorazowy vape RandM Tornado 7000 Berry Lemonade \u0142\u0105czy w sobie s\u0142odkie jagody z orze\u017awiaj\u0105c\u0105 lemoniad\u0105. Dzi\u0119ki 7000 zaci\u0105gni\u0119ciom, pojemno\u015bci 14 ml e-liquidu, baterii 850 mAh i technologii Mesh Coil zapewnia d\u0142ugotrwa\u0142\u0105 przyjemno\u015b\u0107 z wapowania w wersjach 0%, 2%, 3% lub 5% nikotyny.<\/p>\n<p class=\"whitespace-normal break-words\">","protected":false},"featured_media":3781,"comment_status":"open","ping_status":"closed","template":"","meta":{"_acf_changed":false},"product_brand":[],"product_cat":[50],"product_tag":[],"class_list":{"0":"post-3777","1":"product","2":"type-product","3":"status-publish","4":"has-post-thumbnail","6":"product_cat-randm-tornado-7000","8":"first","9":"instock","10":"shipping-taxable","11":"purchasable","12":"product-type-variable"},"acf":[],"_links":{"self":[{"href":"https:\/\/vozolpuff.de\/pl\/wp-json\/wp\/v2\/product\/3777","targetHints":{"allow":["GET"]}}],"collection":[{"href":"https:\/\/vozolpuff.de\/pl\/wp-json\/wp\/v2\/product"}],"about":[{"href":"https:\/\/vozolpuff.de\/pl\/wp-json\/wp\/v2\/types\/product"}],"replies":[{"embeddable":true,"href":"https:\/\/vozolpuff.de\/pl\/wp-json\/wp\/v2\/comments?post=3777"}],"wp:featuredmedia":[{"embeddable":true,"href":"https:\/\/vozolpuff.de\/pl\/wp-json\/wp\/v2\/media\/3781"}],"wp:attachment":[{"href":"https:\/\/vozolpuff.de\/pl\/wp-json\/wp\/v2\/media?parent=3777"}],"wp:term":[{"taxonomy":"product_brand","embeddable":true,"href":"https:\/\/vozolpuff.de\/pl\/wp-json\/wp\/v2\/product_brand?post=3777"},{"taxonomy":"product_cat","embeddable":true,"href":"https:\/\/vozolpuff.de\/pl\/wp-json\/wp\/v2\/product_cat?post=3777"},{"taxonomy":"product_tag","embeddable":true,"href":"https:\/\/vozolpuff.de\/pl\/wp-json\/wp\/v2\/product_tag?post=3777"}],"curies":[{"name":"wp","href":"https:\/\/api.w.org\/{rel}","templated":true}]}}