{"id":3786,"date":"2025-09-09T10:39:51","date_gmt":"2025-09-09T08:39:51","guid":{"rendered":"https:\/\/vozolpuff.de\/?post_type=product&#038;p=3786"},"modified":"2025-09-09T10:39:51","modified_gmt":"2025-09-09T08:39:51","slug":"randm-tornado-7000-blueberry-bubblegum","status":"publish","type":"product","link":"https:\/\/vozolpuff.de\/pl\/produkt\/randm-tornado-7000-blueberry-bubblegum\/","title":{"rendered":"RandM Tornado 7000 Blueberry Bubblegum"},"content":{"rendered":"<h2 class=\"text-xl font-bold text-text-100 mt-1 -mb-0.5\">RandM Tornado 7000 Blueberry Bubblegum Jednorazowy e-papieros<\/h2>\n<p class=\"whitespace-normal break-words\">RandM Tornado 7000 Blueberry Bubblegum Vape zapewnia imponuj\u0105ce 7000 zaci\u0105gni\u0119\u0107 na urz\u0105dzenie z 14 ml e-p\u0142ynu i poziomami nikotyny 0%, 2%, 3% i 5%. Jest wyposa\u017cony w akumulator o pojemno\u015bci 850 mAh, kontrol\u0119 ci\u0105gu powietrza i nowoczesn\u0105 technologi\u0119 mesh coil. Przed pierwszym u\u017cyciem Tornado R&amp;M 7000 Blueberry Bubblegum zaleca si\u0119 odczekanie oko\u0142o 2 minut po nape\u0142nieniu e-liquidem. Ta faza nasycenia zapewnia optymaln\u0105 absorpcj\u0119 i doskonali s\u0142odko-owocowe doznania podczas wapowania.<\/p>\n<h3 class=\"text-lg font-bold text-text-100 mt-1 -mb-1.5\">RandM Tornado 7000 Blueberry Bubblegum Cechy:<\/h3>\n<p class=\"whitespace-normal break-words\">Jednorazowy vape RandM Tornado 7000 Blueberry Bubblegum \u2013 wysokowydajne urz\u0105dzenie do wapowania, kt\u00f3re \u0142\u0105czy naturaln\u0105 s\u0142odycz jag\u00f3d z nostalgiczn\u0105 s\u0142odycz\u0105 gumy balonowej w eleganckiej obudowie. Dzi\u0119ki wyj\u0105tkowej wydajno\u015bci do 7000 zaci\u0105gni\u0119\u0107 ten jednorazowy e-papieros jest idealny dla entuzjast\u00f3w, kt\u00f3rzy poszukuj\u0105 trwa\u0142ego i s\u0142odko-owocowego doznania smakowego.<\/p>\n<p class=\"whitespace-normal break-words\">Wyposa\u017cony w pot\u0119\u017cny akumulator o pojemno\u015bci 850 mAh i pojemny zbiornik na e-liquid o pojemno\u015bci 14 ml, Blueberry Bubblegum Tornado zapewnia d\u0142ugie sesje wapowania. Regulowany przep\u0142yw powietrza dodaje wymiar indywidualizacji i pozwala dostosowa\u0107 wra\u017cenia z wapowania do w\u0142asnych preferencji.<\/p>\n<p class=\"whitespace-normal break-words\">Zaprojektowany z my\u015bl\u0105 o mobilnych u\u017cytkownikach, Tornado zachwyca przeno\u015bn\u0105 konstrukcj\u0105 i aktywowanym przez zaci\u0105gni\u0119cie si\u0119 mechanizmem, co czyni go niezwykle przyjaznym dla u\u017cytkownika. Smak Blueberry Bubblegum \u0142\u0105czy s\u0142odkie jagody z aromatem gumy balonowej, zapewniaj\u0105c figlarne doznania smakowe. Tornado 7000 jest dost\u0119pne w wersjach o st\u0119\u017ceniu soli nikotyny 0%, 2%, 3% i 5%, dzi\u0119ki czemu zaspokaja r\u00f3\u017cne potrzeby.<\/p>\n<h3 class=\"text-lg font-bold text-text-100 mt-1 -mb-1.5\">W\u0142a\u015bciwo\u015bci techniczne<\/h3>\n<p class=\"whitespace-normal break-words\">\u2611 Warianty nikotyny: 0% \/2%\/3%\/5%<br \/>\n\u2611 Pojemno\u015b\u0107 p\u0142ynu: 14 ml<br \/>\n\u2611 Ilo\u015b\u0107 pary na urz\u0105dzenie: 7000<br \/>\n\u2611 Regulacja przep\u0142ywu powietrza<br \/>\n\u2611 Zasilanie typu C<br \/>\n\u2611 Akumulator<br \/>\n\u2611 Zintegrowane \u017ar\u00f3d\u0142o zasilania 850 mAh<\/p>\n<h3 class=\"text-lg font-bold text-text-100 mt-1 -mb-1.5\">Odkryj wi\u0119cej FUMOT VAPE na vozolpuff<\/h3>\n<p class=\"whitespace-normal break-words\">Zapraszamy do zapoznania si\u0119 z nasz\u0105 bogat\u0105 ofert\u0105 na naszej stronie internetowej. <strong><a class=\"underline\" href=\"https:\/\/vozolpuff.de\/pl\/\">Obecno\u015b\u0107 w sieci<\/a><\/strong>, zapoznaj si\u0119 z najwy\u017cszej klasy produktami do wapowania w <strong><a class=\"underline\" href=\"https:\/\/vozolpuff.de\/pl\/product-category\/fumot-vape\/\">FUMOT VAPE Rubryka<\/a><\/strong> lub przeszukaj ca\u0142\u0105 <strong><a class=\"underline\" href=\"https:\/\/vozolpuff.de\/pl\/product-category\/fumot-vape\/randm-tornado-7000\/\">RandM Tornado 7000 \u015awiat aromat\u00f3w<\/a><\/strong>.<\/p>","protected":false},"excerpt":{"rendered":"<p>Jednorazowy vape RandM Tornado 7000 Blueberry Bubblegum \u0142\u0105czy naturaln\u0105 s\u0142odycz jag\u00f3d z nostalgicznym aromatem gumy balonowej. Dzi\u0119ki 7000 zaci\u0105gni\u0119ciom, pojemno\u015bci 14 ml e-liquidu, baterii 850 mAh i technologii Mesh Coil zapewnia d\u0142ugotrwa\u0142\u0105 przyjemno\u015b\u0107 z wapowania w wersjach 0%, 2%, 3% lub 5% nikotyny. Powt\u00f3rz<\/p>","protected":false},"featured_media":3789,"comment_status":"open","ping_status":"closed","template":"","meta":{"_acf_changed":false},"product_brand":[],"product_cat":[50],"product_tag":[],"class_list":{"0":"post-3786","1":"product","2":"type-product","3":"status-publish","4":"has-post-thumbnail","6":"product_cat-randm-tornado-7000","8":"first","9":"instock","10":"shipping-taxable","11":"purchasable","12":"product-type-variable"},"acf":[],"_links":{"self":[{"href":"https:\/\/vozolpuff.de\/pl\/wp-json\/wp\/v2\/product\/3786","targetHints":{"allow":["GET"]}}],"collection":[{"href":"https:\/\/vozolpuff.de\/pl\/wp-json\/wp\/v2\/product"}],"about":[{"href":"https:\/\/vozolpuff.de\/pl\/wp-json\/wp\/v2\/types\/product"}],"replies":[{"embeddable":true,"href":"https:\/\/vozolpuff.de\/pl\/wp-json\/wp\/v2\/comments?post=3786"}],"wp:featuredmedia":[{"embeddable":true,"href":"https:\/\/vozolpuff.de\/pl\/wp-json\/wp\/v2\/media\/3789"}],"wp:attachment":[{"href":"https:\/\/vozolpuff.de\/pl\/wp-json\/wp\/v2\/media?parent=3786"}],"wp:term":[{"taxonomy":"product_brand","embeddable":true,"href":"https:\/\/vozolpuff.de\/pl\/wp-json\/wp\/v2\/product_brand?post=3786"},{"taxonomy":"product_cat","embeddable":true,"href":"https:\/\/vozolpuff.de\/pl\/wp-json\/wp\/v2\/product_cat?post=3786"},{"taxonomy":"product_tag","embeddable":true,"href":"https:\/\/vozolpuff.de\/pl\/wp-json\/wp\/v2\/product_tag?post=3786"}],"curies":[{"name":"wp","href":"https:\/\/api.w.org\/{rel}","templated":true}]}}