{"id":3795,"date":"2025-09-09T10:42:32","date_gmt":"2025-09-09T08:42:32","guid":{"rendered":"https:\/\/vozolpuff.de\/?post_type=product&#038;p=3795"},"modified":"2025-09-09T10:42:32","modified_gmt":"2025-09-09T08:42:32","slug":"randm-tornado-7000-bluesour-raspberry","status":"publish","type":"product","link":"https:\/\/vozolpuff.de\/pl\/produkt\/randm-tornado-7000-bluesour-raspberry\/","title":{"rendered":"RandM Tornado 7000 Bluesour Raspberry"},"content":{"rendered":"<h2 class=\"text-xl font-bold text-text-100 mt-1 -mb-0.5\">Jednorazowy e-papieros RandM Tornado 7000 Bluesour Raspberry<\/h2>\n<p class=\"whitespace-normal break-words\">E-papieros RandM Tornado 7000 Bluesour Raspberry oferuje wyj\u0105tkowe 7000 zaci\u0105gni\u0119\u0107 na jednostk\u0119 z 14 ml e-liquidu i poziomami nikotyny 0%, 2%, 3% i 5%. Produkt posiada akumulator o pojemno\u015bci 850 mAh, regulacj\u0119 przep\u0142ywu powietrza i technologi\u0119 progresywnej cewki siatkowej. Przed pierwszym u\u017cyciem Tornado R&amp;M 7000 Bluesour Raspberry zaleca si\u0119 pozostawienie go na oko\u0142o 2 minuty po nape\u0142nieniu e-sokiem. Ten czas nas\u0105czania zapewnia pe\u0142ne nasycenie i optymalizuje cierpkie, owocowe doznania pary.<\/p>\n<h3 class=\"text-lg font-bold text-text-100 mt-1 -mb-1.5\">Specyfikacja RandM Tornado 7000 Bluesour Raspberry:<\/h3>\n<p class=\"whitespace-normal break-words\">RandM Tornado 7000 Bluesour Raspberry to jednorazowy e-papieros, kt\u00f3ry \u0142\u0105czy w sobie intensywn\u0105 s\u0142odycz niebieskich malin z orze\u017awiaj\u0105c\u0105 kwaskowato\u015bci\u0105 w nowoczesnym opakowaniu. Dzi\u0119ki niezwyk\u0142emu zasi\u0119gowi do 7000 zaci\u0105gni\u0119\u0107, ten jednorazowy e-papieros jest idealny dla koneser\u00f3w, kt\u00f3rzy ceni\u0105 sobie d\u0142ugotrwa\u0142y i intensywnie owocowy smak.<\/p>\n<p class=\"whitespace-normal break-words\">Wyposa\u017cony w pot\u0119\u017cn\u0105 bateri\u0119 850 mAh i pojemny 14 ml wst\u0119pnie na\u0142adowany pojemnik na e-liquid, Bluesour Raspberry Tornado pozwala na d\u0142u\u017csze okresy waporyzacji. Regulowana kontrola przep\u0142ywu powietrza oferuje dalsze opcje dostosowywania i umo\u017cliwia skalibrowanie wra\u017ce\u0144 z waporyzacji zgodnie z w\u0142asnymi upodobaniami.<\/p>\n<p class=\"whitespace-normal break-words\">Zaprojektowany z my\u015bl\u0105 o vaperach w ruchu, Tornado wyr\u00f3\u017cnia si\u0119 przeno\u015bnym formatem i mechanizmem zap\u0142onu sterowanym wdechem, dzi\u0119ki czemu jest niezwykle przyjazny dla u\u017cytkownika. Smak Bluesour Raspberry \u0142\u0105czy niebieskie maliny z cierpkimi nutami, zapewniaj\u0105c intensywnie owocowe doznania podczas waporyzacji. Tornado 7000 jest dost\u0119pny w wersjach z sol\u0105 nikotynow\u0105 0%, 2%, 3% i 5% i oferuje r\u00f3\u017cnorodne smaki.<\/p>\n<h3 class=\"text-lg font-bold text-text-100 mt-1 -mb-1.5\">Dane produktu<\/h3>\n<p class=\"whitespace-normal break-words\">\u2611 Opcje nikotynowe: 0% \/2%\/3%\/5%<br \/>\n\u2611 Pojemno\u015b\u0107 zbiornika: 14 ml<br \/>\nInhalacje na urz\u0105dzenie: 7000<br \/>\n\u2611 Regulacja przep\u0142ywu powietrza<br \/>\nOpcja \u0142adowania typu C<br \/>\nAkumulatorowa jednostka zasilaj\u0105ca<br \/>\nWbudowany zasilacz o pojemno\u015bci 850 mAh<\/p>\n<h3 class=\"text-lg font-bold text-text-100 mt-1 -mb-1.5\">Odkryj wi\u0119cej FUMOT VAPE na vozolpuff<\/h3>\n<p class=\"whitespace-normal break-words\">Odkryj nasz\u0105 szerok\u0105 gam\u0119 produkt\u00f3w na <strong><a class=\"underline\" href=\"https:\/\/vozolpuff.de\/pl\/\">Strona internetowa<\/a><\/strong>, odkryj najwy\u017cszej jako\u015bci sprz\u0119t vape w <strong><a class=\"underline\" href=\"https:\/\/vozolpuff.de\/pl\/product-category\/fumot-vape\/\">Sekcja FUMOT VAPE<\/a><\/strong> lub przejrzyj ca\u0142\u0105 ofert\u0119 <strong><a class=\"underline\" href=\"https:\/\/vozolpuff.de\/pl\/product-category\/fumot-vape\/randm-tornado-7000\/\">Kolekcja aromat\u00f3w RandM Tornado 7000<\/a><\/strong>.<\/p>","protected":false},"excerpt":{"rendered":"<p>Jednorazowy waporyzator RandM Tornado 7000 Bluesour Raspberry \u0142\u0105czy w sobie intensywn\u0105 s\u0142odycz niebieskich malin z orze\u017awiaj\u0105c\u0105 kwaskowato\u015bci\u0105. Dzi\u0119ki 7000 zaci\u0105gni\u0119\u0107, pojemno\u015bci 14 ml e-liquidu, baterii 850 mAh i technologii cewki siatkowej, oferuje d\u0142ugotrwa\u0142\u0105 przyjemno\u015b\u0107 z pary w nikotynie 0%, 2%, 3% lub 5%.<\/p>","protected":false},"featured_media":3799,"comment_status":"open","ping_status":"closed","template":"","meta":{"_acf_changed":false},"product_brand":[],"product_cat":[50],"product_tag":[],"class_list":{"0":"post-3795","1":"product","2":"type-product","3":"status-publish","4":"has-post-thumbnail","6":"product_cat-randm-tornado-7000","8":"first","9":"instock","10":"shipping-taxable","11":"purchasable","12":"product-type-variable"},"acf":[],"_links":{"self":[{"href":"https:\/\/vozolpuff.de\/pl\/wp-json\/wp\/v2\/product\/3795","targetHints":{"allow":["GET"]}}],"collection":[{"href":"https:\/\/vozolpuff.de\/pl\/wp-json\/wp\/v2\/product"}],"about":[{"href":"https:\/\/vozolpuff.de\/pl\/wp-json\/wp\/v2\/types\/product"}],"replies":[{"embeddable":true,"href":"https:\/\/vozolpuff.de\/pl\/wp-json\/wp\/v2\/comments?post=3795"}],"wp:featuredmedia":[{"embeddable":true,"href":"https:\/\/vozolpuff.de\/pl\/wp-json\/wp\/v2\/media\/3799"}],"wp:attachment":[{"href":"https:\/\/vozolpuff.de\/pl\/wp-json\/wp\/v2\/media?parent=3795"}],"wp:term":[{"taxonomy":"product_brand","embeddable":true,"href":"https:\/\/vozolpuff.de\/pl\/wp-json\/wp\/v2\/product_brand?post=3795"},{"taxonomy":"product_cat","embeddable":true,"href":"https:\/\/vozolpuff.de\/pl\/wp-json\/wp\/v2\/product_cat?post=3795"},{"taxonomy":"product_tag","embeddable":true,"href":"https:\/\/vozolpuff.de\/pl\/wp-json\/wp\/v2\/product_tag?post=3795"}],"curies":[{"name":"wp","href":"https:\/\/api.w.org\/{rel}","templated":true}]}}