{"id":3804,"date":"2025-09-09T10:45:19","date_gmt":"2025-09-09T08:45:19","guid":{"rendered":"https:\/\/vozolpuff.de\/?post_type=product&#038;p=3804"},"modified":"2025-09-09T10:45:20","modified_gmt":"2025-09-09T08:45:20","slug":"randm-tornado-7000-mr-blue","status":"publish","type":"product","link":"https:\/\/vozolpuff.de\/pl\/produkt\/randm-tornado-7000-mr-blue\/","title":{"rendered":"RandM Tornado 7000 Mr Blue"},"content":{"rendered":"<h2 class=\"text-xl font-bold text-text-100 mt-1 -mb-0.5\">RandM Tornado 7000 Mr Blue Jednorazowy e-papieros<\/h2>\n<p class=\"whitespace-normal break-words\">RandM Tornado 7000 Mr Blue Vape oferuje imponuj\u0105ce 7000 zaci\u0105gni\u0119\u0107 na jednostk\u0119, pojemno\u015b\u0107 e-liquidu 14 ml oraz poziomy nikotyny 0%, 2%, 3% i 5%. Posiada akumulator o pojemno\u015bci 850 mAh, regulacj\u0119 ci\u0105gu i nowoczesn\u0105 technologi\u0119 cewki siatkowej. Przed pierwszym u\u017cyciem Tornado R&amp;M 7000 Mr Blue nale\u017cy odczeka\u0107 oko\u0142o 2 minut po nape\u0142nieniu e-liquidem. Ten okres absorpcji zapewnia idealne nasycenie i maksymalizuje intensywne doznania smakowe.<\/p>\n<h3 class=\"text-lg font-bold text-text-100 mt-1 -mb-1.5\">RandM Tornado 7000 Mr Blue Cechy:<\/h3>\n<p class=\"whitespace-normal break-words\">RandM Tornado 7000 Mr Blue Disposable \u2013 arcydzie\u0142o w\u015br\u00f3d e-papieros\u00f3w, kt\u00f3re \u0142\u0105czy w sobie z\u0142o\u017con\u0105 s\u0142odycz mieszanki niebieskich jag\u00f3d z tajemnicz\u0105 g\u0142\u0119bi\u0105 w kompaktowej formie. Dzi\u0119ki niezwyk\u0142ej wytrzyma\u0142o\u015bci do 7000 zaci\u0105gni\u0119\u0107 ten jednorazowy e-papieros jest idealny dla u\u017cytkownik\u00f3w, kt\u00f3rzy preferuj\u0105 d\u0142ugotrwa\u0142e i wielowarstwowe doznania smakowe.<\/p>\n<p class=\"whitespace-normal break-words\">Wyposa\u017cony w niezawodny akumulator o pojemno\u015bci 850 mAh i pojemny zbiornik na e-liquid o pojemno\u015bci 14 ml, Mr Blue Tornado zapewnia d\u0142ugotrwa\u0142e doznania zwi\u0105zane z wapowaniem. Regulowana kontrola przep\u0142ywu powietrza zapewnia dodatkowe poziomy dostosowania i pozwala precyzyjnie dostosowa\u0107 wra\u017cenia zwi\u0105zane z wapowaniem.<\/p>\n<p class=\"whitespace-normal break-words\">Stworzony z my\u015bl\u0105 o fanach vapingu, kt\u00f3rzy s\u0105 w ci\u0105g\u0142ym ruchu, Tornado przekonuje swoim por\u0119cznym formatem i mechanizmem uruchamianym przez zaci\u0105gni\u0119cie si\u0119, co sprawia, \u017ce jest wyj\u0105tkowo przyjazny dla u\u017cytkownika. Smak Mr Blue oferuje z\u0142o\u017con\u0105 mieszank\u0119 niebieskich owoc\u00f3w, zapewniaj\u0105c\u0105 g\u0142\u0119bokie, jagodowe doznania smakowe. Tornado 7000 jest dost\u0119pny w wersjach z sol\u0105 nikotynow\u0105 0%, 2%, 3% i 5% i spe\u0142nia r\u00f3\u017cnorodne wymagania.<\/p>\n<h3 class=\"text-lg font-bold text-text-100 mt-1 -mb-1.5\">Specyfikacje urz\u0105dze\u0144<\/h3>\n<p class=\"whitespace-normal break-words\">\u2611 Zawarto\u015b\u0107 nikotyny: 0% \/2%\/3%\/5%<br \/>\n\u2611 Zawarto\u015b\u0107 pojemnika: 14 ml<br \/>\n\u2611 Puffy na jednostk\u0119: 7000<br \/>\n\u2611 Kontrola przep\u0142ywu powietrza<br \/>\n\u0141adowanie typu C<br \/>\n\u2611 Akumulator<br \/>\n\u2611 Zintegrowane zasilanie 850 mAh<\/p>\n<h3 class=\"text-lg font-bold text-text-100 mt-1 -mb-1.5\">Odkryj wi\u0119cej FUMOT VAPE na vozolpuff<\/h3>\n<p class=\"whitespace-normal break-words\">Zapraszamy do zapoznania si\u0119 z nasz\u0105 bogat\u0105 ofert\u0105 na naszej stronie internetowej. <strong><a class=\"underline\" href=\"https:\/\/vozolpuff.de\/pl\/\">Strona g\u0142\u00f3wna<\/a><\/strong>, Odkryj wysokiej jako\u015bci produkty do parowania w <strong><a class=\"underline\" href=\"https:\/\/vozolpuff.de\/pl\/product-category\/fumot-vape\/\">Dzia\u0142 FUMOT VAPE<\/a><\/strong> lub zapoznaj si\u0119 z pe\u0142n\u0105 ofert\u0105 <strong><a class=\"underline\" href=\"https:\/\/vozolpuff.de\/pl\/product-category\/fumot-vape\/randm-tornado-7000\/\">RandM Tornado 7000 Wyb\u00f3r aromat\u00f3w<\/a><\/strong>.<\/p>","protected":false},"excerpt":{"rendered":"<p>Jednorazowy vape RandM Tornado 7000 Mr Blue \u0142\u0105czy w sobie z\u0142o\u017con\u0105 s\u0142odycz mieszanki niebieskich jag\u00f3d z tajemnicz\u0105 g\u0142\u0119bi\u0105. Dzi\u0119ki 7000 zaci\u0105gni\u0119ciom, pojemno\u015bci 14 ml e-liquidu, baterii 850 mAh i technologii Mesh Coil zapewnia d\u0142ugotrwa\u0142\u0105 przyjemno\u015b\u0107 z wapowania w wersjach 0%, 2%, 3% lub 5% nikotyny. Powt\u00f3rz<\/p>","protected":false},"featured_media":3808,"comment_status":"open","ping_status":"closed","template":"","meta":{"_acf_changed":false},"product_brand":[],"product_cat":[50],"product_tag":[],"class_list":{"0":"post-3804","1":"product","2":"type-product","3":"status-publish","4":"has-post-thumbnail","6":"product_cat-randm-tornado-7000","8":"first","9":"instock","10":"shipping-taxable","11":"purchasable","12":"product-type-variable"},"acf":[],"_links":{"self":[{"href":"https:\/\/vozolpuff.de\/pl\/wp-json\/wp\/v2\/product\/3804","targetHints":{"allow":["GET"]}}],"collection":[{"href":"https:\/\/vozolpuff.de\/pl\/wp-json\/wp\/v2\/product"}],"about":[{"href":"https:\/\/vozolpuff.de\/pl\/wp-json\/wp\/v2\/types\/product"}],"replies":[{"embeddable":true,"href":"https:\/\/vozolpuff.de\/pl\/wp-json\/wp\/v2\/comments?post=3804"}],"wp:featuredmedia":[{"embeddable":true,"href":"https:\/\/vozolpuff.de\/pl\/wp-json\/wp\/v2\/media\/3808"}],"wp:attachment":[{"href":"https:\/\/vozolpuff.de\/pl\/wp-json\/wp\/v2\/media?parent=3804"}],"wp:term":[{"taxonomy":"product_brand","embeddable":true,"href":"https:\/\/vozolpuff.de\/pl\/wp-json\/wp\/v2\/product_brand?post=3804"},{"taxonomy":"product_cat","embeddable":true,"href":"https:\/\/vozolpuff.de\/pl\/wp-json\/wp\/v2\/product_cat?post=3804"},{"taxonomy":"product_tag","embeddable":true,"href":"https:\/\/vozolpuff.de\/pl\/wp-json\/wp\/v2\/product_tag?post=3804"}],"curies":[{"name":"wp","href":"https:\/\/api.w.org\/{rel}","templated":true}]}}