{"id":3813,"date":"2025-09-09T10:47:54","date_gmt":"2025-09-09T08:47:54","guid":{"rendered":"https:\/\/vozolpuff.de\/?post_type=product&#038;p=3813"},"modified":"2025-09-09T10:47:55","modified_gmt":"2025-09-09T08:47:55","slug":"randm-tornado-7000-apple-peach-pear","status":"publish","type":"product","link":"https:\/\/vozolpuff.de\/pl\/produkt\/randm-tornado-7000-apple-peach-pear\/","title":{"rendered":"RandM Tornado 7000 Jab\u0142ko Brzoskwinia Gruszka"},"content":{"rendered":"<h2 class=\"text-xl font-bold text-text-100 mt-1 -mb-0.5\">Jednorazowy e-papieros RandM Tornado 7000 Apple Peach Pear<\/h2>\n<p class=\"whitespace-normal break-words\">E-papieros RandM Tornado 7000 Apple Peach Pear umo\u017cliwia uzyskanie 7000 zaci\u0105gni\u0119\u0107 na jedno urz\u0105dzenie przy nape\u0142nieniu 14 ml e-liquidu i st\u0119\u017ceniach nikotyny 0%, 2%, 3% i 5%. Urz\u0105dzenie jest wyposa\u017cone w akumulator o pojemno\u015bci 850 mAh, system zarz\u0105dzania przep\u0142ywem powietrza i zaawansowan\u0105 technologi\u0119 cewek siatkowych. Przed pierwszym u\u017cyciem Tornado R&amp;M 7000 Apple Peach Pear zalecamy odczekanie oko\u0142o 2 minut po nape\u0142nieniu e-liquidem. Ten czas odpoczynku zapewnia optymalne wch\u0142anianie i doskonali potr\u00f3jnie owocowe doznania podczas waporyzacji.<\/p>\n<h3 class=\"text-lg font-bold text-text-100 mt-1 -mb-1.5\">RandM Tornado 7000 Apple Peach Pear Cechy:<\/h3>\n<p class=\"whitespace-normal break-words\">Jednorazowy e-papieros RandM Tornado 7000 Apple Peach Pear to wysokiej jako\u015bci urz\u0105dzenie do waporyzacji, kt\u00f3re \u0142\u0105czy w sobie harmonijn\u0105 s\u0142odycz jab\u0142ek, brzoskwi\u0144 i gruszek w stylowej obudowie. Dzi\u0119ki imponuj\u0105cej wydajno\u015bci do 7000 zaci\u0105gni\u0119\u0107, ten jednorazowy e-papieros jest idealny dla entuzjast\u00f3w, kt\u00f3rzy chc\u0105 d\u0142ugotrwa\u0142ego i z\u0142o\u017conego owocowego smaku.<\/p>\n<p class=\"whitespace-normal break-words\">Wyposa\u017cony w pot\u0119\u017cn\u0105 bateri\u0119 850 mAh i pojemny 14 ml zbiornik na e-liquid, Apple Peach Pear Tornado gwarantuje d\u0142ugie sesje waporyzacji. Modulowana kontrola przep\u0142ywu powietrza umo\u017cliwia dalsze opcje personalizacji i pozwala skonfigurowa\u0107 do\u015bwiadczenie waporyzacji zgodnie z w\u0142asnymi preferencjami.<\/p>\n<p class=\"whitespace-normal break-words\">Opracowany z my\u015bl\u0105 o mobilnych mi\u0142o\u015bnikach waporyzacji, Tornado wyr\u00f3\u017cnia si\u0119 kompaktow\u0105 konstrukcj\u0105 i systemem aktywacji sterowanym wdechem, co czyni go niezwykle przyjaznym dla u\u017cytkownika. Smak Apple Peach Pear \u0142\u0105czy w sobie trzy klasyczne owoce, zapewniaj\u0105c zr\u00f3wnowa\u017cone, wielowarstwowe doznania smakowe. Tornado 7000 jest dost\u0119pny w wersjach z sol\u0105 nikotynow\u0105 0%, 2%, 3% i 5% i zaspokaja r\u00f3\u017cne potrzeby.<\/p>\n<h3 class=\"text-lg font-bold text-text-100 mt-1 -mb-1.5\">Dane sprz\u0119towe<\/h3>\n<p class=\"whitespace-normal break-words\">Zawarto\u015b\u0107 nikotyny: 0% \/2%\/3%\/5%<br \/>\nPojemno\u015b\u0107 e-liquidu: 14 ml<br \/>\nPoci\u0105gi parowe na jednostk\u0119: 7000<br \/>\nModyfikacja przep\u0142ywu powietrza<br \/>\n\u0141adowanie typu C<br \/>\n\u0179r\u00f3d\u0142o energii z mo\u017cliwo\u015bci\u0105 \u0142adowania<br \/>\nZintegrowany akumulator 850 mAh<\/p>\n<h3 class=\"text-lg font-bold text-text-100 mt-1 -mb-1.5\">Odkryj wi\u0119cej FUMOT VAPE na vozolpuff<\/h3>\n<p class=\"whitespace-normal break-words\">Przejrzyj nasz\u0105 szerok\u0105 gam\u0119 produkt\u00f3w na stronie <strong><a class=\"underline\" href=\"https:\/\/vozolpuff.de\/pl\/\">G\u0142\u00f3wna platforma<\/a><\/strong>, Poznaj urz\u0105dzenia do waporyzacji klasy premium w <strong><a class=\"underline\" href=\"https:\/\/vozolpuff.de\/pl\/product-category\/fumot-vape\/\">Kategoria FUMOT VAPE<\/a><\/strong> lub przegl\u0105da\u0107 ca\u0142\u0105 <strong><a class=\"underline\" href=\"https:\/\/vozolpuff.de\/pl\/product-category\/fumot-vape\/randm-tornado-7000\/\">Zakres smaku RandM Tornado 7000<\/a><\/strong>.<\/p>","protected":false},"excerpt":{"rendered":"<p>Jednorazowy waporyzator RandM Tornado 7000 Apple Peach Pear \u0142\u0105czy w sobie harmonijn\u0105 s\u0142odycz jab\u0142ek, brzoskwi\u0144 i gruszek. Dzi\u0119ki 7000 zaci\u0105gni\u0119\u0107, pojemno\u015bci 14 ml e-liquidu, baterii 850 mAh i technologii cewki siatkowej, oferuje d\u0142ugotrwa\u0142\u0105 przyjemno\u015b\u0107 z pary w nikotynie 0%, 2%, 3% lub 5%.<\/p>","protected":false},"featured_media":3817,"comment_status":"open","ping_status":"closed","template":"","meta":{"_acf_changed":false},"product_brand":[],"product_cat":[50],"product_tag":[],"class_list":{"0":"post-3813","1":"product","2":"type-product","3":"status-publish","4":"has-post-thumbnail","6":"product_cat-randm-tornado-7000","8":"first","9":"instock","10":"shipping-taxable","11":"purchasable","12":"product-type-variable"},"acf":[],"_links":{"self":[{"href":"https:\/\/vozolpuff.de\/pl\/wp-json\/wp\/v2\/product\/3813","targetHints":{"allow":["GET"]}}],"collection":[{"href":"https:\/\/vozolpuff.de\/pl\/wp-json\/wp\/v2\/product"}],"about":[{"href":"https:\/\/vozolpuff.de\/pl\/wp-json\/wp\/v2\/types\/product"}],"replies":[{"embeddable":true,"href":"https:\/\/vozolpuff.de\/pl\/wp-json\/wp\/v2\/comments?post=3813"}],"wp:featuredmedia":[{"embeddable":true,"href":"https:\/\/vozolpuff.de\/pl\/wp-json\/wp\/v2\/media\/3817"}],"wp:attachment":[{"href":"https:\/\/vozolpuff.de\/pl\/wp-json\/wp\/v2\/media?parent=3813"}],"wp:term":[{"taxonomy":"product_brand","embeddable":true,"href":"https:\/\/vozolpuff.de\/pl\/wp-json\/wp\/v2\/product_brand?post=3813"},{"taxonomy":"product_cat","embeddable":true,"href":"https:\/\/vozolpuff.de\/pl\/wp-json\/wp\/v2\/product_cat?post=3813"},{"taxonomy":"product_tag","embeddable":true,"href":"https:\/\/vozolpuff.de\/pl\/wp-json\/wp\/v2\/product_tag?post=3813"}],"curies":[{"name":"wp","href":"https:\/\/api.w.org\/{rel}","templated":true}]}}