{"id":3822,"date":"2025-09-09T10:50:27","date_gmt":"2025-09-09T08:50:27","guid":{"rendered":"https:\/\/vozolpuff.de\/?post_type=product&#038;p=3822"},"modified":"2025-09-09T10:50:27","modified_gmt":"2025-09-09T08:50:27","slug":"randm-tornado-7000-blueberry-pomegranate","status":"publish","type":"product","link":"https:\/\/vozolpuff.de\/pl\/produkt\/randm-tornado-7000-blueberry-pomegranate\/","title":{"rendered":"RandM Tornado 7000 Blueberry Pomegranate"},"content":{"rendered":"<h2 class=\"text-xl font-bold text-text-100 mt-1 -mb-0.5\">RandM Tornado 7000 Blueberry Pomegranate Jednorazowy e-papieros<\/h2>\n<p class=\"whitespace-normal break-words\">Vape RandM Tornado 7000 Blueberry Pomegranate oferuje spektakularne 7000 zaci\u0105gni\u0119\u0107 na sztuk\u0119, pojemno\u015b\u0107 14 ml e-liquidu i poziomy nikotyny 0%, 2%, 3% i 5%. Posiada akumulator o pojemno\u015bci 850 mAh, kontrol\u0119 ci\u0105gu powietrza i innowacyjn\u0105 technologi\u0119 Mesh Coil. Przed pierwszym u\u017cyciem Tornado R&amp;M 7000 Blueberry Pomegranate nale\u017cy odczeka\u0107 oko\u0142o 2 minut po nape\u0142nieniu e-liquidem. Ten czas nasycenia zapewnia idealn\u0105 penetracj\u0119 i maksymalizuje bogate w przeciwutleniacze doznania podczas wapowania.<\/p>\n<h3 class=\"text-lg font-bold text-text-100 mt-1 -mb-1.5\">RandM Tornado 7000 Blueberry Pomegranate Charakterystyka:<\/h3>\n<p class=\"whitespace-normal break-words\">RandM Tornado 7000 Blueberry Pomegranate Disposable \u2013 pot\u0119\u017cna moc wapowania, \u0142\u0105cz\u0105ca s\u0142odk\u0105 intensywno\u015b\u0107 jag\u00f3d z cierpk\u0105 s\u0142odycz\u0105 granat\u00f3w w wyrafinowanym opakowaniu. Dzi\u0119ki imponuj\u0105cej wytrzyma\u0142o\u015bci do 7000 zaci\u0105gni\u0119\u0107 ten jednorazowy e-papieros jest idealny dla koneser\u00f3w, kt\u00f3rzy ceni\u0105 sobie d\u0142ugotrwa\u0142e i wyrafinowane doznania smakowe.<\/p>\n<p class=\"whitespace-normal break-words\">Wyposa\u017cony w wytrzyma\u0142\u0105 bateri\u0119 o pojemno\u015bci 850 mAh i pojemny zbiornik na e-liquid o pojemno\u015bci 14 ml, Blueberry Pomegranate Tornado zapewnia d\u0142ugotrwa\u0142e sesje wapowania. Regulowana kontrola przep\u0142ywu powietrza oferuje dodatkowe mo\u017cliwo\u015bci dostosowania i pozwala indywidualnie dostosowa\u0107 wra\u017cenia z wapowania.<\/p>\n<p class=\"whitespace-normal break-words\">Zaprojektowany z my\u015bl\u0105 o u\u017cytkownikach w podr\u00f3\u017cy, Tornado wyr\u00f3\u017cnia si\u0119 por\u0119cznym formatem i aktywowanym oddechem zapalnikiem, co czyni go niezwykle przyjaznym dla u\u017cytkownika. Smak Blueberry Pomegranate \u0142\u0105czy s\u0142odkie jagody z cierpkim s\u0142odkim granatem, zapewniaj\u0105c eleganckie, owocowe doznania podczas wapowania. Tornado 7000 jest dost\u0119pny w wersjach o st\u0119\u017ceniu soli nikotyny 0%, 2%, 3% i 5%, dzi\u0119ki czemu zaspokaja r\u00f3\u017cne preferencje.<\/p>\n<h3 class=\"text-lg font-bold text-text-100 mt-1 -mb-1.5\">Specyfikacja techniczna<\/h3>\n<p class=\"whitespace-normal break-words\">\u2611 Warianty nikotyny: 0% \/2%\/3%\/5%<br \/>\n\u2611 Pojemno\u015b\u0107 p\u0142ynu: 14 ml<br \/>\n\u2611 Ilo\u015b\u0107 inhalacji na jednostk\u0119: 7000<br \/>\n\u2611 Regulacja przep\u0142ywu powietrza<br \/>\n\u2611 Port \u0142adowania typu C<br \/>\n\u2611 Akumulator<br \/>\n\u2611 Wbudowany akumulator o pojemno\u015bci 850 mAh<\/p>\n<h3 class=\"text-lg font-bold text-text-100 mt-1 -mb-1.5\">Odkryj wi\u0119cej FUMOT VAPE na vozolpuff<\/h3>\n<p class=\"whitespace-normal break-words\">Zapraszamy do zapoznania si\u0119 z nasz\u0105 szerok\u0105 ofert\u0105 na naszej stronie internetowej. <strong><a class=\"underline\" href=\"https:\/\/vozolpuff.de\/pl\/\">Strona internetowa<\/a><\/strong>, odkryj wysokiej klasy produkty parowe w <strong><a class=\"underline\" href=\"https:\/\/vozolpuff.de\/pl\/product-category\/fumot-vape\/\">FUMOT VAPE Division<\/a><\/strong> lub przejrzyj pe\u0142n\u0105 wersj\u0119 <strong><a class=\"underline\" href=\"https:\/\/vozolpuff.de\/pl\/product-category\/fumot-vape\/randm-tornado-7000\/\">RandM Tornado 7000 R\u00f3\u017cnorodno\u015b\u0107 smak\u00f3w<\/a><\/strong>.<\/p>","protected":false},"excerpt":{"rendered":"<p>Jednorazowy vape RandM Tornado 7000 Blueberry Pomegranate \u0142\u0105czy s\u0142odkie jagody z cierpk\u0105 s\u0142odycz\u0105 granatu. Dzi\u0119ki 7000 zaci\u0105gni\u0119ciom, pojemno\u015bci 14 ml e-liquidu, baterii 850 mAh i technologii Mesh Coil zapewnia d\u0142ugotrwa\u0142\u0105 przyjemno\u015b\u0107 z wapowania w wersjach 0%, 2%, 3% lub 5% nikotyny. Powt\u00f3rz<\/p>","protected":false},"featured_media":3826,"comment_status":"open","ping_status":"closed","template":"","meta":{"_acf_changed":false},"product_brand":[],"product_cat":[50],"product_tag":[],"class_list":{"0":"post-3822","1":"product","2":"type-product","3":"status-publish","4":"has-post-thumbnail","6":"product_cat-randm-tornado-7000","8":"first","9":"instock","10":"shipping-taxable","11":"purchasable","12":"product-type-variable"},"acf":[],"_links":{"self":[{"href":"https:\/\/vozolpuff.de\/pl\/wp-json\/wp\/v2\/product\/3822","targetHints":{"allow":["GET"]}}],"collection":[{"href":"https:\/\/vozolpuff.de\/pl\/wp-json\/wp\/v2\/product"}],"about":[{"href":"https:\/\/vozolpuff.de\/pl\/wp-json\/wp\/v2\/types\/product"}],"replies":[{"embeddable":true,"href":"https:\/\/vozolpuff.de\/pl\/wp-json\/wp\/v2\/comments?post=3822"}],"wp:featuredmedia":[{"embeddable":true,"href":"https:\/\/vozolpuff.de\/pl\/wp-json\/wp\/v2\/media\/3826"}],"wp:attachment":[{"href":"https:\/\/vozolpuff.de\/pl\/wp-json\/wp\/v2\/media?parent=3822"}],"wp:term":[{"taxonomy":"product_brand","embeddable":true,"href":"https:\/\/vozolpuff.de\/pl\/wp-json\/wp\/v2\/product_brand?post=3822"},{"taxonomy":"product_cat","embeddable":true,"href":"https:\/\/vozolpuff.de\/pl\/wp-json\/wp\/v2\/product_cat?post=3822"},{"taxonomy":"product_tag","embeddable":true,"href":"https:\/\/vozolpuff.de\/pl\/wp-json\/wp\/v2\/product_tag?post=3822"}],"curies":[{"name":"wp","href":"https:\/\/api.w.org\/{rel}","templated":true}]}}