{"id":3839,"date":"2025-09-10T05:30:08","date_gmt":"2025-09-10T03:30:08","guid":{"rendered":"https:\/\/vozolpuff.de\/?post_type=product&#038;p=3839"},"modified":"2025-09-10T05:30:08","modified_gmt":"2025-09-10T03:30:08","slug":"randm-tornado-7000-vimto","status":"publish","type":"product","link":"https:\/\/vozolpuff.de\/pl\/produkt\/randm-tornado-7000-vimto\/","title":{"rendered":"RandM Tornado 7000 Vimto"},"content":{"rendered":"<h2 class=\"text-xl font-bold text-text-100 mt-1 -mb-0.5\">Jednorazowy e-papieros RandM Tornado 7000 Vimto<\/h2>\n<p class=\"whitespace-normal break-words\">Poczuj kultowy smak Vimto dzi\u0119ki jednorazowemu e-papierosowi RandM Tornado 7000 Puffs. To wysokiej jako\u015bci urz\u0105dzenie do waporyzacji \u0142\u0105czy klasyczny jagodowo-winogronowy smak Vimto z najnowocze\u015bniejsz\u0105 technologi\u0105 waporyzacji, zapewniaj\u0105c do 7000 przyjemnych zaci\u0105gni\u0119\u0107. Zintegrowany akumulator o pojemno\u015bci 850 mAh zapewnia d\u0142ugotrwa\u0142e sesje waporyzacji, a pojemny zbiornik na e-liquid o pojemno\u015bci 14 ml nie wymaga uzupe\u0142niania. Precyzyjnie regulowany przep\u0142yw powietrza pozwala dostosowa\u0107 doznania podczas waporyzacji. Smuk\u0142a, przeno\u015bna konstrukcja sprawia, \u017ce ten e-papieros jest idealnym towarzyszem na ka\u017cdy dzie\u0144.<\/p>\n<h3 class=\"text-lg font-bold text-text-100 mt-1 -mb-1.5\">Cechy produktu<\/h3>\n<p class=\"whitespace-normal break-words\"><strong>Bateria:<\/strong> Wbudowany akumulator 850 mAh (z mo\u017cliwo\u015bci\u0105 \u0142adowania)<br \/>\n<strong>Wydajno\u015b\u0107:<\/strong> Niezawodne i sp\u00f3jne wytwarzanie pary<br \/>\n<strong>Obj\u0119to\u015b\u0107 e-liquidu:<\/strong> Wst\u0119pnie nape\u0142niony 14 ml<br \/>\n<strong>Opcje nikotyny:<\/strong> Do wyboru 0%, 2%, 3% lub 5%<br \/>\n<strong>Poci\u0105gi:<\/strong> Oko\u0142o 7 000 zaci\u0105gni\u0119\u0107 na urz\u0105dzenie<br \/>\n<strong>Przep\u0142yw powietrza:<\/strong> Regulowany dop\u0142yw powietrza<br \/>\n<strong>Projekt:<\/strong> Zintegrowane o\u015bwietlenie RGB<\/p>\n<h3 class=\"text-lg font-bold text-text-100 mt-1 -mb-1.5\">Odkryj wi\u0119cej FUMOT VAPE na vozolpuff<\/h3>\n<p class=\"whitespace-normal break-words\">Odwied\u017a nasz\u0105 stron\u0119 <strong><a class=\"underline\" href=\"https:\/\/vozolpuff.de\/pl\/\">Sklep internetowy<\/a><\/strong> Aby uzyska\u0107 wi\u0119cej wysokiej jako\u015bci produkt\u00f3w vape, przejrzyj ca\u0142\u0105 ofert\u0119 <strong><a class=\"underline\" href=\"https:\/\/vozolpuff.de\/pl\/product-category\/fumot-vape\/\">Gama produkt\u00f3w FUMOT VAPE<\/a><\/strong> lub odkryj wszystkie dost\u0119pne <strong><a class=\"underline\" href=\"https:\/\/vozolpuff.de\/pl\/product-category\/fumot-vape\/randm-tornado-7000\/\">RandM Tornado 7000 aromaty<\/a><\/strong> w naszym asortymencie.<\/p>","protected":false},"excerpt":{"rendered":"<div>\n<div class=\"grid-cols-1 grid gap-2.5 [&amp;_&gt;_*]:min-w-0 !gap-3.5\">\n<p class=\"whitespace-normal break-words\">Die RandM Tornado 7000 Vimto Einweg-Vape bringt den kultigen Beeren-Trauben-Mix direkt zu Ihnen. Ausgestattet mit langlebigem 850mAh Akku, gro\u00dfz\u00fcgigem 14ml E-Liquid-Vorrat und fortschrittlicher Airflow-Kontrolle bietet sie konstante Qualit\u00e4t \u00fcber alle 7000 Z\u00fcge. RGB-Leuchteffekte runden das Design ab.<\/p>\n<\/div>\n<\/div>\n<div class=\"h-8\"><\/div>\n","protected":false},"featured_media":3843,"comment_status":"open","ping_status":"closed","template":"","meta":{"_acf_changed":false},"product_brand":[],"product_cat":[50],"product_tag":[],"class_list":{"0":"post-3839","1":"product","2":"type-product","3":"status-publish","4":"has-post-thumbnail","6":"product_cat-randm-tornado-7000","8":"first","9":"instock","10":"shipping-taxable","11":"purchasable","12":"product-type-variable"},"acf":[],"_links":{"self":[{"href":"https:\/\/vozolpuff.de\/pl\/wp-json\/wp\/v2\/product\/3839","targetHints":{"allow":["GET"]}}],"collection":[{"href":"https:\/\/vozolpuff.de\/pl\/wp-json\/wp\/v2\/product"}],"about":[{"href":"https:\/\/vozolpuff.de\/pl\/wp-json\/wp\/v2\/types\/product"}],"replies":[{"embeddable":true,"href":"https:\/\/vozolpuff.de\/pl\/wp-json\/wp\/v2\/comments?post=3839"}],"wp:featuredmedia":[{"embeddable":true,"href":"https:\/\/vozolpuff.de\/pl\/wp-json\/wp\/v2\/media\/3843"}],"wp:attachment":[{"href":"https:\/\/vozolpuff.de\/pl\/wp-json\/wp\/v2\/media?parent=3839"}],"wp:term":[{"taxonomy":"product_brand","embeddable":true,"href":"https:\/\/vozolpuff.de\/pl\/wp-json\/wp\/v2\/product_brand?post=3839"},{"taxonomy":"product_cat","embeddable":true,"href":"https:\/\/vozolpuff.de\/pl\/wp-json\/wp\/v2\/product_cat?post=3839"},{"taxonomy":"product_tag","embeddable":true,"href":"https:\/\/vozolpuff.de\/pl\/wp-json\/wp\/v2\/product_tag?post=3839"}],"curies":[{"name":"wp","href":"https:\/\/api.w.org\/{rel}","templated":true}]}}