{"id":3848,"date":"2025-09-10T05:33:03","date_gmt":"2025-09-10T03:33:03","guid":{"rendered":"https:\/\/vozolpuff.de\/?post_type=product&#038;p=3848"},"modified":"2025-09-10T05:33:04","modified_gmt":"2025-09-10T03:33:04","slug":"randm-tornado-7000-kiwi-passion-fruit-guava","status":"publish","type":"product","link":"https:\/\/vozolpuff.de\/pl\/produkt\/randm-tornado-7000-kiwi-passion-fruit-guava\/","title":{"rendered":"RandM Tornado 7000 Kiwi Marakuja Guawa"},"content":{"rendered":"<h2 class=\"text-xl font-bold text-text-100 mt-1 -mb-0.5\">Jednorazowy e-papieros RandM Tornado 7000 Kiwi Passion Fruit Guava<\/h2>\n<p class=\"whitespace-normal break-words\">Zanurz si\u0119 w tropikalnym raju dzi\u0119ki RandM Tornado 7000 Kiwi Passion Fruit Guava. Ta egzotyczna mieszanka owoc\u00f3w \u0142\u0105czy w sobie s\u0142odycz guawy, intensywno\u015b\u0107 marakui i orze\u017awiaj\u0105c\u0105 kwaskowato\u015b\u0107 kiwi, tworz\u0105c nieodparte doznania podczas waporyzacji. Dzi\u0119ki imponuj\u0105cej pojemno\u015bci 7000 zaci\u0105gni\u0119\u0107, to jednorazowe urz\u0105dzenie do waporyzacji zapewnia tygodnie przyjemno\u015bci bez konieczno\u015bci konserwacji. Wydajna bateria litowa 850 mAh zapewnia sta\u0142\u0105 produkcj\u0119 pary, a zbiornik e-liquidu o du\u017cej pojemno\u015bci 14 ml gwarantuje d\u0142ugotrwa\u0142e sesje. Innowacyjna aktywacja zaci\u0105gania eliminuje potrzeb\u0119 skomplikowanej obs\u0142ugi.<\/p>\n<h3 class=\"text-lg font-bold text-text-100 mt-1 -mb-1.5\">Specyfikacja produktu<\/h3>\n<p class=\"whitespace-normal break-words\"><strong>Bateria:<\/strong> Wbudowany akumulator 850 mAh (z mo\u017cliwo\u015bci\u0105 \u0142adowania)<br \/>\n<strong>Moc:<\/strong> Zoptymalizowana i sp\u00f3jna dystrybucja energii<br \/>\n<strong>Pojemno\u015b\u0107 zbiornika:<\/strong> Wst\u0119pnie nape\u0142niony 14 ml<br \/>\n<strong>Moc nikotyny:<\/strong> Dost\u0119pne modele: 0%, 2%, 3% lub 5%<br \/>\n<strong>Liczba zaci\u0105gni\u0119\u0107:<\/strong> Oko\u0142o 7000 poci\u0105g\u00f3w<br \/>\n<strong>Regulacja powietrza:<\/strong> Mo\u017cliwo\u015b\u0107 dostosowania dop\u0142ywu powietrza<br \/>\n<strong>Dodatki:<\/strong> Zintegrowane efekty \u015bwietlne RGB<\/p>\n<h3 class=\"text-lg font-bold text-text-100 mt-1 -mb-1.5\">Odkryj wi\u0119cej FUMOT VAPE na vozolpuff<\/h3>\n<p class=\"whitespace-normal break-words\">Zapoznaj si\u0119 z innymi pierwszorz\u0119dnymi e-papierosami na naszej stronie <strong><a class=\"underline\" href=\"https:\/\/vozolpuff.de\/pl\/\">Strona g\u0142\u00f3wna<\/a><\/strong> i poznaj pe\u0142n\u0105 <strong><a class=\"underline\" href=\"https:\/\/vozolpuff.de\/pl\/product-category\/fumot-vape\/\">Seria FUMOT VAPE<\/a><\/strong> lub znajd\u017a sw\u00f3j nowy ulubiony smak w <strong><a class=\"underline\" href=\"https:\/\/vozolpuff.de\/pl\/product-category\/fumot-vape\/randm-tornado-7000\/\">Kolekcja RandM Tornado 7000<\/a><\/strong>.<\/p>","protected":false},"excerpt":{"rendered":"<div>\n<div class=\"grid-cols-1 grid gap-2.5 [&amp;_&gt;_*]:min-w-0 !gap-3.5\">\n<p class=\"whitespace-normal break-words\">Erleben Sie tropischen Genuss mit der RandM Tornado 7000 Kiwi Passion Fruit Guava Einweg-Vape. Die exotische Dreifach-Fruchtmischung aus s\u00fc\u00dfer Guave, intensiver Passionsfrucht und erfrischender Kiwi sorgt f\u00fcr ein unvergleichliches Geschmackserlebnis \u00fcber alle 7000 Z\u00fcge mit RGB-Beleuchtung.<\/p>\n<\/div>\n<\/div>\n<div class=\"h-8\"><\/div>\n","protected":false},"featured_media":3852,"comment_status":"open","ping_status":"closed","template":"","meta":{"_acf_changed":false},"product_brand":[],"product_cat":[50],"product_tag":[],"class_list":{"0":"post-3848","1":"product","2":"type-product","3":"status-publish","4":"has-post-thumbnail","6":"product_cat-randm-tornado-7000","8":"first","9":"instock","10":"shipping-taxable","11":"purchasable","12":"product-type-variable"},"acf":[],"_links":{"self":[{"href":"https:\/\/vozolpuff.de\/pl\/wp-json\/wp\/v2\/product\/3848","targetHints":{"allow":["GET"]}}],"collection":[{"href":"https:\/\/vozolpuff.de\/pl\/wp-json\/wp\/v2\/product"}],"about":[{"href":"https:\/\/vozolpuff.de\/pl\/wp-json\/wp\/v2\/types\/product"}],"replies":[{"embeddable":true,"href":"https:\/\/vozolpuff.de\/pl\/wp-json\/wp\/v2\/comments?post=3848"}],"wp:featuredmedia":[{"embeddable":true,"href":"https:\/\/vozolpuff.de\/pl\/wp-json\/wp\/v2\/media\/3852"}],"wp:attachment":[{"href":"https:\/\/vozolpuff.de\/pl\/wp-json\/wp\/v2\/media?parent=3848"}],"wp:term":[{"taxonomy":"product_brand","embeddable":true,"href":"https:\/\/vozolpuff.de\/pl\/wp-json\/wp\/v2\/product_brand?post=3848"},{"taxonomy":"product_cat","embeddable":true,"href":"https:\/\/vozolpuff.de\/pl\/wp-json\/wp\/v2\/product_cat?post=3848"},{"taxonomy":"product_tag","embeddable":true,"href":"https:\/\/vozolpuff.de\/pl\/wp-json\/wp\/v2\/product_tag?post=3848"}],"curies":[{"name":"wp","href":"https:\/\/api.w.org\/{rel}","templated":true}]}}