{"id":3857,"date":"2025-09-10T05:35:40","date_gmt":"2025-09-10T03:35:40","guid":{"rendered":"https:\/\/vozolpuff.de\/?post_type=product&#038;p=3857"},"modified":"2025-09-10T05:35:40","modified_gmt":"2025-09-10T03:35:40","slug":"randm-tornado-7000-cola","status":"publish","type":"product","link":"https:\/\/vozolpuff.de\/pl\/produkt\/randm-tornado-7000-cola\/","title":{"rendered":"RandM Tornado 7000 Cola"},"content":{"rendered":"<h2 class=\"text-xl font-bold text-text-100 mt-1 -mb-0.5\">RandM Tornado 7000 Cola Jednorazowy e-papieros<\/h2>\n<p class=\"whitespace-normal break-words\">RandM Tornado 7000 Cola przenosi nostalgiczny smak Twojego ulubionego napoju orze\u017awiaj\u0105cego do \u015bwiata wapowania. Ta autentyczna nuta coli, z charakterystyczn\u0105 s\u0142odycz\u0105 i sekretnymi przyprawami, sprawia, \u017ce ka\u017cda sesja wapowania staje si\u0119 orze\u017awiaj\u0105cym do\u015bwiadczeniem. Ten ultranowoczesny system jednorazowy zapewnia do 7000 zaci\u0105gni\u0119\u0107 czystej przyjemno\u015bci coli, wspieranej przez niezawodn\u0105 bateri\u0119 850 mAh. Obszerny zbiornik na p\u0142yn o pojemno\u015bci 14 ml ca\u0142kowicie eliminuje uci\u0105\u017cliwe uzupe\u0142nianie. Dzi\u0119ki regulacji przep\u0142ywu powietrza mo\u017cna idealnie dostosowa\u0107 urz\u0105dzenie do w\u0142asnych preferencji dotycz\u0105cych wapowania.<\/p>\n<h3 class=\"text-lg font-bold text-text-100 mt-1 -mb-1.5\">Dane techniczne<\/h3>\n<p class=\"whitespace-normal break-words\"><strong>Wydajno\u015b\u0107 baterii:<\/strong> 850 mAh wbudowany (\u0142adowalny)<br \/>\n<strong>Wydajno\u015b\u0107 pary:<\/strong> Stabilna i ci\u0105g\u0142a wydajno\u015b\u0107<br \/>\n<strong>Zawarto\u015b\u0107 cieczy:<\/strong> 14 ml ju\u017c nape\u0142nione<br \/>\n<strong>Warianty nikotynowe:<\/strong> Do wyboru 0%, 2%, 3% lub 5%<br \/>\n<strong>Pojemno\u015b\u0107 poci\u0105gu:<\/strong> Oko\u0142o 7000 poci\u0105g\u00f3w parowych<br \/>\n<strong>Przep\u0142yw powietrza:<\/strong> Regulowana przepuszczalno\u015b\u0107 powietrza<br \/>\n<strong>O\u015bwietlenie:<\/strong> Wielokolorowy wy\u015bwietlacz RGB<\/p>\n<h3 class=\"text-lg font-bold text-text-100 mt-1 -mb-1.5\">Odkryj wi\u0119cej FUMOT VAPE na vozolpuff<\/h3>\n<p class=\"whitespace-normal break-words\">Odkryj dodatkowe rozwi\u0105zania premium dla vaping\u00f3w na naszej stronie <strong><a class=\"underline\" href=\"https:\/\/vozolpuff.de\/pl\/\">Strona g\u0142\u00f3wna<\/a><\/strong>, zanurz si\u0119 w r\u00f3\u017cnorodnej <strong><a class=\"underline\" href=\"https:\/\/vozolpuff.de\/pl\/product-category\/fumot-vape\/\">Wyb\u00f3r FUMOT VAPE<\/a><\/strong> lub wybra\u0107 spo\u015br\u00f3d szerokiej oferty <strong><a class=\"underline\" href=\"https:\/\/vozolpuff.de\/pl\/product-category\/fumot-vape\/randm-tornado-7000\/\">RandM Tornado 7000 R\u00f3\u017cnorodno\u015b\u0107 smak\u00f3w<\/a><\/strong>.<\/p>","protected":false},"excerpt":{"rendered":"<div>\n<div class=\"grid-cols-1 grid gap-2.5 [&amp;_&gt;_*]:min-w-0 !gap-3.5\">\n<p class=\"whitespace-normal break-words\">Entdecken Sie den authentischen Cola-Geschmack mit der RandM Tornado 7000 Cola Einweg-Vape. Diese Premium-Vape kombiniert nostalgische S\u00fc\u00dfe mit geheimen Gew\u00fcrznoten f\u00fcr ein unverwechselbares Dampferlebnis. Mit 850mAh Akku, 14ml Liquidtank und 7000 Z\u00fcgen bietet sie langanhaltenden, erfrischenden Genuss.<\/p>\n<\/div>\n<\/div>\n<div class=\"h-8\"><\/div>\n","protected":false},"featured_media":3859,"comment_status":"open","ping_status":"closed","template":"","meta":{"_acf_changed":false},"product_brand":[],"product_cat":[50],"product_tag":[],"class_list":{"0":"post-3857","1":"product","2":"type-product","3":"status-publish","4":"has-post-thumbnail","6":"product_cat-randm-tornado-7000","8":"first","9":"instock","10":"shipping-taxable","11":"purchasable","12":"product-type-variable"},"acf":[],"_links":{"self":[{"href":"https:\/\/vozolpuff.de\/pl\/wp-json\/wp\/v2\/product\/3857","targetHints":{"allow":["GET"]}}],"collection":[{"href":"https:\/\/vozolpuff.de\/pl\/wp-json\/wp\/v2\/product"}],"about":[{"href":"https:\/\/vozolpuff.de\/pl\/wp-json\/wp\/v2\/types\/product"}],"replies":[{"embeddable":true,"href":"https:\/\/vozolpuff.de\/pl\/wp-json\/wp\/v2\/comments?post=3857"}],"wp:featuredmedia":[{"embeddable":true,"href":"https:\/\/vozolpuff.de\/pl\/wp-json\/wp\/v2\/media\/3859"}],"wp:attachment":[{"href":"https:\/\/vozolpuff.de\/pl\/wp-json\/wp\/v2\/media?parent=3857"}],"wp:term":[{"taxonomy":"product_brand","embeddable":true,"href":"https:\/\/vozolpuff.de\/pl\/wp-json\/wp\/v2\/product_brand?post=3857"},{"taxonomy":"product_cat","embeddable":true,"href":"https:\/\/vozolpuff.de\/pl\/wp-json\/wp\/v2\/product_cat?post=3857"},{"taxonomy":"product_tag","embeddable":true,"href":"https:\/\/vozolpuff.de\/pl\/wp-json\/wp\/v2\/product_tag?post=3857"}],"curies":[{"name":"wp","href":"https:\/\/api.w.org\/{rel}","templated":true}]}}