{"id":3866,"date":"2025-09-10T05:38:14","date_gmt":"2025-09-10T03:38:14","guid":{"rendered":"https:\/\/vozolpuff.de\/?post_type=product&#038;p=3866"},"modified":"2025-09-10T05:38:14","modified_gmt":"2025-09-10T03:38:14","slug":"randm-tornado-7000-sour-apple","status":"publish","type":"product","link":"https:\/\/vozolpuff.de\/pl\/produkt\/randm-tornado-7000-sour-apple\/","title":{"rendered":"RandM Tornado 7000 Sour Apple"},"content":{"rendered":"<h2 class=\"text-xl font-bold text-text-100 mt-1 -mb-0.5\">Jednorazowy e-papieros RandM Tornado 7000 Sour Apple<\/h2>\n<p class=\"whitespace-normal break-words\">Do\u015bwiadcz idealnego kontrastu mi\u0119dzy s\u0142odkim i kwa\u015bnym smakiem RandM Tornado 7000 Sour Apple Edition. Ten owocowy, intensywny smak oddaje esencj\u0119 chrupi\u0105cego zielonego jab\u0142ka z zaskakuj\u0105c\u0105 kwa\u015bn\u0105 nut\u0105, kt\u00f3ra pobudza kubki smakowe. Dzi\u0119ki wyj\u0105tkowej liczbie 7000 zaci\u0105gni\u0119\u0107 na urz\u0105dzenie, ten jednorazowy e-papieros wyznacza nowe standardy w zakresie wytrzyma\u0142o\u015bci. Solidny akumulator o pojemno\u015bci 850 mAh gwarantuje nieprzerwan\u0105 wydajno\u015b\u0107, a pojemny zbiornik liquidu o pojemno\u015bci 14 ml zapewnia tygodnie satysfakcji. Przyjazna dla u\u017cytkownika technologia draw-to-fire sprawia, \u017ce ka\u017cde zaci\u0105gni\u0119cie si\u0119 nie wymaga wysi\u0142ku.<\/p>\n<h3 class=\"text-lg font-bold text-text-100 mt-1 -mb-1.5\">Specyfikacja urz\u0105dzenia<\/h3>\n<p class=\"whitespace-normal break-words\"><strong>Typ baterii:<\/strong> Zintegrowany akumulator 850 mAh (z mo\u017cliwo\u015bci\u0105 \u0142adowania)<br \/>\n<strong>Wydajno\u015b\u0107 energetyczna:<\/strong> Sp\u00f3jna i efektywna wydajno\u015b\u0107<br \/>\n<strong>Ilo\u015b\u0107 e-liquidu:<\/strong> 14 ml ca\u0142kowicie nape\u0142niony<br \/>\n<strong>Zawarto\u015b\u0107 nikotyny:<\/strong> 0%, 2%, 3% lub 5% do wyboru<br \/>\n<strong>Poci\u0105gi parowe:<\/strong> Oko\u0142o 7 000 na jednostk\u0119<br \/>\n<strong>Kontrola powietrza:<\/strong> Indywidualnie regulowane nat\u0119\u017cenie przep\u0142ywu<br \/>\n<strong>Pokaz \u015bwietlny:<\/strong> Wbudowane pod\u015bwietlenie RGB<\/p>\n<h3 class=\"text-lg font-bold text-text-100 mt-1 -mb-1.5\">Odkryj wi\u0119cej FUMOT VAPE na vozolpuff<\/h3>\n<p class=\"whitespace-normal break-words\">Zapoznaj si\u0119 z innymi wysokiej jako\u015bci urz\u0105dzeniami parowymi na naszej stronie <strong><a class=\"underline\" href=\"https:\/\/vozolpuff.de\/pl\/\">Strona internetowa<\/a><\/strong> Przegl\u0105daj ca\u0142\u0105 gam\u0119 <strong><a class=\"underline\" href=\"https:\/\/vozolpuff.de\/pl\/product-category\/fumot-vape\/\">Seria FUMOT VAPE<\/a><\/strong> lub odkry\u0107 inne warianty <strong><a class=\"underline\" href=\"https:\/\/vozolpuff.de\/pl\/product-category\/fumot-vape\/randm-tornado-7000\/\">Rodzina RandM Tornado 7000<\/a><\/strong>.<\/p>","protected":false},"excerpt":{"rendered":"<div>\n<div class=\"grid-cols-1 grid gap-2.5 [&amp;_&gt;_*]:min-w-0 !gap-3.5\">\n<p class=\"whitespace-normal break-words\">Genie\u00dfen Sie den perfekten s\u00fc\u00df-sauren Kontrast mit der RandM Tornado 7000 Sour Apple Einweg-Vape. Der intensive gr\u00fcne Apfelgeschmack mit seiner belebenden sauren Note sorgt f\u00fcr ein erfrischendes Dampferlebnis. Mit 850mAh Akku, 14ml Liquidkapazit\u00e4t und 7000 Z\u00fcgen f\u00fcr langanhaltenden Genuss mit RGB-Effekten.<\/p>\n<\/div>\n<\/div>\n<div class=\"h-8\"><\/div>\n","protected":false},"featured_media":3870,"comment_status":"open","ping_status":"closed","template":"","meta":{"_acf_changed":false},"product_brand":[],"product_cat":[50],"product_tag":[],"class_list":{"0":"post-3866","1":"product","2":"type-product","3":"status-publish","4":"has-post-thumbnail","6":"product_cat-randm-tornado-7000","8":"first","9":"instock","10":"shipping-taxable","11":"purchasable","12":"product-type-variable"},"acf":[],"_links":{"self":[{"href":"https:\/\/vozolpuff.de\/pl\/wp-json\/wp\/v2\/product\/3866","targetHints":{"allow":["GET"]}}],"collection":[{"href":"https:\/\/vozolpuff.de\/pl\/wp-json\/wp\/v2\/product"}],"about":[{"href":"https:\/\/vozolpuff.de\/pl\/wp-json\/wp\/v2\/types\/product"}],"replies":[{"embeddable":true,"href":"https:\/\/vozolpuff.de\/pl\/wp-json\/wp\/v2\/comments?post=3866"}],"wp:featuredmedia":[{"embeddable":true,"href":"https:\/\/vozolpuff.de\/pl\/wp-json\/wp\/v2\/media\/3870"}],"wp:attachment":[{"href":"https:\/\/vozolpuff.de\/pl\/wp-json\/wp\/v2\/media?parent=3866"}],"wp:term":[{"taxonomy":"product_brand","embeddable":true,"href":"https:\/\/vozolpuff.de\/pl\/wp-json\/wp\/v2\/product_brand?post=3866"},{"taxonomy":"product_cat","embeddable":true,"href":"https:\/\/vozolpuff.de\/pl\/wp-json\/wp\/v2\/product_cat?post=3866"},{"taxonomy":"product_tag","embeddable":true,"href":"https:\/\/vozolpuff.de\/pl\/wp-json\/wp\/v2\/product_tag?post=3866"}],"curies":[{"name":"wp","href":"https:\/\/api.w.org\/{rel}","templated":true}]}}