{"id":3875,"date":"2025-09-10T05:40:48","date_gmt":"2025-09-10T03:40:48","guid":{"rendered":"https:\/\/vozolpuff.de\/?post_type=product&#038;p=3875"},"modified":"2025-09-10T05:40:49","modified_gmt":"2025-09-10T03:40:49","slug":"randm-tornado-7000-blackcurrant-menthol","status":"publish","type":"product","link":"https:\/\/vozolpuff.de\/pl\/produkt\/randm-tornado-7000-blackcurrant-menthol\/","title":{"rendered":"RandM Tornado 7000 Blackcurrant Menthol"},"content":{"rendered":"<h2 class=\"text-xl font-bold text-text-100 mt-1 -mb-0.5\">Jednorazowy e-papieros RandM Tornado 7000 Blackcurrant Menthol<\/h2>\n<p class=\"whitespace-normal break-words\">RandM Tornado 7000 Blackcurrant Menthol \u0142\u0105czy w sobie ciemn\u0105 s\u0142odycz dojrza\u0142ych czarnych porzeczek z orze\u017awiaj\u0105cym mentolowym kopni\u0119ciem, zapewniaj\u0105c wyj\u0105tkowo orze\u017awiaj\u0105ce doznania podczas waporyzacji. Ta wyrafinowana kombinacja smakowa oferuje zar\u00f3wno mi\u0142o\u015bnikom owoc\u00f3w, jak i entuzjastom mentolu to, co najlepsze z obu \u015bwiat\u00f3w. Wydajny system jednorazowego u\u017cytku pozwala na 7000 aromatyzowanych zaci\u0105gni\u0119\u0107, zasilanych przez d\u0142ugotrwa\u0142\u0105 bateri\u0119 850 mAh. Pojemny zbiornik e-liquidu o pojemno\u015bci 14 ml sprawia, \u017ce uzupe\u0142nianie p\u0142yn\u00f3w nale\u017cy ju\u017c do przesz\u0142o\u015bci. Dzi\u0119ki funkcji regulowanego przep\u0142ywu powietrza mo\u017cna samodzielnie okre\u015bli\u0107 intensywno\u015b\u0107 pary.<\/p>\n<h3 class=\"text-lg font-bold text-text-100 mt-1 -mb-1.5\">W\u0142a\u015bciwo\u015bci sprz\u0119tu<\/h3>\n<p class=\"whitespace-normal break-words\"><strong>System akumulator\u00f3w:<\/strong> 850mAh zainstalowany na sta\u0142e (akumulator)<br \/>\n<strong>Moc wyj\u015bciowa:<\/strong> Sta\u0142a i niezawodna dostawa<br \/>\n<strong>Obj\u0119to\u015b\u0107 cieczy:<\/strong> 14 ml gotowe do nape\u0142nienia<br \/>\n<strong>Poziom nikotyny:<\/strong> Dost\u0119pne modele 0%, 2%, 3% lub 5%<br \/>\n<strong>Pojemno\u015b\u0107 trakcyjna:<\/strong> Mo\u017cliwe oko\u0142o 7000 inhalacji<br \/>\n<strong>System przep\u0142ywu powietrza:<\/strong> Regulowana wentylacja<br \/>\n<strong>Optyka:<\/strong> Kolorowe o\u015bwietlenie RGB<\/p>\n<h3 class=\"text-lg font-bold text-text-100 mt-1 -mb-1.5\">Odkryj wi\u0119cej FUMOT VAPE na vozolpuff<\/h3>\n<p class=\"whitespace-normal break-words\">Znajd\u017a wi\u0119cej doskona\u0142ych produkt\u00f3w do e-papieros\u00f3w w naszej ofercie <strong><a class=\"underline\" href=\"https:\/\/vozolpuff.de\/pl\/\">Sklep internetowy<\/a><\/strong>przegl\u0105daj kompletne <strong><a class=\"underline\" href=\"https:\/\/vozolpuff.de\/pl\/product-category\/fumot-vape\/\">Linia produkt\u00f3w FUMOT VAPE<\/a><\/strong> lub pozw\u00f3l si\u0119 zainspirowa\u0107 ca\u0142o\u015bci\u0105 <strong><a class=\"underline\" href=\"https:\/\/vozolpuff.de\/pl\/product-category\/fumot-vape\/randm-tornado-7000\/\">\u015awiat smaku RandM Tornado 7000<\/a><\/strong> inspirowa\u0107.<\/p>","protected":false},"excerpt":{"rendered":"<div>\n<div class=\"grid-cols-1 grid gap-2.5 [&amp;_&gt;_*]:min-w-0 !gap-3.5\">\n<p class=\"whitespace-normal break-words\">Erleben Sie die perfekte Harmonie aus fruchtiger S\u00fc\u00dfe und k\u00fchler Frische mit der RandM Tornado 7000 Blackcurrant Menthol Einweg-Vape. Dunkle Johannisbeeren treffen auf belebenden Menthol-Kick f\u00fcr ein sophisticated Geschmackserlebnis. 850mAh Akku, 14ml Tank und 7000 Z\u00fcge mit RGB-Beleuchtung garantiert.<\/p>\n<\/div>\n<\/div>\n<div class=\"h-8\"><\/div>\n","protected":false},"featured_media":3879,"comment_status":"open","ping_status":"closed","template":"","meta":{"_acf_changed":false},"product_brand":[],"product_cat":[50],"product_tag":[],"class_list":{"0":"post-3875","1":"product","2":"type-product","3":"status-publish","4":"has-post-thumbnail","6":"product_cat-randm-tornado-7000","8":"first","9":"instock","10":"shipping-taxable","11":"purchasable","12":"product-type-variable"},"acf":[],"_links":{"self":[{"href":"https:\/\/vozolpuff.de\/pl\/wp-json\/wp\/v2\/product\/3875","targetHints":{"allow":["GET"]}}],"collection":[{"href":"https:\/\/vozolpuff.de\/pl\/wp-json\/wp\/v2\/product"}],"about":[{"href":"https:\/\/vozolpuff.de\/pl\/wp-json\/wp\/v2\/types\/product"}],"replies":[{"embeddable":true,"href":"https:\/\/vozolpuff.de\/pl\/wp-json\/wp\/v2\/comments?post=3875"}],"wp:featuredmedia":[{"embeddable":true,"href":"https:\/\/vozolpuff.de\/pl\/wp-json\/wp\/v2\/media\/3879"}],"wp:attachment":[{"href":"https:\/\/vozolpuff.de\/pl\/wp-json\/wp\/v2\/media?parent=3875"}],"wp:term":[{"taxonomy":"product_brand","embeddable":true,"href":"https:\/\/vozolpuff.de\/pl\/wp-json\/wp\/v2\/product_brand?post=3875"},{"taxonomy":"product_cat","embeddable":true,"href":"https:\/\/vozolpuff.de\/pl\/wp-json\/wp\/v2\/product_cat?post=3875"},{"taxonomy":"product_tag","embeddable":true,"href":"https:\/\/vozolpuff.de\/pl\/wp-json\/wp\/v2\/product_tag?post=3875"}],"curies":[{"name":"wp","href":"https:\/\/api.w.org\/{rel}","templated":true}]}}