{"id":3902,"date":"2025-09-10T05:48:15","date_gmt":"2025-09-10T03:48:15","guid":{"rendered":"https:\/\/vozolpuff.de\/?post_type=product&#038;p=3902"},"modified":"2025-09-10T05:48:16","modified_gmt":"2025-09-10T03:48:16","slug":"randm-tornado-7000-peach-mango","status":"publish","type":"product","link":"https:\/\/vozolpuff.de\/pl\/produkt\/randm-tornado-7000-peach-mango\/","title":{"rendered":"RandM Tornado 7000 Brzoskwinia Mango"},"content":{"rendered":"<h2 class=\"text-xl font-bold text-text-100 mt-1 -mb-0.5\">Jednorazowy e-papieros RandM Tornado 7000 Peach Mango<\/h2>\n<p class=\"whitespace-normal break-words\">Przenie\u015b si\u0119 w tropikalne klimaty dzi\u0119ki RandM Tornado 7000 Peach Mango. Ten egzotyczny duet \u0142\u0105czy aksamitn\u0105 s\u0142odycz dojrza\u0142ych brzoskwi\u0144 z intensywnym smakiem owoc\u00f3w tropikalnych mango, tworz\u0105c autentyczne letnie doznania. Innowacyjny jednorazowy system vape zapewnia niezwyk\u0142e 7000 zaci\u0105gni\u0119\u0107 tropikalnym rajem, zasilanym przez trwa\u0142y modu\u0142 energetyczny 850 mAh. Obszerny zbiornik na p\u0142yn o pojemno\u015bci 14 ml gwarantuje d\u0142ugotrwa\u0142\u0105 przyjemno\u015b\u0107 bez konieczno\u015bci uzupe\u0142niania. Intuicyjna aktywacja wdechu eliminuje potrzeb\u0119 stosowania skomplikowanych element\u00f3w steruj\u0105cych, a konfigurowalna kontrola przep\u0142ywu powietrza uwzgl\u0119dnia indywidualne preferencje.<\/p>\n<h3 class=\"text-lg font-bold text-text-100 mt-1 -mb-1.5\">Specyfikacja techniczna<\/h3>\n<p class=\"whitespace-normal break-words\"><strong>Jednostka zasilaj\u0105ca:<\/strong> 850 mAh zainstalowany na sta\u0142e (akumulator)<br \/>\n<strong>Wydajno\u015b\u0107 pary:<\/strong> Sp\u00f3jna i zoptymalizowana wydajno\u015b\u0107<br \/>\n<strong>Pojemno\u015b\u0107 zbiornika:<\/strong> 14 ml ju\u017c nape\u0142nione<br \/>\n<strong>Opcje nikotyny:<\/strong> Dost\u0119pne s\u0105 modele 0%, 2%, 3% lub 5%.<br \/>\n<strong>Liczba poci\u0105g\u00f3w:<\/strong> Oko\u0142o 7 000 inhalacji<br \/>\n<strong>Zarz\u0105dzanie przep\u0142ywem powietrza:<\/strong> Regulowane nat\u0119\u017cenie przep\u0142ywu<br \/>\n<strong>Funkcja o\u015bwietlenia:<\/strong> Kolorowe pod\u015bwietlenie RGB<\/p>\n<h3 class=\"text-lg font-bold text-text-100 mt-1 -mb-1.5\">Odkryj wi\u0119cej FUMOT VAPE na vozolpuff<\/h3>\n<p class=\"whitespace-normal break-words\">Zapoznaj si\u0119 z nasz\u0105 ofert\u0105 <strong><a class=\"underline\" href=\"https:\/\/vozolpuff.de\/pl\/\">Kategoria g\u0142\u00f3wna Vape<\/a><\/strong> Aby znale\u017a\u0107 wi\u0119cej produkt\u00f3w najwy\u017cszej klasy, zapoznaj si\u0119 z ca\u0142\u0105 ofert\u0105 <strong><a class=\"underline\" href=\"https:\/\/vozolpuff.de\/pl\/product-category\/fumot-vape\/\">Seria FUMOT VAPE<\/a><\/strong> lub wybierz jedn\u0105 z naszych <strong><a class=\"underline\" href=\"https:\/\/vozolpuff.de\/pl\/product-category\/fumot-vape\/randm-tornado-7000\/\">Alternatywy dla RandM Tornado 7000<\/a><\/strong>.<\/p>","protected":false},"excerpt":{"rendered":"<div>\n<div class=\"grid-cols-1 grid gap-2.5 [&amp;_&gt;_*]:min-w-0 !gap-3.5\">\n<p class=\"whitespace-normal break-words\">Erleben Sie tropisches Paradies mit der RandM Tornado 7000 Peach Mango Einweg-Vape. Die harmonische Verschmelzung samtiger Pfirsichs\u00fc\u00dfe mit intensiver Mango-Note kreiert ein authentisches Sommererlebnis. Mit kraftvollem 850mAh Akku, 14ml Liquidkapazit\u00e4t und 7000 Z\u00fcgen f\u00fcr langanhaltenden tropischen Genuss.<\/p>\n<\/div>\n<\/div>\n<div class=\"h-8\"><\/div>\n","protected":false},"featured_media":3906,"comment_status":"open","ping_status":"closed","template":"","meta":{"_acf_changed":false},"product_brand":[],"product_cat":[50],"product_tag":[],"class_list":{"0":"post-3902","1":"product","2":"type-product","3":"status-publish","4":"has-post-thumbnail","6":"product_cat-randm-tornado-7000","8":"first","9":"instock","10":"shipping-taxable","11":"purchasable","12":"product-type-variable"},"acf":[],"_links":{"self":[{"href":"https:\/\/vozolpuff.de\/pl\/wp-json\/wp\/v2\/product\/3902","targetHints":{"allow":["GET"]}}],"collection":[{"href":"https:\/\/vozolpuff.de\/pl\/wp-json\/wp\/v2\/product"}],"about":[{"href":"https:\/\/vozolpuff.de\/pl\/wp-json\/wp\/v2\/types\/product"}],"replies":[{"embeddable":true,"href":"https:\/\/vozolpuff.de\/pl\/wp-json\/wp\/v2\/comments?post=3902"}],"wp:featuredmedia":[{"embeddable":true,"href":"https:\/\/vozolpuff.de\/pl\/wp-json\/wp\/v2\/media\/3906"}],"wp:attachment":[{"href":"https:\/\/vozolpuff.de\/pl\/wp-json\/wp\/v2\/media?parent=3902"}],"wp:term":[{"taxonomy":"product_brand","embeddable":true,"href":"https:\/\/vozolpuff.de\/pl\/wp-json\/wp\/v2\/product_brand?post=3902"},{"taxonomy":"product_cat","embeddable":true,"href":"https:\/\/vozolpuff.de\/pl\/wp-json\/wp\/v2\/product_cat?post=3902"},{"taxonomy":"product_tag","embeddable":true,"href":"https:\/\/vozolpuff.de\/pl\/wp-json\/wp\/v2\/product_tag?post=3902"}],"curies":[{"name":"wp","href":"https:\/\/api.w.org\/{rel}","templated":true}]}}