{"id":3911,"date":"2025-09-10T05:50:43","date_gmt":"2025-09-10T03:50:43","guid":{"rendered":"https:\/\/vozolpuff.de\/?post_type=product&#038;p=3911"},"modified":"2025-09-10T05:50:43","modified_gmt":"2025-09-10T03:50:43","slug":"randm-tornado-7000-strawberry-red-bull","status":"publish","type":"product","link":"https:\/\/vozolpuff.de\/pl\/produkt\/randm-tornado-7000-strawberry-red-bull\/","title":{"rendered":"RandM Tornado 7000 Strawberry Red Bull"},"content":{"rendered":"<h2 class=\"text-xl font-bold text-text-100 mt-1 -mb-0.5\">RandM Tornado 7000 Strawberry Red Bull Jednorazowy e-papieros<\/h2>\n<p class=\"whitespace-normal break-words\">Poczuj energetyczny zastrzyk smaku dzi\u0119ki RandM Tornado 7000 Strawberry Red Bull Edition. Ta kreatywna mieszanka \u0142\u0105czy naturaln\u0105 s\u0142odycz \u015bwie\u017cych truskawek z charakterystycznym smakiem napoju energetycznego, zapewniaj\u0105c o\u017cywcze doznania podczas wapowania. Zaawansowany system jednorazowy zapewnia a\u017c 7000 energetyzuj\u0105cych zaci\u0105gni\u0119\u0107, zasilanych przez wytrzyma\u0142y akumulator o pojemno\u015bci 850 mAh. Pojemny zbiornik na p\u0142yn o pojemno\u015bci 14 ml zapewnia tygodnie nieprzerwanej przyjemno\u015bci. Inteligentna aktywacja zaci\u0105gni\u0119cia natychmiast reaguje na inhalacj\u0119, a regulowany dop\u0142yw powietrza umo\u017cliwia r\u00f3\u017cne style wapowania.<\/p>\n<h3 class=\"text-lg font-bold text-text-100 mt-1 -mb-1.5\">Specyfikacje urz\u0105dze\u0144<\/h3>\n<p class=\"whitespace-normal break-words\"><strong>Modu\u0142 baterii:<\/strong> 850 mAh sta\u0142a (\u0142adowalna)<br \/>\n<strong>Moc wyj\u015bciowa:<\/strong> Stabilna i wydajna dystrybucja energii<br \/>\n<strong>Pojemno\u015b\u0107 cieczy:<\/strong> 14 ml gotowego wype\u0142nienia<br \/>\n<strong>Si\u0142a nikotyny:<\/strong> Do wyboru 0%, 2%, 3% lub 5%<br \/>\n<strong>Wydajno\u015b\u0107 pary:<\/strong> Oko\u0142o 7000 poci\u0105g\u00f3w na jednostk\u0119<br \/>\n<strong>System wentylacyjny:<\/strong> Regulowana przepuszczalno\u015b\u0107 powietrza<br \/>\n<strong>Efekt wizualny:<\/strong> Wielokolorowy wy\u015bwietlacz RGB<\/p>\n<h3 class=\"text-lg font-bold text-text-100 mt-1 -mb-1.5\">Odkryj wi\u0119cej FUMOT VAPE na vozolpuff<\/h3>\n<p class=\"whitespace-normal break-words\">Przegl\u0105daj nasze <strong><a class=\"underline\" href=\"https:\/\/vozolpuff.de\/pl\/\">Sklep z e-papierosami<\/a><\/strong> szukasz innych produkt\u00f3w wysokiej jako\u015bci, odkryj ca\u0142\u0105 ofert\u0119 <strong><a class=\"underline\" href=\"https:\/\/vozolpuff.de\/pl\/product-category\/fumot-vape\/\">FUMOT VAPE World<\/a><\/strong> lub por\u00f3wnaj z innymi <strong><a class=\"underline\" href=\"https:\/\/vozolpuff.de\/pl\/product-category\/fumot-vape\/randm-tornado-7000\/\">Opcje RandM Tornado 7000<\/a><\/strong>.<\/p>","protected":false},"excerpt":{"rendered":"<div>\n<div class=\"grid-cols-1 grid gap-2.5 [&amp;_&gt;_*]:min-w-0 !gap-3.5\">\n<p class=\"whitespace-normal break-words\">Tanken Sie Energie mit der RandM Tornado 7000 Strawberry Red Bull Einweg-Vape. Die innovative Fusion aus nat\u00fcrlich s\u00fc\u00dfen Erdbeeren und charakteristischem Energy-Drink-Geschmack sorgt f\u00fcr ein belebendes Dampferlebnis. Mit robustem 850mAh Akku, 14ml Liquidkapazit\u00e4t und 7000 energiegeladenen Z\u00fcgen.<\/p>\n<\/div>\n<\/div>\n<div class=\"h-8\"><\/div>\n","protected":false},"featured_media":3915,"comment_status":"open","ping_status":"closed","template":"","meta":{"_acf_changed":false},"product_brand":[],"product_cat":[50],"product_tag":[],"class_list":{"0":"post-3911","1":"product","2":"type-product","3":"status-publish","4":"has-post-thumbnail","6":"product_cat-randm-tornado-7000","8":"first","9":"instock","10":"shipping-taxable","11":"purchasable","12":"product-type-variable"},"acf":[],"_links":{"self":[{"href":"https:\/\/vozolpuff.de\/pl\/wp-json\/wp\/v2\/product\/3911","targetHints":{"allow":["GET"]}}],"collection":[{"href":"https:\/\/vozolpuff.de\/pl\/wp-json\/wp\/v2\/product"}],"about":[{"href":"https:\/\/vozolpuff.de\/pl\/wp-json\/wp\/v2\/types\/product"}],"replies":[{"embeddable":true,"href":"https:\/\/vozolpuff.de\/pl\/wp-json\/wp\/v2\/comments?post=3911"}],"wp:featuredmedia":[{"embeddable":true,"href":"https:\/\/vozolpuff.de\/pl\/wp-json\/wp\/v2\/media\/3915"}],"wp:attachment":[{"href":"https:\/\/vozolpuff.de\/pl\/wp-json\/wp\/v2\/media?parent=3911"}],"wp:term":[{"taxonomy":"product_brand","embeddable":true,"href":"https:\/\/vozolpuff.de\/pl\/wp-json\/wp\/v2\/product_brand?post=3911"},{"taxonomy":"product_cat","embeddable":true,"href":"https:\/\/vozolpuff.de\/pl\/wp-json\/wp\/v2\/product_cat?post=3911"},{"taxonomy":"product_tag","embeddable":true,"href":"https:\/\/vozolpuff.de\/pl\/wp-json\/wp\/v2\/product_tag?post=3911"}],"curies":[{"name":"wp","href":"https:\/\/api.w.org\/{rel}","templated":true}]}}