{"id":3920,"date":"2025-09-10T05:53:08","date_gmt":"2025-09-10T03:53:08","guid":{"rendered":"https:\/\/vozolpuff.de\/?post_type=product&#038;p=3920"},"modified":"2025-09-10T05:53:08","modified_gmt":"2025-09-10T03:53:08","slug":"randm-tornado-7000-blackcurrant-ice","status":"publish","type":"product","link":"https:\/\/vozolpuff.de\/pl\/produkt\/randm-tornado-7000-blackcurrant-ice\/","title":{"rendered":"RandM Tornado 7000 Blackcurrant Ice"},"content":{"rendered":"<h2 class=\"text-xl font-bold text-text-100 mt-1 -mb-0.5\">Jednorazowy e-papieros RandM Tornado 7000 Blackcurrant Ice<\/h2>\n<p class=\"whitespace-normal break-words\">Och\u0142od\u017a si\u0119 orze\u017awiaj\u0105cym smakiem RandM Tornado 7000 Blackcurrant Ice. Ta lodowata kombinacja smakowa \u0142\u0105czy ciemn\u0105 intensywno\u015b\u0107 czarnej porzeczki z mro\u017anym mentolowym wyko\u0144czeniem, kt\u00f3re sprawia, \u017ce ka\u017cde zaci\u0105gni\u0119cie si\u0119 jest orze\u017awiaj\u0105cym do\u015bwiadczeniem. Wysokowydajne jednorazowe urz\u0105dzenie pozwala na 7000 zaci\u0105gni\u0119\u0107 krystalicznie czystym smakiem, wspieranym przez niezawodny system baterii 850mAh. Zbiornik e-juice o du\u017cej pojemno\u015bci 14 ml zapewnia d\u0142ugotrwa\u0142\u0105 przyjemno\u015b\u0107 bez konieczno\u015bci konserwacji. Responsywna aktywacja inhalacji rozpoczyna si\u0119 natychmiast, a regulowane ustawienie przep\u0142ywu powietrza pozwala na indywidualne dostosowanie.<\/p>\n<h3 class=\"text-lg font-bold text-text-100 mt-1 -mb-1.5\">Specyfikacje sprz\u0119towe<\/h3>\n<p class=\"whitespace-normal break-words\"><strong>Dostawa energii:<\/strong> Wbudowany akumulator 850 mAh (z mo\u017cliwo\u015bci\u0105 \u0142adowania)<br \/>\n<strong>Wydajno\u015b\u0107 pary:<\/strong> Sta\u0142e i niezawodne dzia\u0142anie<br \/>\n<strong>Zawarto\u015b\u0107 e-liquidu:<\/strong> 14 ml ca\u0142kowicie przygotowane<br \/>\n<strong>Odmiany nikotyny:<\/strong> Dost\u0119pne modele 0%, 2%, 3% lub 5%<br \/>\n<strong>Obj\u0119to\u015b\u0107 inhalacji:<\/strong> Oko\u0142o 7000 zaci\u0105gni\u0119\u0107<br \/>\n<strong>Kontrola dop\u0142ywu powietrza:<\/strong> Zmienne ustawienie przep\u0142ywu<br \/>\n<strong>Lekka konstrukcja:<\/strong> Zintegrowane kolorowe o\u015bwietlenie RGB<\/p>\n<h3 class=\"text-lg font-bold text-text-100 mt-1 -mb-1.5\">Odkryj wi\u0119cej FUMOT VAPE na vozolpuff<\/h3>\n<p class=\"whitespace-normal break-words\">Odkryj wi\u0119cej urz\u0105dze\u0144 vapour klasy premium w naszym <strong><a class=\"underline\" href=\"https:\/\/vozolpuff.de\/pl\/\">Katalog online<\/a><\/strong>zanurzy\u0107 si\u0119 g\u0142\u0119boko w <strong><a class=\"underline\" href=\"https:\/\/vozolpuff.de\/pl\/product-category\/fumot-vape\/\">Rodzina produkt\u00f3w FUMOT VAPE<\/a><\/strong> lub znajd\u017a sw\u00f3j idealny smak w <strong><a class=\"underline\" href=\"https:\/\/vozolpuff.de\/pl\/product-category\/fumot-vape\/randm-tornado-7000\/\">Seria RandM Tornado 7000<\/a><\/strong>.<\/p>","protected":false},"excerpt":{"rendered":"<div>\n<div class=\"grid-cols-1 grid gap-2.5 [&amp;_&gt;_*]:min-w-0 !gap-3.5\">\n<p class=\"whitespace-normal break-words\">Erfrischen Sie sich mit der RandM Tornado 7000 Blackcurrant Ice Einweg-Vape. Die intensive Kombination aus dunklen Johannisbeeren und eisigem Menthol-Finish sorgt f\u00fcr kristallklaren Geschmack und frostiges Dampferlebnis. Mit zuverl\u00e4ssigem 850mAh Akku, 14ml Tank und 7000 erfrischenden Z\u00fcgen inklusive RGB-Design.<\/p>\n<\/div>\n<\/div>\n<div class=\"h-8\"><\/div>\n","protected":false},"featured_media":3924,"comment_status":"open","ping_status":"closed","template":"","meta":{"_acf_changed":false},"product_brand":[],"product_cat":[50],"product_tag":[],"class_list":{"0":"post-3920","1":"product","2":"type-product","3":"status-publish","4":"has-post-thumbnail","6":"product_cat-randm-tornado-7000","8":"first","9":"instock","10":"shipping-taxable","11":"purchasable","12":"product-type-variable"},"acf":[],"_links":{"self":[{"href":"https:\/\/vozolpuff.de\/pl\/wp-json\/wp\/v2\/product\/3920","targetHints":{"allow":["GET"]}}],"collection":[{"href":"https:\/\/vozolpuff.de\/pl\/wp-json\/wp\/v2\/product"}],"about":[{"href":"https:\/\/vozolpuff.de\/pl\/wp-json\/wp\/v2\/types\/product"}],"replies":[{"embeddable":true,"href":"https:\/\/vozolpuff.de\/pl\/wp-json\/wp\/v2\/comments?post=3920"}],"wp:featuredmedia":[{"embeddable":true,"href":"https:\/\/vozolpuff.de\/pl\/wp-json\/wp\/v2\/media\/3924"}],"wp:attachment":[{"href":"https:\/\/vozolpuff.de\/pl\/wp-json\/wp\/v2\/media?parent=3920"}],"wp:term":[{"taxonomy":"product_brand","embeddable":true,"href":"https:\/\/vozolpuff.de\/pl\/wp-json\/wp\/v2\/product_brand?post=3920"},{"taxonomy":"product_cat","embeddable":true,"href":"https:\/\/vozolpuff.de\/pl\/wp-json\/wp\/v2\/product_cat?post=3920"},{"taxonomy":"product_tag","embeddable":true,"href":"https:\/\/vozolpuff.de\/pl\/wp-json\/wp\/v2\/product_tag?post=3920"}],"curies":[{"name":"wp","href":"https:\/\/api.w.org\/{rel}","templated":true}]}}