{"id":3929,"date":"2025-09-10T05:55:36","date_gmt":"2025-09-10T03:55:36","guid":{"rendered":"https:\/\/vozolpuff.de\/?post_type=product&#038;p=3929"},"modified":"2025-09-10T05:55:36","modified_gmt":"2025-09-10T03:55:36","slug":"randm-tornado-7000-strawberry-watermelon-lemonade","status":"publish","type":"product","link":"https:\/\/vozolpuff.de\/pl\/produkt\/randm-tornado-7000-strawberry-watermelon-lemonade\/","title":{"rendered":"RandM Tornado 7000 Strawberry Watermelon Lemonade"},"content":{"rendered":"<h2 class=\"text-xl font-bold text-text-100 mt-1 -mb-0.5\">RandM Tornado 7000 Truskawkowa lemoniada arbuzowa Jednorazowy e-papieros<\/h2>\n<p class=\"whitespace-normal break-words\">Ciesz si\u0119 letnim koktajlem smakowym dzi\u0119ki RandM Tornado 7000 Strawberry Watermelon Lemonade. Ta potr\u00f3jna kompozycja owocowa \u0142\u0105czy s\u0142odkie truskawki, soczysty arbuz i orze\u017awiaj\u0105c\u0105 lemoniad\u0119, tworz\u0105c idealnie zr\u00f3wnowa\u017cony letni hit. Innowacyjne jednorazowe urz\u0105dzenie vape gwarantuje niezwyk\u0142e 7000 zaci\u0105gni\u0119\u0107 s\u0142onecznego smaku, zasilane trwa\u0142ym akumulatorem litowo-jonowym 850 mAh. Obszerny zbiornik na p\u0142yn o pojemno\u015bci 14 ml zapewnia nieko\u0144cz\u0105c\u0105 si\u0119 letni\u0105 przyjemno\u015b\u0107. Funkcja Draw-to-Vape aktywuje si\u0119 automatycznie, a regulacja przep\u0142ywu powietrza pozwala dostosowa\u0107 urz\u0105dzenie do indywidualnych preferencji dotycz\u0105cych pary.<\/p>\n<h3 class=\"text-lg font-bold text-text-100 mt-1 -mb-1.5\">Specyfikacja produktu<\/h3>\n<p class=\"whitespace-normal break-words\"><strong>Technologia akumulatora:<\/strong> 850 mAh na sta\u0142e zainstalowany (\u0142adowalny)<br \/>\n<strong>Poziom wydajno\u015bci:<\/strong> R\u00f3wnomierna i niezawodna wydajno\u015b\u0107<br \/>\n<strong>Zbiornik p\u0142ynu:<\/strong> 14 ml gotowego produktu<br \/>\n<strong>Warto\u015bci nikotyny:<\/strong> Dost\u0119pne modele: 0%, 2%, 3% lub 5%<br \/>\n<strong>Puff-Count:<\/strong> Oko\u0142o 7000 poci\u0105g\u00f3w parowych<br \/>\n<strong>Funkcja Airflow:<\/strong> Regulowana cyrkulacja powietrza<br \/>\n<strong>Dodatek o\u015bwietleniowy:<\/strong> Wielokolorowy system RGB<\/p>\n<h3 class=\"text-lg font-bold text-text-100 mt-1 -mb-1.5\">Odkryj wi\u0119cej FUMOT VAPE na vozolpuff<\/h3>\n<p class=\"whitespace-normal break-words\">Przegl\u0105daj nasz\u0105 ofert\u0119 <strong><a class=\"underline\" href=\"https:\/\/vozolpuff.de\/pl\/\">Wszech\u015bwiat pary<\/a><\/strong> szukasz innych doskona\u0142ych vape'\u00f3w, zapoznaj si\u0119 z ca\u0142\u0105 ofert\u0105 <strong><a class=\"underline\" href=\"https:\/\/vozolpuff.de\/pl\/product-category\/fumot-vape\/\">Kolekcja FUMOT VAPE<\/a><\/strong> Poznaj lub odkryj wi\u0119cej <strong><a class=\"underline\" href=\"https:\/\/vozolpuff.de\/pl\/product-category\/fumot-vape\/randm-tornado-7000\/\">RandM Tornado 7000 Do\u015bwiadczenia smakowe<\/a><\/strong>.<\/p>","protected":false},"excerpt":{"rendered":"<div>\n<div class=\"grid-cols-1 grid gap-2.5 [&amp;_&gt;_*]:min-w-0 !gap-3.5\">\n<p class=\"whitespace-normal break-words\">Erleben Sie puren Sommergenuss mit der RandM Tornado 7000 Strawberry Watermelon Lemonade Einweg-Vape. Die harmonische Dreifach-Komposition aus s\u00fc\u00dfen Erdbeeren, saftiger Wassermelone und spritziger Limonade kreiert den perfekten Geschmackscocktail. Mit 850mAh Akku, 14ml Tank und 7000 sonnigen Z\u00fcgen.<\/p>\n<\/div>\n<\/div>\n<div class=\"h-8\"><\/div>\n","protected":false},"featured_media":3933,"comment_status":"open","ping_status":"closed","template":"","meta":{"_acf_changed":false},"product_brand":[],"product_cat":[50],"product_tag":[],"class_list":{"0":"post-3929","1":"product","2":"type-product","3":"status-publish","4":"has-post-thumbnail","6":"product_cat-randm-tornado-7000","8":"first","9":"instock","10":"shipping-taxable","11":"purchasable","12":"product-type-variable"},"acf":[],"_links":{"self":[{"href":"https:\/\/vozolpuff.de\/pl\/wp-json\/wp\/v2\/product\/3929","targetHints":{"allow":["GET"]}}],"collection":[{"href":"https:\/\/vozolpuff.de\/pl\/wp-json\/wp\/v2\/product"}],"about":[{"href":"https:\/\/vozolpuff.de\/pl\/wp-json\/wp\/v2\/types\/product"}],"replies":[{"embeddable":true,"href":"https:\/\/vozolpuff.de\/pl\/wp-json\/wp\/v2\/comments?post=3929"}],"wp:featuredmedia":[{"embeddable":true,"href":"https:\/\/vozolpuff.de\/pl\/wp-json\/wp\/v2\/media\/3933"}],"wp:attachment":[{"href":"https:\/\/vozolpuff.de\/pl\/wp-json\/wp\/v2\/media?parent=3929"}],"wp:term":[{"taxonomy":"product_brand","embeddable":true,"href":"https:\/\/vozolpuff.de\/pl\/wp-json\/wp\/v2\/product_brand?post=3929"},{"taxonomy":"product_cat","embeddable":true,"href":"https:\/\/vozolpuff.de\/pl\/wp-json\/wp\/v2\/product_cat?post=3929"},{"taxonomy":"product_tag","embeddable":true,"href":"https:\/\/vozolpuff.de\/pl\/wp-json\/wp\/v2\/product_tag?post=3929"}],"curies":[{"name":"wp","href":"https:\/\/api.w.org\/{rel}","templated":true}]}}