{"id":3938,"date":"2025-09-10T05:58:14","date_gmt":"2025-09-10T03:58:14","guid":{"rendered":"https:\/\/vozolpuff.de\/?post_type=product&#038;p=3938"},"modified":"2025-09-10T05:58:14","modified_gmt":"2025-09-10T03:58:14","slug":"randm-tornado-7000-cherry","status":"publish","type":"product","link":"https:\/\/vozolpuff.de\/pl\/produkt\/randm-tornado-7000-cherry\/","title":{"rendered":"RandM Tornado 7000 Cherry"},"content":{"rendered":"<h2 class=\"text-xl font-bold text-text-100 mt-1 -mb-0.5\">Jednorazowy e-papieros RandM Tornado 7000 Cherry<\/h2>\n<p class=\"whitespace-normal break-words\">Rozkoszuj si\u0119 klasyczn\u0105 s\u0142odycz\u0105 dzi\u0119ki smakowi RandM Tornado 7000 Cherry. Ta ponadczasowa owocowa wariacja oddaje czyst\u0105 esencj\u0119 w pe\u0142ni dojrza\u0142ych wi\u015bni i oferuje autentyczny, s\u0142odko-kwa\u015bny smak, kt\u00f3ry nigdy nie wychodzi z mody. Zaawansowany system jednorazowego u\u017cytku pozwala na 7000 zaci\u0105gni\u0119\u0107 owocowej przyjemno\u015bci, wspieranej przez pot\u0119\u017cny akumulator o pojemno\u015bci 850 mAh. Pojemny, wst\u0119pnie nape\u0142niony zbiornik o pojemno\u015bci 14 ml eliminuje potrzeb\u0119 uzupe\u0142niania i zapewnia tygodnie satysfakcji. Inteligentna aktywacja inhalacji dzia\u0142a natychmiast przy ka\u017cdym zaci\u0105gni\u0119ciu, a modu\u0142owa regulacja przep\u0142ywu powietrza umo\u017cliwia szeroki wyb\u00f3r styl\u00f3w waporyzacji.<\/p>\n<h3 class=\"text-lg font-bold text-text-100 mt-1 -mb-1.5\">Wyposa\u017cenie techniczne<\/h3>\n<p class=\"whitespace-normal break-words\"><strong>Akumulator:<\/strong> 850 mAh zainstalowany na sta\u0142e (akumulator)<br \/>\n<strong>Wydajno\u015b\u0107 wyj\u015bciowa:<\/strong> Sta\u0142a i efektywna produkcja pary<br \/>\n<strong>Zbiornik E-Juice:<\/strong> 14 ml ca\u0142kowicie nape\u0142niony<br \/>\n<strong>Opcje zawarto\u015bci nikotyny:<\/strong> Do wyboru 0%, 2%, 3% lub 5%<br \/>\n<strong>Pojemno\u015b\u0107 trakcyjna:<\/strong> Oko\u0142o 7000 inhalacji na urz\u0105dzenie<br \/>\n<strong>Kontrola wentylacji:<\/strong> Regulowane nat\u0119\u017cenie przep\u0142ywu powietrza<br \/>\n<strong>Najwa\u017cniejszy projekt:<\/strong> Kolorowy pokaz \u015bwietlny RGB<\/p>\n<h3 class=\"text-lg font-bold text-text-100 mt-1 -mb-1.5\">Odkryj wi\u0119cej FUMOT VAPE na vozolpuff<\/h3>\n<p class=\"whitespace-normal break-words\">Odwied\u017a nasz\u0105 stron\u0119 <strong><a class=\"underline\" href=\"https:\/\/vozolpuff.de\/pl\/\">Centrum waporyzacji<\/a><\/strong> Aby uzyska\u0107 szerszy wyb\u00f3r produkt\u00f3w premium, zapoznaj si\u0119 z wszechstronn\u0105 ofert\u0105 <strong><a class=\"underline\" href=\"https:\/\/vozolpuff.de\/pl\/product-category\/fumot-vape\/\">Marka FUMOT VAPE<\/a><\/strong> lub wybierz jedn\u0105 z naszych <strong><a class=\"underline\" href=\"https:\/\/vozolpuff.de\/pl\/product-category\/fumot-vape\/randm-tornado-7000\/\">Kreacje RandM Tornado 7000<\/a><\/strong>.<\/p>","protected":false},"excerpt":{"rendered":"<div>\n<div class=\"grid-cols-1 grid gap-2.5 [&amp;_&gt;_*]:min-w-0 !gap-3.5\">\n<p class=\"whitespace-normal break-words\">Genie\u00dfen Sie klassische S\u00fc\u00dfe mit der RandM Tornado 7000 Cherry Einweg-Vape. Der authentische s\u00fc\u00df-s\u00e4uerliche Kirschgeschmack vollreifer Fr\u00fcchte bietet zeitloses Dampfvergn\u00fcgen. Mit kraftvollem 850mAh Akku, gro\u00dfz\u00fcgigem 14ml Liquidtank und 7000 fruchtigen Z\u00fcgen f\u00fcr langanhaltenden Genuss mit RGB-Beleuchtung.<\/p>\n<\/div>\n<\/div>\n<div class=\"h-8\"><\/div>\n","protected":false},"featured_media":3942,"comment_status":"open","ping_status":"closed","template":"","meta":{"_acf_changed":false},"product_brand":[],"product_cat":[50],"product_tag":[],"class_list":{"0":"post-3938","1":"product","2":"type-product","3":"status-publish","4":"has-post-thumbnail","6":"product_cat-randm-tornado-7000","8":"first","9":"instock","10":"shipping-taxable","11":"purchasable","12":"product-type-variable"},"acf":[],"_links":{"self":[{"href":"https:\/\/vozolpuff.de\/pl\/wp-json\/wp\/v2\/product\/3938","targetHints":{"allow":["GET"]}}],"collection":[{"href":"https:\/\/vozolpuff.de\/pl\/wp-json\/wp\/v2\/product"}],"about":[{"href":"https:\/\/vozolpuff.de\/pl\/wp-json\/wp\/v2\/types\/product"}],"replies":[{"embeddable":true,"href":"https:\/\/vozolpuff.de\/pl\/wp-json\/wp\/v2\/comments?post=3938"}],"wp:featuredmedia":[{"embeddable":true,"href":"https:\/\/vozolpuff.de\/pl\/wp-json\/wp\/v2\/media\/3942"}],"wp:attachment":[{"href":"https:\/\/vozolpuff.de\/pl\/wp-json\/wp\/v2\/media?parent=3938"}],"wp:term":[{"taxonomy":"product_brand","embeddable":true,"href":"https:\/\/vozolpuff.de\/pl\/wp-json\/wp\/v2\/product_brand?post=3938"},{"taxonomy":"product_cat","embeddable":true,"href":"https:\/\/vozolpuff.de\/pl\/wp-json\/wp\/v2\/product_cat?post=3938"},{"taxonomy":"product_tag","embeddable":true,"href":"https:\/\/vozolpuff.de\/pl\/wp-json\/wp\/v2\/product_tag?post=3938"}],"curies":[{"name":"wp","href":"https:\/\/api.w.org\/{rel}","templated":true}]}}