{"id":3947,"date":"2025-09-10T06:00:40","date_gmt":"2025-09-10T04:00:40","guid":{"rendered":"https:\/\/vozolpuff.de\/?post_type=product&#038;p=3947"},"modified":"2025-09-10T06:00:40","modified_gmt":"2025-09-10T04:00:40","slug":"randm-tornado-7000-blue-razz-cherry","status":"publish","type":"product","link":"https:\/\/vozolpuff.de\/pl\/produkt\/randm-tornado-7000-blue-razz-cherry\/","title":{"rendered":"RandM Tornado 7000 Blue Razz Cherry"},"content":{"rendered":"<h2 class=\"text-xl font-bold text-text-100 mt-1 -mb-0.5\">RandM Tornado 7000 Blue Razz Cherry Jednorazowy e-papieros<\/h2>\n<p class=\"whitespace-normal break-words\">Do\u015bwiadcz ekscytuj\u0105cej fuzji smak\u00f3w dzi\u0119ki RandM Tornado 7000 Blue Razz Cherry Edition. Ta innowacyjna kombinacja \u0142\u0105czy intensywn\u0105 s\u0142odycz niebieskich malin z klasyczn\u0105 nut\u0105 wi\u015bni, tworz\u0105c nieodparte doznania smakowe, kt\u00f3re s\u0105 zar\u00f3wno znajome, jak i zaskakuj\u0105ce. Ten wydajny jednorazowy system do wapowania zapewnia imponuj\u0105ce 7000 zaci\u0105gni\u0119\u0107 tej wyj\u0105tkowej mieszanki, zasilanej przez wytrzyma\u0142y modu\u0142 akumulatora 850 mAh. Pojemny zbiornik na p\u0142yn o pojemno\u015bci 14 ml zapewnia d\u0142ugotrwa\u0142\u0105 przyjemno\u015b\u0107 bez przerw. Szybka aktywacja zaci\u0105gni\u0119cia uruchamia si\u0119 natychmiast przy ka\u017cdym wdechu, a regulowana technologia przep\u0142ywu powietrza zapewnia maksymaln\u0105 kontrol\u0119.<\/p>\n<h3 class=\"text-lg font-bold text-text-100 mt-1 -mb-1.5\">Szczeg\u00f3\u0142y dotycz\u0105ce urz\u0105dzenia<\/h3>\n<p class=\"whitespace-normal break-words\"><strong>System zasilania:<\/strong> Wbudowany akumulator 850 mAh (\u0142adowalny)<br \/>\n<strong>Wydajno\u015b\u0107 pary:<\/strong> Sp\u00f3jna i zoptymalizowana dostawa<br \/>\n<strong>Obj\u0119to\u015b\u0107 cieczy:<\/strong> 14 ml gotowe do u\u017cycia<br \/>\n<strong>Wyb\u00f3r nikotyny:<\/strong> Dost\u0119pne modele 0%, 2%, 3% lub 5%<br \/>\n<strong>Liczba par:<\/strong> Mo\u017cliwo\u015b\u0107 przewiezienia oko\u0142o 7000 poci\u0105g\u00f3w<br \/>\n<strong>System przep\u0142ywu powietrza:<\/strong> Indywidualnie regulowana wentylacja<br \/>\n<strong>Funkcja optyczna:<\/strong> Zintegrowane o\u015bwietlenie RGB<\/p>\n<h3 class=\"text-lg font-bold text-text-100 mt-1 -mb-1.5\">Odkryj wi\u0119cej FUMOT VAPE na vozolpuff<\/h3>\n<p class=\"whitespace-normal break-words\">Zanurz si\u0119 w naszym <strong><a class=\"underline\" href=\"https:\/\/vozolpuff.de\/pl\/\">Raj dla e-papieros\u00f3w<\/a><\/strong> z jeszcze wi\u0119ksz\u0105 liczb\u0105 wysokiej jako\u015bci opcji, odkryj innowacyjn\u0105 <strong><a class=\"underline\" href=\"https:\/\/vozolpuff.de\/pl\/product-category\/fumot-vape\/\">Technologia FUMOT VAPE<\/a><\/strong> lub eksperymentuj z innymi <strong><a class=\"underline\" href=\"https:\/\/vozolpuff.de\/pl\/product-category\/fumot-vape\/randm-tornado-7000\/\">Kombinacje RandM Tornado 7000<\/a><\/strong>.<\/p>","protected":false},"excerpt":{"rendered":"<div>\n<div class=\"grid-cols-1 grid gap-2.5 [&amp;_&gt;_*]:min-w-0 !gap-3.5\">\n<p class=\"whitespace-normal break-words\">Entdecken Sie die aufregende Geschmacksfusion der RandM Tornado 7000 Blue Razz Cherry Einweg-Vape. Die innovative Kombination aus intensiv s\u00fc\u00dfen blauen Himbeeren und klassischen Kirschen kreiert ein unwiderstehliches Geschmackserlebnis. Mit robustem 850mAh Akku, 14ml Tank und 7000 einzigartigen Z\u00fcgen.<\/p>\n<\/div>\n<\/div>\n<div class=\"h-8\"><\/div>\n","protected":false},"featured_media":3951,"comment_status":"open","ping_status":"closed","template":"","meta":{"_acf_changed":false},"product_brand":[],"product_cat":[50],"product_tag":[],"class_list":{"0":"post-3947","1":"product","2":"type-product","3":"status-publish","4":"has-post-thumbnail","6":"product_cat-randm-tornado-7000","8":"first","9":"instock","10":"shipping-taxable","11":"purchasable","12":"product-type-variable"},"acf":[],"_links":{"self":[{"href":"https:\/\/vozolpuff.de\/pl\/wp-json\/wp\/v2\/product\/3947","targetHints":{"allow":["GET"]}}],"collection":[{"href":"https:\/\/vozolpuff.de\/pl\/wp-json\/wp\/v2\/product"}],"about":[{"href":"https:\/\/vozolpuff.de\/pl\/wp-json\/wp\/v2\/types\/product"}],"replies":[{"embeddable":true,"href":"https:\/\/vozolpuff.de\/pl\/wp-json\/wp\/v2\/comments?post=3947"}],"wp:featuredmedia":[{"embeddable":true,"href":"https:\/\/vozolpuff.de\/pl\/wp-json\/wp\/v2\/media\/3951"}],"wp:attachment":[{"href":"https:\/\/vozolpuff.de\/pl\/wp-json\/wp\/v2\/media?parent=3947"}],"wp:term":[{"taxonomy":"product_brand","embeddable":true,"href":"https:\/\/vozolpuff.de\/pl\/wp-json\/wp\/v2\/product_brand?post=3947"},{"taxonomy":"product_cat","embeddable":true,"href":"https:\/\/vozolpuff.de\/pl\/wp-json\/wp\/v2\/product_cat?post=3947"},{"taxonomy":"product_tag","embeddable":true,"href":"https:\/\/vozolpuff.de\/pl\/wp-json\/wp\/v2\/product_tag?post=3947"}],"curies":[{"name":"wp","href":"https:\/\/api.w.org\/{rel}","templated":true}]}}