{"id":3956,"date":"2025-09-10T06:03:10","date_gmt":"2025-09-10T04:03:10","guid":{"rendered":"https:\/\/vozolpuff.de\/?post_type=product&#038;p=3956"},"modified":"2025-09-10T06:03:10","modified_gmt":"2025-09-10T04:03:10","slug":"randm-tornado-7000-skittles","status":"publish","type":"product","link":"https:\/\/vozolpuff.de\/pl\/produkt\/randm-tornado-7000-skittles\/","title":{"rendered":"RandM Tornado 7000 Skittles"},"content":{"rendered":"<h2 class=\"text-xl font-bold text-text-100 mt-1 -mb-0.5\">Jednorazowy e-papieros RandM Tornado 7000 Skittles<\/h2>\n<p class=\"whitespace-normal break-words\">Zasmakuj t\u0119czy dzi\u0119ki smakowi RandM Tornado 7000 Skittles. Ta nostalgiczna interpretacja s\u0142odyczy przenosi kultow\u0105 mieszank\u0119 r\u00f3\u017cnych smak\u00f3w owocowych bezpo\u015brednio do waporyzacji, przywo\u0142uj\u0105c wspomnienia z dzieci\u0144stwa z ka\u017cdym zaci\u0105gni\u0119ciem. Najnowocze\u015bniejsze urz\u0105dzenie jednorazowego u\u017cytku zapewnia wyj\u0105tkowe 7000 zaci\u0105gni\u0119\u0107 kolorow\u0105 zabaw\u0105 smakow\u0105, zasilan\u0105 d\u0142ugotrwa\u0142\u0105 bateri\u0105 litow\u0105 850 mAh. Pojemny zbiornik e-liquidu o pojemno\u015bci 14 ml zapewnia tygodnie przyjemno\u015bci bez konieczno\u015bci konserwacji. Aktywacja wdechu bez wysi\u0142ku reaguje natychmiast na ka\u017cde zaci\u0105gni\u0119cie, a funkcja regulowanego przep\u0142ywu powietrza uwzgl\u0119dnia osobiste preferencje dotycz\u0105ce pary.<\/p>\n<h3 class=\"text-lg font-bold text-text-100 mt-1 -mb-1.5\">W\u0142a\u015bciwo\u015bci sprz\u0119tu<\/h3>\n<p class=\"whitespace-normal break-words\"><strong>\u0179r\u00f3d\u0142o energii:<\/strong> 850 mAh zamontowany na sta\u0142e (akumulator)<br \/>\n<strong>Wytwarzanie pary:<\/strong> Niezawodne i ci\u0105g\u0142e dzia\u0142anie<br \/>\n<strong>Pojemno\u015b\u0107 zbiornika:<\/strong> 14 ml ca\u0142kowicie przygotowane<br \/>\n<strong>Moc nikotyny:<\/strong> 0%, 2%, 3% lub 5% do wyboru<br \/>\n<strong>Pojemno\u015b\u0107 dmuchawy:<\/strong> Oko\u0142o 7 000 inhalacji<br \/>\n<strong>Funkcja wentylacji:<\/strong> Zmienne ustawienie przep\u0142ywu powietrza<br \/>\n<strong>Light-Show:<\/strong> Wielokolorowe pod\u015bwietlenie RGB<\/p>\n<h3 class=\"text-lg font-bold text-text-100 mt-1 -mb-1.5\">Odkryj wi\u0119cej FUMOT VAPE na vozolpuff<\/h3>\n<p class=\"whitespace-normal break-words\">Poznaj nasze <strong><a class=\"underline\" href=\"https:\/\/vozolpuff.de\/pl\/\">Asortyment Vape<\/a><\/strong> Aby uzyska\u0107 jeszcze wi\u0119cej fantastycznych smak\u00f3w, przejrzyj ca\u0142\u0105 ofert\u0119 <strong><a class=\"underline\" href=\"https:\/\/vozolpuff.de\/pl\/product-category\/fumot-vape\/\">Odmiana FUMOT VAPE<\/a><\/strong> lub pozwoli\u0107 innym sobie pom\u00f3c <strong><a class=\"underline\" href=\"https:\/\/vozolpuff.de\/pl\/product-category\/fumot-vape\/randm-tornado-7000\/\">Najwa\u017cniejsze cechy RandM Tornado 7000<\/a><\/strong> niespodzianka.<\/p>","protected":false},"excerpt":{"rendered":"<div>\n<div class=\"grid-cols-1 grid gap-2.5 [&amp;_&gt;_*]:min-w-0 !gap-3.5\">\n<p class=\"whitespace-normal break-words\">Schmecken Sie den Regenbogen mit der RandM Tornado 7000 Skittles Einweg-Vape. Die nostalgische S\u00fc\u00dfwaren-Interpretation bringt die ikonische Mischung verschiedener Fruchtaromen direkt zu Ihnen und weckt Kindheitserinnerungen. Mit 850mAh Akku, 14ml Tank und 7000 bunten Z\u00fcgen plus RGB-Beleuchtung.<\/p>\n<\/div>\n<\/div>\n<div class=\"h-8\"><\/div>\n","protected":false},"featured_media":3960,"comment_status":"open","ping_status":"closed","template":"","meta":{"_acf_changed":false},"product_brand":[],"product_cat":[50],"product_tag":[],"class_list":{"0":"post-3956","1":"product","2":"type-product","3":"status-publish","4":"has-post-thumbnail","6":"product_cat-randm-tornado-7000","8":"first","9":"instock","10":"shipping-taxable","11":"purchasable","12":"product-type-variable"},"acf":[],"_links":{"self":[{"href":"https:\/\/vozolpuff.de\/pl\/wp-json\/wp\/v2\/product\/3956","targetHints":{"allow":["GET"]}}],"collection":[{"href":"https:\/\/vozolpuff.de\/pl\/wp-json\/wp\/v2\/product"}],"about":[{"href":"https:\/\/vozolpuff.de\/pl\/wp-json\/wp\/v2\/types\/product"}],"replies":[{"embeddable":true,"href":"https:\/\/vozolpuff.de\/pl\/wp-json\/wp\/v2\/comments?post=3956"}],"wp:featuredmedia":[{"embeddable":true,"href":"https:\/\/vozolpuff.de\/pl\/wp-json\/wp\/v2\/media\/3960"}],"wp:attachment":[{"href":"https:\/\/vozolpuff.de\/pl\/wp-json\/wp\/v2\/media?parent=3956"}],"wp:term":[{"taxonomy":"product_brand","embeddable":true,"href":"https:\/\/vozolpuff.de\/pl\/wp-json\/wp\/v2\/product_brand?post=3956"},{"taxonomy":"product_cat","embeddable":true,"href":"https:\/\/vozolpuff.de\/pl\/wp-json\/wp\/v2\/product_cat?post=3956"},{"taxonomy":"product_tag","embeddable":true,"href":"https:\/\/vozolpuff.de\/pl\/wp-json\/wp\/v2\/product_tag?post=3956"}],"curies":[{"name":"wp","href":"https:\/\/api.w.org\/{rel}","templated":true}]}}