{"id":3965,"date":"2025-09-10T06:06:00","date_gmt":"2025-09-10T04:06:00","guid":{"rendered":"https:\/\/vozolpuff.de\/?post_type=product&#038;p=3965"},"modified":"2025-09-10T06:06:00","modified_gmt":"2025-09-10T04:06:00","slug":"randm-tornado-7000-blueberry-raspberry","status":"publish","type":"product","link":"https:\/\/vozolpuff.de\/pl\/produkt\/randm-tornado-7000-blueberry-raspberry\/","title":{"rendered":"RandM Tornado 7000 Jagoda Malina"},"content":{"rendered":"<h2 class=\"text-xl font-bold text-text-100 mt-1 -mb-0.5\">RandM Tornado 7000 Blueberry Raspberry Jednorazowy e-papieros<\/h2>\n<p class=\"whitespace-normal break-words\">Zanurz si\u0119 w idealnej symfonii jag\u00f3d dzi\u0119ki wersji RandM Tornado 7000 Blueberry Raspberry. Ta harmonijna kompozycja owocowa \u0142\u0105czy \u0142agodn\u0105 s\u0142odycz jag\u00f3d z \u017cyw\u0105 kwaskowato\u015bci\u0105 malin, tworz\u0105c zr\u00f3wnowa\u017cony i orze\u017awiaj\u0105cy profil smakowy. Ten wysokiej jako\u015bci jednorazowy system vape zapewnia do 7000 zaci\u0105gni\u0119\u0107 tego pysznego duetu jagodowego, wspieranego przez wydajny modu\u0142 energetyczny 850 mAh. Pojemny zbiornik na p\u0142yn o pojemno\u015bci 14 ml eliminuje konieczno\u015b\u0107 uzupe\u0142niania i gwarantuje d\u0142ugotrwa\u0142\u0105 przyjemno\u015b\u0107 owocow\u0105. Technologia natychmiastowej aktywacji zaci\u0105gania uruchamia si\u0119 przy ka\u017cdym wdechu, a regulowany dop\u0142yw powietrza pozwala dostosowa\u0107 styl wapowania do indywidualnych preferencji.<\/p>\n<h3 class=\"text-lg font-bold text-text-100 mt-1 -mb-1.5\">Cechy wyposa\u017cenia<\/h3>\n<p class=\"whitespace-normal break-words\"><strong>Pojemno\u015b\u0107 akumulatora:<\/strong> 850 mAh zainstalowana na sta\u0142e (\u0142adowalna)<br \/>\n<strong>Moc wyj\u015bciowa:<\/strong> Stabilna i wydajna dystrybucja energii<br \/>\n<strong>Ilo\u015b\u0107 e-liquidu:<\/strong> 14 ml ca\u0142kowicie nape\u0142nione<br \/>\n<strong>St\u0119\u017cenia nikotyny:<\/strong> Dost\u0119pne modele: 0%, 2%, 3% lub 5%<br \/>\n<strong>Liczba inhalacji:<\/strong> Oko\u0142o 7000 poci\u0105g\u00f3w parowych na jednostk\u0119<br \/>\n<strong>Zarz\u0105dzanie przep\u0142ywem powietrza:<\/strong> Regulowana przepuszczalno\u015b\u0107 powietrza<br \/>\n<strong>Efekt wizualny:<\/strong> Kolorowe efekty \u015bwietlne RGB<\/p>\n<h3 class=\"text-lg font-bold text-text-100 mt-1 -mb-1.5\">Odkryj wi\u0119cej FUMOT VAPE na vozolpuff<\/h3>\n<p class=\"whitespace-normal break-words\">Zapoznaj si\u0119 z nasz\u0105 ofert\u0105 <strong><a class=\"underline\" href=\"https:\/\/vozolpuff.de\/pl\/\">Sklep Premium Vape<\/a><\/strong> szukasz innych najlepszych produkt\u00f3w, zapoznaj si\u0119 z pe\u0142n\u0105 ofert\u0105 <strong><a class=\"underline\" href=\"https:\/\/vozolpuff.de\/pl\/product-category\/fumot-vape\/\">FUMOT VAPE Wszech\u015bwiat<\/a><\/strong> lub spr\u00f3buj innych kusz\u0105cych <strong><a class=\"underline\" href=\"https:\/\/vozolpuff.de\/pl\/product-category\/fumot-vape\/randm-tornado-7000\/\">RandM Tornado 7000 Profile smakowe<\/a><\/strong> z.<\/p>","protected":false},"excerpt":{"rendered":"<div>\n<div class=\"grid-cols-1 grid gap-2.5 [&amp;_&gt;_*]:min-w-0 !gap-3.5\">\n<p class=\"whitespace-normal break-words\">Genie\u00dfen Sie die perfekte Beeren-Symphonie mit der RandM Tornado 7000 Blueberry Raspberry Einweg-Vape. Die harmonische Komposition aus mild s\u00fc\u00dfen Blaubeeren und lebendiger Himbeers\u00e4ure kreiert ein ausgewogenes Geschmacksprofil. Mit 850mAh Akku, 14ml Tank und 7000 k\u00f6stlichen Z\u00fcgen plus RGB-Beleuchtung.<\/p>\n<\/div>\n<\/div>\n<div class=\"h-8\"><\/div>\n","protected":false},"featured_media":3969,"comment_status":"open","ping_status":"closed","template":"","meta":{"_acf_changed":false},"product_brand":[],"product_cat":[50],"product_tag":[],"class_list":{"0":"post-3965","1":"product","2":"type-product","3":"status-publish","4":"has-post-thumbnail","6":"product_cat-randm-tornado-7000","8":"first","9":"instock","10":"shipping-taxable","11":"purchasable","12":"product-type-variable"},"acf":[],"_links":{"self":[{"href":"https:\/\/vozolpuff.de\/pl\/wp-json\/wp\/v2\/product\/3965","targetHints":{"allow":["GET"]}}],"collection":[{"href":"https:\/\/vozolpuff.de\/pl\/wp-json\/wp\/v2\/product"}],"about":[{"href":"https:\/\/vozolpuff.de\/pl\/wp-json\/wp\/v2\/types\/product"}],"replies":[{"embeddable":true,"href":"https:\/\/vozolpuff.de\/pl\/wp-json\/wp\/v2\/comments?post=3965"}],"wp:featuredmedia":[{"embeddable":true,"href":"https:\/\/vozolpuff.de\/pl\/wp-json\/wp\/v2\/media\/3969"}],"wp:attachment":[{"href":"https:\/\/vozolpuff.de\/pl\/wp-json\/wp\/v2\/media?parent=3965"}],"wp:term":[{"taxonomy":"product_brand","embeddable":true,"href":"https:\/\/vozolpuff.de\/pl\/wp-json\/wp\/v2\/product_brand?post=3965"},{"taxonomy":"product_cat","embeddable":true,"href":"https:\/\/vozolpuff.de\/pl\/wp-json\/wp\/v2\/product_cat?post=3965"},{"taxonomy":"product_tag","embeddable":true,"href":"https:\/\/vozolpuff.de\/pl\/wp-json\/wp\/v2\/product_tag?post=3965"}],"curies":[{"name":"wp","href":"https:\/\/api.w.org\/{rel}","templated":true}]}}