{"id":4001,"date":"2025-09-10T10:24:29","date_gmt":"2025-09-10T08:24:29","guid":{"rendered":"https:\/\/vozolpuff.de\/?post_type=product&#038;p=4001"},"modified":"2025-09-10T10:25:29","modified_gmt":"2025-09-10T08:25:29","slug":"randm-tornado-7000-cherry-cola","status":"publish","type":"product","link":"https:\/\/vozolpuff.de\/pl\/produkt\/randm-tornado-7000-cherry-cola\/","title":{"rendered":"RandM Tornado 7000 Cherry Cola"},"content":{"rendered":"<h2 class=\"text-xl font-bold text-text-100 mt-1 -mb-0.5\">RandM Tornado 7000 Cherry Cola Klasyczny jednorazowy vape<\/h2>\n<p class=\"whitespace-normal break-words\">Ciesz si\u0119 nostalgicznym smakiem Cherry Cola dzi\u0119ki innowacyjnemu RandM Tornado 7000. Ten wyj\u0105tkowy smak \u0142\u0105czy s\u0142odkie wi\u015bnie z musuj\u0105cym smakiem klasycznej coli, oferuj\u0105c 7000 zaci\u0105gni\u0119\u0107 z 14 ml zbiornika o elastycznej zawarto\u015bci nikotyny od 0% do 5%.<\/p>\n<h3 class=\"text-lg font-bold text-text-100 mt-1 -mb-1.5\">Cherry Cola Retro-Erlebnis:<\/h3>\n<p class=\"whitespace-normal break-words\">Wariant Cherry Cola przywo\u0142uje wspomnienia klasycznych napoj\u00f3w orze\u017awiaj\u0105cych i \u0142\u0105czy s\u0142odycz dojrza\u0142ych wi\u015bni z charakterystycznym aromatem coli. Ta niezwyk\u0142a mieszanka smak\u00f3w jest doskonale podkre\u015blona dzi\u0119ki najnowocze\u015bniejszej technologii parowania.<\/p>\n<p class=\"whitespace-normal break-words\">Wydajny system zasilania o pojemno\u015bci 850 mAh z szybkim \u0142adowaniem typu C gwarantuje niezawodne dzia\u0142anie, a precyzyjna regulacja przep\u0142ywu powietrza umo\u017cliwia indywidualne dostosowanie wra\u017ce\u0144 podczas wapowania. Po\u0142\u0105czenie tradycji i innowacji sprawia, \u017ce ten e-papieros jest wyj\u0105tkowy.<\/p>\n<p class=\"whitespace-normal break-words\">Natychmiastowa gotowo\u015b\u0107 do u\u017cycia dzi\u0119ki aktywacji za pomoc\u0105 poci\u0105gni\u0119cia oraz smuk\u0142a konstrukcja obudowy sprawiaj\u0105, \u017ce jest to idealny towarzysz dla wszystkich, kt\u00f3rzy ceni\u0105 sobie niezwyk\u0142e smaki.<\/p>\n<h3 class=\"text-lg font-bold text-text-100 mt-1 -mb-1.5\">Cherry Cola Dane urz\u0105dzenia:<\/h3>\n<p class=\"whitespace-normal break-words\">\u2611 0% \/ 2% \/ 3% \/ 5% Wyb\u00f3r nikotyny<br \/>\n\u2611 Pojemno\u015b\u0107 p\u0142ynu 14 ml<br \/>\n\u2611 Wydajno\u015b\u0107 7000 poci\u0105gni\u0119\u0107<br \/>\n\u2611 Regulowany przep\u0142yw powietrza<br \/>\n\u2611 Port szybkiego \u0142adowania USB-C<br \/>\n\u2611 Bateria o d\u0142ugiej \u017cywotno\u015bci 850 mAh<br \/>\n\u2611 Rozszerzona technologia Mesh-Coil<\/p>\n<p class=\"whitespace-normal break-words\">Przegl\u0105daj nasze <strong><a class=\"underline\" href=\"https:\/\/vozolpuff.de\/pl\/\">katalog g\u0142\u00f3wny<\/a><\/strong> szukaj innych opcji premium lub odkryj ekskluzywn\u0105 <strong><a class=\"underline\" href=\"https:\/\/vozolpuff.de\/pl\/product-category\/fumot-vape\/\">Kolekcja FUMOT VAPE<\/a><\/strong>. Wszystko <strong><a class=\"underline\" href=\"https:\/\/vozolpuff.de\/pl\/product-category\/fumot-vape\/randm-tornado-7000\/\">Smaki RandM Tornado 7000<\/a><\/strong> s\u0105 tylko jedno klikni\u0119cie dalej.<\/p>","protected":false},"excerpt":{"rendered":"<p class=\"whitespace-normal break-words\">Jednorazowy vape RandM Tornado 7000 Cherry Cola \u0142\u0105czy s\u0142odkie wi\u015bnie z klasycznym smakiem coli, zapewniaj\u0105c nostalgiczne doznania podczas wapowania. 7000 zaci\u0105gni\u0119\u0107, 14 ml e-liquidu, akumulator 850 mAh z \u0142adowaniem typu C. Cewka siatkowa zapewniaj\u0105ca autentyczne aromaty. Dost\u0119pny z nikotyn\u0105 0%, 2%, 3% i 5%.<\/p>\n<p class=\"whitespace-normal break-words\">","protected":false},"featured_media":4005,"comment_status":"open","ping_status":"closed","template":"","meta":{"_acf_changed":false},"product_brand":[],"product_cat":[50],"product_tag":[],"class_list":{"0":"post-4001","1":"product","2":"type-product","3":"status-publish","4":"has-post-thumbnail","6":"product_cat-randm-tornado-7000","8":"first","9":"instock","10":"shipping-taxable","11":"purchasable","12":"product-type-variable"},"acf":[],"_links":{"self":[{"href":"https:\/\/vozolpuff.de\/pl\/wp-json\/wp\/v2\/product\/4001","targetHints":{"allow":["GET"]}}],"collection":[{"href":"https:\/\/vozolpuff.de\/pl\/wp-json\/wp\/v2\/product"}],"about":[{"href":"https:\/\/vozolpuff.de\/pl\/wp-json\/wp\/v2\/types\/product"}],"replies":[{"embeddable":true,"href":"https:\/\/vozolpuff.de\/pl\/wp-json\/wp\/v2\/comments?post=4001"}],"wp:featuredmedia":[{"embeddable":true,"href":"https:\/\/vozolpuff.de\/pl\/wp-json\/wp\/v2\/media\/4005"}],"wp:attachment":[{"href":"https:\/\/vozolpuff.de\/pl\/wp-json\/wp\/v2\/media?parent=4001"}],"wp:term":[{"taxonomy":"product_brand","embeddable":true,"href":"https:\/\/vozolpuff.de\/pl\/wp-json\/wp\/v2\/product_brand?post=4001"},{"taxonomy":"product_cat","embeddable":true,"href":"https:\/\/vozolpuff.de\/pl\/wp-json\/wp\/v2\/product_cat?post=4001"},{"taxonomy":"product_tag","embeddable":true,"href":"https:\/\/vozolpuff.de\/pl\/wp-json\/wp\/v2\/product_tag?post=4001"}],"curies":[{"name":"wp","href":"https:\/\/api.w.org\/{rel}","templated":true}]}}